{"id":817,"date":"2018-03-07T00:40:37","date_gmt":"2018-03-06T23:40:37","guid":{"rendered":"http:\/\/shop.mittgard.de\/?product=import-placeholder-for-232"},"modified":"2026-03-25T12:33:46","modified_gmt":"2026-03-25T11:33:46","slug":"indigo-100g","status":"publish","type":"product","link":"https:\/\/shop.mittgard.de\/?product=indigo-100g","title":{"rendered":"Indigo, gemahlen (100g)"},"content":{"rendered":"<p>gemahlen<\/p>\n<p>f\u00e4rbt blau<\/p>\n<blockquote>\n<p class=\"western\" align=\"center\">F\u00e4rben mit Indigo \u2013 Blau<\/p>\n<p class=\"western\"><strong>Indigo auf Schwefels\u00e4urebasis \u2013 Verfahren f\u00fcr Seide und Wolle<\/strong><\/p>\n<p class=\"western\">Beize: 20 g Alaun, 2 g Weinstein<\/p>\n<p class=\"western\">F\u00e4rben: 25 g rauchende Schwefels\u00e4ure (12,5 ml) und 3 g fein pulverisierter Indigo werden in einem dickwandigen, gut verschlie\u00dfbaren Glasgef\u00e4\u00df mit einem Glasstab so lange ger\u00fchrt, bis eine dickfl\u00fcssige Paste entsteht. Diesen Vorgang so oft wiederholen, bis die richtige Menge erreicht ist (nicht gleich eine gr\u00f6\u00dfere Menge anr\u00fchren). F\u00fcr 100 g Stoff ben\u00f6tigt man 12 ml Indigopaste. Das gut verschlossene Gef\u00e4\u00df mit der Paste an einen lauwarmen Platz stellen und 24 Stunden ruhen lassen. Sie l\u00e4\u00dft sich ca. 3 Monate aufbewahren.<\/p>\n<p class=\"western\">5 l Wasser auf 50\u00b0C erw\u00e4rmen, 3 Tropfen Indigo \u2013 Schwefel \u2013 Mischung zuf\u00fcgen und mit dem Glasstab verr\u00fchren. Das F\u00e4rbegut eintauchen und wenden. Der Indigo wird von dem Material aufgenommen. Sobald das Wasser wieder klar ist, wird das F\u00e4rbegut herausgenommen, und es werden wieder 3 Tropfen Indigo zugesetzt. Dieser Vorgang wird solange wiederholt, bis das gew\u00fcnschte Blau erreicht ist. Wichtig: Die Indigomischung nie in kochendes Wasser geben, da die S\u00e4ure den Inhalt \u00fcberlaufen l\u00e4\u00dft.<\/p>\n<p class=\"western\"><strong>Indigo auf Hydrosulfitbasis \u2013 Verfahren f\u00fcr 100 g Wolle oder Seide<\/strong><\/p>\n<p class=\"western\">Stammk\u00fcpe: 4 g Indigo, 3 g Na \u2013 Dithionit, 3 ml Natronlauge 32%ig, ca. 100 ml Wasser<\/p>\n<p class=\"western\">&#8211; Indigo mit wenig warmen Wasser anteigen<\/p>\n<p class=\"western\">&#8211; Natronlauge dazugeben<\/p>\n<p class=\"western\">&#8211; Rest Wasser dazu<\/p>\n<p class=\"western\">&#8211; Auf 50\u00b0C \u2013 55\u00b0C im Wasserbad erw\u00e4rmen<\/p>\n<p class=\"western\">&#8211; Na \u2013 Dithionit reinrieseln lassen, bis zum Rand mit warmen Wasser auff\u00fcllen, umr\u00fchren, mit Deckel verschlie\u00dfen<\/p>\n<p class=\"western\">&#8211; 20 \u2013 25 Min. Im Wasserbad bei 50\u00b0C \u2013 55\u00b0C stehenlassen. L\u00f6sung f\u00e4rbt sich gr\u00fcnlich und wird immer brauner<\/p>\n<p class=\"western\">K\u00fcpenbad: 5 l Wasser, 1 Messerspitze Gelatine, ca. 5 ml Ammoniak 25% (Salmiakgeist), ca. 5 g Na \u2013 Dithionit<\/p>\n<p class=\"western\">&#8211; Wasser auf 50\u00b0C \u2013 55\u00b0C erw\u00e4rmen<\/p>\n<p class=\"western\">&#8211; Gelatine in etwas kaltem Wasser 10 Min. quellen lassen<\/p>\n<p class=\"western\">&#8211; Zun\u00e4chst 2 ml Ammoniak dazugeben, umr\u00fchren<\/p>\n<p class=\"western\">&#8211; Na \u2013 Dithionit dazugeben, umr\u00fchren<\/p>\n<p class=\"western\">&#8211; Mit pH \u2013 Papier pr\u00fcfen ob schwach alkalisch, ansonsten Ammoniak nachgeben<\/p>\n<p class=\"western\">&#8211; Stammk\u00fcpe dazugeben, vorsichtig r\u00fchren, 20 min. ruhen lassen<\/p>\n<p class=\"western\">&#8211; F\u00e4rben ca. 20 Min., Wolle gut durch gefeuchtet und geschleudert bzw. ausgewrungen<\/p>\n<p class=\"western\">&#8211; Vor jeder F\u00e4rbung pH \u2013 Wert \u00fcberpr\u00fcfen<\/p>\n<p class=\"western\">&#8211; Wolle aus dem Farbbad nehmen, schleudern (nicht sp\u00fclen) und 15 Min. an der Luft verblauen lassen<\/p>\n<p class=\"western\">&#8211; Abs\u00e4uern: 15 Min. in 10 l hei\u00dfem Wasser + 2 EL Essigessenz bzw. Eisessig<\/p>\n<p class=\"western\"><strong>Indigo auf Hydrosulfitbasis \u2013 Verfahren f\u00fcr 500 g Leinen oder Baumwolle<\/strong><\/p>\n<p class=\"western\">Stammk\u00fcpe: 30 g Indigo natur, 300 ml Wasser 50\u00b0C \u2013 60\u00b0C, 30 g Na \u2013 Dithionit, 20 g \u00c4tznatron = Natriumhydroxid<\/p>\n<p class=\"western\">&#8211; Indigo mit wenig warmen Wasser anteigen<\/p>\n<p class=\"western\">&#8211; Restliches Wasser dazur\u00fchren<\/p>\n<p class=\"western\">&#8211; \u00c4tznatron reinrieseln lassen<\/p>\n<p class=\"western\">&#8211; Na \u2013 Dithionit dazugeben, vorsichtig umr\u00fchren, mit Deckel verschlie\u00dfen<\/p>\n<p class=\"western\">&#8211; 20 min. im Wasserbad bei 50\u00b0C \u2013 60\u00b0C stehen lassen, K\u00fcpenrabe wird gelb bis br\u00e4unlich<\/p>\n<p class=\"western\">K\u00fcpenbad: 25 l Wasser, Zimmertemperatur, 25 g Pottasche (Kaliumkarbonat) oder 50 g Haushaltssoda (Natriumcarbonat), 10 \u2013 15 g Na \u2013 Dithionit<\/p>\n<p class=\"western\">&#8211; Pottasche bzw. Soda in etwas hei\u00dfem Wasser l\u00f6sen, in das K\u00fcpenbad geben, umr\u00fchren<\/p>\n<p class=\"western\">&#8211; Zun\u00e4chst nur 10 g Na \u2013 Dithionit hinzugeben, umr\u00fchren<\/p>\n<p class=\"western\">&#8211; Nach einer Ruhezeit von ca. 10 min. die Stammk\u00fcpe dazugeben<\/p>\n<p class=\"western\">&#8211; Pr\u00fcfung der K\u00fcpe: Die Farbe sollte gelb sein (pH &gt; 10). Falls sie bl\u00e4ulich ist, Na \u2013 Dithionit nachgeben. Die K\u00fcpe soll stark alkalisch sein. Mit pH \u2013 Papier pr\u00fcfen und gegebenenfalls Pottasche nachgeben<\/p>\n<p class=\"western\">&#8211; F\u00e4rben ca. 20 min. , f\u00fcr dunklere Farben mehrere, kurze Nachz\u00fcge von ca. 5 min. Gebleichte Baumwolle und Leinen k\u00f6nnen trocken in die K\u00fcpe gegeben werden. Ungebleichtes sollte vorher 1 \u2013 2 Stunden in einer Lauge mit 8 g Soda pro Liter im Flottenverh\u00e4ltnis 1 : 40 gekocht werden<\/p>\n<p class=\"western\">&#8211; 30 min. an der Luft oxidieren lassen<\/p>\n<p class=\"western\">&#8211; Sp\u00fclen und waschen<\/p>\n<\/blockquote>\n","protected":false},"excerpt":{"rendered":"<p>gemahlen f\u00e4rbt blau F\u00e4rben mit Indigo \u2013 Blau Indigo auf Schwefels\u00e4urebasis \u2013 Verfahren f\u00fcr Seide und Wolle Beize: 20 g Alaun, 2 g Weinstein F\u00e4rben: 25 g rauchende Schwefels\u00e4ure (12,5 ml) und 3 g fein pulverisierter Indigo werden in einem dickwandigen, gut verschlie\u00dfbaren Glasgef\u00e4\u00df mit einem Glasstab so lange ger\u00fchrt, bis eine dickfl\u00fcssige Paste entsteht. &hellip; <\/p>\n<p class=\"link-more\"><a href=\"https:\/\/shop.mittgard.de\/?product=indigo-100g\" class=\"more-link\"><span class=\"screen-reader-text\">\u201eIndigo, gemahlen (100g)\u201c <\/span>weiterlesen<\/a><\/p>\n","protected":false},"featured_media":8138,"template":"","meta":[],"product_brand":[],"product_cat":[38,16],"product_tag":[98],"class_list":{"0":"post-817","1":"product","2":"type-product","3":"status-publish","4":"has-post-thumbnail","6":"product_cat-faerbekraeuter","7":"product_cat-kraeuter","8":"product_tag-blau","9":"product_shipping_class-paket","11":"first","12":"instock","13":"taxable","14":"shipping-taxable","15":"purchasable","16":"product-type-simple"},"_links":{"self":[{"href":"https:\/\/shop.mittgard.de\/index.php?rest_route=\/wp\/v2\/product\/817","targetHints":{"allow":["GET"]}}],"collection":[{"href":"https:\/\/shop.mittgard.de\/index.php?rest_route=\/wp\/v2\/product"}],"about":[{"href":"https:\/\/shop.mittgard.de\/index.php?rest_route=\/wp\/v2\/types\/product"}],"wp:featuredmedia":[{"embeddable":true,"href":"https:\/\/shop.mittgard.de\/index.php?rest_route=\/wp\/v2\/media\/8138"}],"wp:attachment":[{"href":"https:\/\/shop.mittgard.de\/index.php?rest_route=%2Fwp%2Fv2%2Fmedia&parent=817"}],"wp:term":[{"taxonomy":"product_brand","embeddable":true,"href":"https:\/\/shop.mittgard.de\/index.php?rest_route=%2Fwp%2Fv2%2Fproduct_brand&post=817"},{"taxonomy":"product_cat","embeddable":true,"href":"https:\/\/shop.mittgard.de\/index.php?rest_route=%2Fwp%2Fv2%2Fproduct_cat&post=817"},{"taxonomy":"product_tag","embeddable":true,"href":"https:\/\/shop.mittgard.de\/index.php?rest_route=%2Fwp%2Fv2%2Fproduct_tag&post=817"}],"curies":[{"name":"wp","href":"https:\/\/api.w.org\/{rel}","templated":true}]}}