{"id":8218,"date":"2019-08-08T14:43:58","date_gmt":"2019-08-08T12:43:58","guid":{"rendered":"http:\/\/shop.mittgard.de\/?post_type=product&#038;p=8218"},"modified":"2024-12-15T15:57:33","modified_gmt":"2024-12-15T14:57:33","slug":"org-luci-van-geschichten-von-yggdrasil-hoerbuch","status":"publish","type":"product","link":"https:\/\/shop.mittgard.de\/?product=org-luci-van-geschichten-von-yggdrasil-hoerbuch","title":{"rendered":"Org, Luci van &#8222;Geschichten von Yggdrasil&#8220; H\u00f6rbuch"},"content":{"rendered":"<p>Ein H\u00f6rbuch f\u00fcr die ganze Familie!<\/p>\n<p>Der allererste Baum, der jemals irgendwo gewachsen ist, hei\u00dft Yggdrasil und ist unvorstellbar gro\u00df. So gro\u00df, dass er in seinen Zweigen und Wurzeln gleich neun ganze Welten beherbergt \u2013 und ihre Geschichten.<\/p>\n<p>Uralte Geschichten, Geschichten von G\u00f6ttern, Riesen und Menschen, von Alfen und Zwergen, von finsteren Drachen, tapferen Helden, gro\u00dfen Wahrsagerinnen und m\u00e4chtigen Zauberinnen\u2026<\/p>\n<p>In moderner, verst\u00e4ndlicher Sprache und nat\u00fcrlich mit ihrem unverwechselbaren Humor erweckt Luci van Org die nordischen G\u00f6ttersagen zu neuem Leben.<\/p>\n<p>Denn statt der x-ten Nacherz\u00e4hlung der alten Texte gibt es hier echte Geschichten zu lesen.<\/p>\n<p>F\u00fcr die heutige Zeit, aber immer ganz nah an den literarischen Quellen und historischen Fakten. Ganz von selbst vermittelt sich so beim Lesen auch eine Menge Hintergrundwissen zur vorchristlichen, germanischen Religion und zur Bedeutung der uralten Mythen \u2013 in deutlicher Abgrenzung zur rechten Ecke, unter deren Missbrauch der Ruf der uralten Geschichten bis heute leidet.<\/p>\n<p>MP3-CD mit Gesamtspielzeit von 8 Stunden 25 Minuten<\/p>\n","protected":false},"excerpt":{"rendered":"<p>1 MP3-CD<\/p>\n","protected":false},"featured_media":8219,"template":"","meta":[],"product_brand":[],"product_cat":[193,197,185],"product_tag":[348,336,525,252],"class_list":{"0":"post-8218","1":"product","2":"type-product","3":"status-publish","4":"has-post-thumbnail","6":"product_cat-germanen","7":"product_cat-kinderbuecher","8":"product_cat-literatur","9":"product_tag-edda","10":"product_tag-germanen","11":"product_tag-hoerbuch","12":"product_tag-kinder","13":"product_shipping_class-brief","15":"first","16":"onbackorder","17":"taxable","18":"shipping-taxable","19":"purchasable","20":"product-type-simple"},"_links":{"self":[{"href":"https:\/\/shop.mittgard.de\/index.php?rest_route=\/wp\/v2\/product\/8218","targetHints":{"allow":["GET"]}}],"collection":[{"href":"https:\/\/shop.mittgard.de\/index.php?rest_route=\/wp\/v2\/product"}],"about":[{"href":"https:\/\/shop.mittgard.de\/index.php?rest_route=\/wp\/v2\/types\/product"}],"wp:featuredmedia":[{"embeddable":true,"href":"https:\/\/shop.mittgard.de\/index.php?rest_route=\/wp\/v2\/media\/8219"}],"wp:attachment":[{"href":"https:\/\/shop.mittgard.de\/index.php?rest_route=%2Fwp%2Fv2%2Fmedia&parent=8218"}],"wp:term":[{"taxonomy":"product_brand","embeddable":true,"href":"https:\/\/shop.mittgard.de\/index.php?rest_route=%2Fwp%2Fv2%2Fproduct_brand&post=8218"},{"taxonomy":"product_cat","embeddable":true,"href":"https:\/\/shop.mittgard.de\/index.php?rest_route=%2Fwp%2Fv2%2Fproduct_cat&post=8218"},{"taxonomy":"product_tag","embeddable":true,"href":"https:\/\/shop.mittgard.de\/index.php?rest_route=%2Fwp%2Fv2%2Fproduct_tag&post=8218"}],"curies":[{"name":"wp","href":"https:\/\/api.w.org\/{rel}","templated":true}]}}