{"id":8228,"date":"2019-08-10T18:19:26","date_gmt":"2019-08-10T16:19:26","guid":{"rendered":"http:\/\/shop.mittgard.de\/?post_type=product&#038;p=8228"},"modified":"2025-03-03T14:41:51","modified_gmt":"2025-03-03T13:41:51","slug":"klapper-kultanhaenger-bronze","status":"publish","type":"product","link":"https:\/\/shop.mittgard.de\/?product=klapper-kultanhaenger-bronze","title":{"rendered":"Klapper-Kultanh\u00e4nger Bronze"},"content":{"rendered":"<p>Gr\u00f6\u00dfe ca. 4,8 cm an einem Ring von 2 cm Durchmesser<\/p>\n<p>typische Wikinger-Kultsymbole an einem Ring: Thorshammer f\u00fcr den Schutz, die Sichel f\u00fcr gute Ernte und das Feuerschlageisen f\u00fcr den heimatlichen Herd<\/p>\n<p>inklusive Lederband<\/p>\n","protected":false},"excerpt":{"rendered":"<p>Gr\u00f6\u00dfe ca. 4,8 cm an einem Ring von 2 cm Durchmesser typische Wikinger-Kultsymbole an einem Ring: Thorshammer f\u00fcr den Schutz, die Sichel f\u00fcr gute Ernte und das Feuerschlageisen f\u00fcr den heimatlichen Herd inklusive Lederband<\/p>\n","protected":false},"featured_media":8229,"template":"","meta":[],"product_brand":[],"product_cat":[474,455],"product_tag":[472,175,346,775],"class_list":{"0":"post-8228","1":"product","2":"type-product","3":"status-publish","4":"has-post-thumbnail","6":"product_cat-anhaenger","7":"product_cat-schmuck","8":"product_tag-bronze","9":"product_tag-schutz","10":"product_tag-thor","11":"product_tag-thorshammer","12":"product_shipping_class-brief","14":"first","15":"instock","16":"taxable","17":"shipping-taxable","18":"purchasable","19":"product-type-simple"},"_links":{"self":[{"href":"https:\/\/shop.mittgard.de\/index.php?rest_route=\/wp\/v2\/product\/8228","targetHints":{"allow":["GET"]}}],"collection":[{"href":"https:\/\/shop.mittgard.de\/index.php?rest_route=\/wp\/v2\/product"}],"about":[{"href":"https:\/\/shop.mittgard.de\/index.php?rest_route=\/wp\/v2\/types\/product"}],"wp:featuredmedia":[{"embeddable":true,"href":"https:\/\/shop.mittgard.de\/index.php?rest_route=\/wp\/v2\/media\/8229"}],"wp:attachment":[{"href":"https:\/\/shop.mittgard.de\/index.php?rest_route=%2Fwp%2Fv2%2Fmedia&parent=8228"}],"wp:term":[{"taxonomy":"product_brand","embeddable":true,"href":"https:\/\/shop.mittgard.de\/index.php?rest_route=%2Fwp%2Fv2%2Fproduct_brand&post=8228"},{"taxonomy":"product_cat","embeddable":true,"href":"https:\/\/shop.mittgard.de\/index.php?rest_route=%2Fwp%2Fv2%2Fproduct_cat&post=8228"},{"taxonomy":"product_tag","embeddable":true,"href":"https:\/\/shop.mittgard.de\/index.php?rest_route=%2Fwp%2Fv2%2Fproduct_tag&post=8228"}],"curies":[{"name":"wp","href":"https:\/\/api.w.org\/{rel}","templated":true}]}}