{"id":823,"date":"2018-03-07T00:40:38","date_gmt":"2018-03-06T23:40:38","guid":{"rendered":"http:\/\/shop.mittgard.de\/?product=import-placeholder-for-238"},"modified":"2026-03-25T12:44:13","modified_gmt":"2026-03-25T11:44:13","slug":"kornblume-100g","status":"publish","type":"product","link":"https:\/\/shop.mittgard.de\/?product=kornblume-100g","title":{"rendered":"Kornblume, Bl\u00fcten, ganz (100g)"},"content":{"rendered":"<p>Bl\u00fcten, ganz<\/p>\n<p>f\u00e4rbt gr\u00fcn<\/p>\n<blockquote>\n<pre class=\"western\"><span style=\"font-family: CloisterBlack BT; font-size: 12pt;\">Kornbluome<\/span>\r\n\r\n<span style=\"font-family: CloisterBlack BT; font-size: 12pt;\">Man achtet<\/span>\r\n<span style=\"font-family: CloisterBlack BT; font-size: 12pt;\">das die Kornblumen widerstreben den Pestilentzischen febern<\/span>\r\n<span style=\"font-family: CloisterBlack BT; font-size: 12pt;\">So jemandts hoch gefallen ist<\/span>\r\n<span style=\"font-family: CloisterBlack BT; font-size: 12pt;\">vnnd blutt speiet<\/span>\r\n<span style=\"font-family: CloisterBlack BT; font-size: 12pt;\">dem soll man die grosse Kornblumen zu trinken geben\r\nmit Wegrichwasser.<\/span>\r\n<span style=\"font-family: CloisterBlack BT; font-size: 12pt;\">Die blumen vnd jr samen in wein gesotten<\/span>\r\n<span style=\"font-family: CloisterBlack BT; font-size: 12pt;\">ist gutt getruncken f\u00fcr spinnen vnd Scorpion gifft<\/span>\r\n<span style=\"font-family: CloisterBlack BT; font-size: 12pt;\">mag vielleicht anderm gift<\/span>\r\n<span style=\"font-family: CloisterBlack BT; font-size: 12pt;\">auch widerstand thuen.<\/span>\r\n<span style=\"font-family: CloisterBlack BT; font-size: 12pt;\">Die blaw Kornblum ist f\u00fcr treffenlich gutt zu den hitzigen\r\nroten augen<\/span>\r\n<span style=\"font-family: CloisterBlack BT; font-size: 12pt;\">vnnd allen andern heyssen gebresten wider erste<\/span>\r\n<span style=\"font-family: CloisterBlack BT; font-size: 12pt;\">zerstossen vnd vbergeschlagen.<\/span>\r\n<span style=\"font-family: CloisterBlack BT; font-size: 12pt;\">Sie dienet auch zu b\u00f6sen faulen wunden vnd sch\u00e4den zerstossen<\/span>\r\n<span style=\"font-family: CloisterBlack BT; font-size: 12pt;\">vnd ausgedrucket safft darein gesprengt.<\/span>\r\n<span style=\"font-family: CloisterBlack BT; font-size: 12pt;\">Der safft ist auch gutt wider die mundfeule vnd blattern<\/span>\r\n<span style=\"font-family: CloisterBlack BT; font-size: 12pt;\">den Mund darmitt ausgesprenckt.<\/span>\r\n\r\n<span style=\"font-family: CloisterBlack BT; font-size: 12pt;\">anno 1563 Matthiolus<\/span><\/pre>\n<\/blockquote>\n","protected":false},"excerpt":{"rendered":"<p>Bl\u00fcten, ganz f\u00e4rbt gr\u00fcn Kornbluome Man achtet das die Kornblumen widerstreben den Pestilentzischen febern So jemandts hoch gefallen ist vnnd blutt speiet dem soll man die grosse Kornblumen zu trinken geben mit Wegrichwasser. Die blumen vnd jr samen in wein gesotten ist gutt getruncken f\u00fcr spinnen vnd Scorpion gifft mag vielleicht anderm gift auch widerstand &hellip; <\/p>\n<p class=\"link-more\"><a href=\"https:\/\/shop.mittgard.de\/?product=kornblume-100g\" class=\"more-link\"><span class=\"screen-reader-text\">\u201eKornblume, Bl\u00fcten, ganz (100g)\u201c <\/span>weiterlesen<\/a><\/p>\n","protected":false},"featured_media":1594,"template":"","meta":[],"product_brand":[],"product_cat":[38,16],"product_tag":[91],"class_list":{"0":"post-823","1":"product","2":"type-product","3":"status-publish","4":"has-post-thumbnail","6":"product_cat-faerbekraeuter","7":"product_cat-kraeuter","8":"product_tag-gruen","9":"product_shipping_class-paket","11":"first","12":"outofstock","13":"taxable","14":"shipping-taxable","15":"purchasable","16":"product-type-simple"},"_links":{"self":[{"href":"https:\/\/shop.mittgard.de\/index.php?rest_route=\/wp\/v2\/product\/823","targetHints":{"allow":["GET"]}}],"collection":[{"href":"https:\/\/shop.mittgard.de\/index.php?rest_route=\/wp\/v2\/product"}],"about":[{"href":"https:\/\/shop.mittgard.de\/index.php?rest_route=\/wp\/v2\/types\/product"}],"wp:featuredmedia":[{"embeddable":true,"href":"https:\/\/shop.mittgard.de\/index.php?rest_route=\/wp\/v2\/media\/1594"}],"wp:attachment":[{"href":"https:\/\/shop.mittgard.de\/index.php?rest_route=%2Fwp%2Fv2%2Fmedia&parent=823"}],"wp:term":[{"taxonomy":"product_brand","embeddable":true,"href":"https:\/\/shop.mittgard.de\/index.php?rest_route=%2Fwp%2Fv2%2Fproduct_brand&post=823"},{"taxonomy":"product_cat","embeddable":true,"href":"https:\/\/shop.mittgard.de\/index.php?rest_route=%2Fwp%2Fv2%2Fproduct_cat&post=823"},{"taxonomy":"product_tag","embeddable":true,"href":"https:\/\/shop.mittgard.de\/index.php?rest_route=%2Fwp%2Fv2%2Fproduct_tag&post=823"}],"curies":[{"name":"wp","href":"https:\/\/api.w.org\/{rel}","templated":true}]}}