{"id":825,"date":"2018-03-07T00:40:38","date_gmt":"2018-03-06T23:40:38","guid":{"rendered":"http:\/\/shop.mittgard.de\/?product=import-placeholder-for-240"},"modified":"2026-03-25T10:51:51","modified_gmt":"2026-03-25T09:51:51","slug":"krapp-100g","status":"publish","type":"product","link":"https:\/\/shop.mittgard.de\/?product=krapp-100g","title":{"rendered":"Krapp, Wurzel, gemahlen (100g)"},"content":{"rendered":"<p>Wurzel, gemahlen<\/p>\n<p>f\u00e4rbt rot<\/p>\n<blockquote>\n<p class=\"western\" align=\"center\">F\u00e4rben mit Krapp \u2013 Kapuzinerkresserot<\/p>\n<p class=\"western\">Beize: 22 g Alaun, 4 g Weinstein<\/p>\n<p class=\"western\">F\u00e4rben: 40 g zerkleinerten oder gemahlenen Krapp \u00fcber Nacht vor dem F\u00e4rben locker in einem Mulls\u00e4ckchen in 3 l Wasser einweichen. Das Einweichwasser auf 5 l aufgie\u00dfen und auf 30\u00b0C erw\u00e4rmen. Das Krapps\u00e4ckchen bleibt in der Flotte. Das F\u00e4rbegut einlegen und langsam unter R\u00fchren auf 70\u00b0C erw\u00e4rmen (Krapp soll bei Rotf\u00e4rbungen nicht \u00fcber 70\u00b0C erhitzt werden, bei h\u00f6heren Temperaturen f\u00e4rbt er braun). Die F\u00e4rbedauer betr\u00e4gt eine Stunde, das Material sollte h\u00e4ufig bewegt werden, um eine gleichm\u00e4\u00dfige F\u00e4rbung zu erreichen.<\/p>\n<\/blockquote>\n","protected":false},"excerpt":{"rendered":"<p>Wurzel, gemahlen f\u00e4rbt rot F\u00e4rben mit Krapp \u2013 Kapuzinerkresserot Beize: 22 g Alaun, 4 g Weinstein F\u00e4rben: 40 g zerkleinerten oder gemahlenen Krapp \u00fcber Nacht vor dem F\u00e4rben locker in einem Mulls\u00e4ckchen in 3 l Wasser einweichen. Das Einweichwasser auf 5 l aufgie\u00dfen und auf 30\u00b0C erw\u00e4rmen. Das Krapps\u00e4ckchen bleibt in der Flotte. Das F\u00e4rbegut &hellip; <\/p>\n<p class=\"link-more\"><a href=\"https:\/\/shop.mittgard.de\/?product=krapp-100g\" class=\"more-link\"><span class=\"screen-reader-text\">\u201eKrapp, Wurzel, gemahlen (100g)\u201c <\/span>weiterlesen<\/a><\/p>\n","protected":false},"featured_media":1662,"template":"","meta":[],"product_brand":[],"product_cat":[38,16],"product_tag":[96],"class_list":{"0":"post-825","1":"product","2":"type-product","3":"status-publish","4":"has-post-thumbnail","6":"product_cat-faerbekraeuter","7":"product_cat-kraeuter","8":"product_tag-rot","9":"product_shipping_class-paket","11":"first","12":"instock","13":"taxable","14":"shipping-taxable","15":"purchasable","16":"product-type-simple"},"_links":{"self":[{"href":"https:\/\/shop.mittgard.de\/index.php?rest_route=\/wp\/v2\/product\/825","targetHints":{"allow":["GET"]}}],"collection":[{"href":"https:\/\/shop.mittgard.de\/index.php?rest_route=\/wp\/v2\/product"}],"about":[{"href":"https:\/\/shop.mittgard.de\/index.php?rest_route=\/wp\/v2\/types\/product"}],"wp:featuredmedia":[{"embeddable":true,"href":"https:\/\/shop.mittgard.de\/index.php?rest_route=\/wp\/v2\/media\/1662"}],"wp:attachment":[{"href":"https:\/\/shop.mittgard.de\/index.php?rest_route=%2Fwp%2Fv2%2Fmedia&parent=825"}],"wp:term":[{"taxonomy":"product_brand","embeddable":true,"href":"https:\/\/shop.mittgard.de\/index.php?rest_route=%2Fwp%2Fv2%2Fproduct_brand&post=825"},{"taxonomy":"product_cat","embeddable":true,"href":"https:\/\/shop.mittgard.de\/index.php?rest_route=%2Fwp%2Fv2%2Fproduct_cat&post=825"},{"taxonomy":"product_tag","embeddable":true,"href":"https:\/\/shop.mittgard.de\/index.php?rest_route=%2Fwp%2Fv2%2Fproduct_tag&post=825"}],"curies":[{"name":"wp","href":"https:\/\/api.w.org\/{rel}","templated":true}]}}