{"id":8287,"date":"2019-09-02T14:53:34","date_gmt":"2019-09-02T12:53:34","guid":{"rendered":"http:\/\/shop.mittgard.de\/?post_type=product&#038;p=8287"},"modified":"2024-12-13T15:38:04","modified_gmt":"2024-12-13T14:38:04","slug":"vierkantriemen-natur","status":"publish","type":"product","link":"https:\/\/shop.mittgard.de\/?product=vierkantriemen-natur","title":{"rendered":"Vierkantriemen natur"},"content":{"rendered":"<p>pflanzlich gegerbtes Rindsleder, natur, \u00d8 2 mm, 1 m lang<\/p>\n<p>Preis f\u00fcr 1 m Lederriemen; bei Bestellung von mehreren Metern wird der Riemen nicht zerschnitten, falls gr\u00f6\u00dfere Bastelarbeiten anstehen.<\/p>\n<p>geeignet f\u00fcr Schmuckanh\u00e4nger mit gro\u00dfer Bohrung und zum Basteln<\/p>\n","protected":false},"excerpt":{"rendered":"<p>pflanzlich gegerbtes Rindsleder, natur, \u00d8 2 mm, 1 m lang Preis f\u00fcr 1 m Lederriemen; bei Bestellung von mehreren Metern wird der Riemen nicht zerschnitten, falls gr\u00f6\u00dfere Bastelarbeiten anstehen. geeignet f\u00fcr Schmuckanh\u00e4nger mit gro\u00dfer Bohrung und zum Basteln<\/p>\n","protected":false},"featured_media":8288,"template":"","meta":[],"product_brand":[],"product_cat":[487,455],"product_tag":[488],"class_list":{"0":"post-8287","1":"product","2":"type-product","3":"status-publish","4":"has-post-thumbnail","6":"product_cat-lederbaender","7":"product_cat-schmuck","8":"product_tag-rindsleder","9":"product_shipping_class-brief","11":"first","12":"instock","13":"taxable","14":"shipping-taxable","15":"purchasable","16":"product-type-simple"},"_links":{"self":[{"href":"https:\/\/shop.mittgard.de\/index.php?rest_route=\/wp\/v2\/product\/8287","targetHints":{"allow":["GET"]}}],"collection":[{"href":"https:\/\/shop.mittgard.de\/index.php?rest_route=\/wp\/v2\/product"}],"about":[{"href":"https:\/\/shop.mittgard.de\/index.php?rest_route=\/wp\/v2\/types\/product"}],"wp:featuredmedia":[{"embeddable":true,"href":"https:\/\/shop.mittgard.de\/index.php?rest_route=\/wp\/v2\/media\/8288"}],"wp:attachment":[{"href":"https:\/\/shop.mittgard.de\/index.php?rest_route=%2Fwp%2Fv2%2Fmedia&parent=8287"}],"wp:term":[{"taxonomy":"product_brand","embeddable":true,"href":"https:\/\/shop.mittgard.de\/index.php?rest_route=%2Fwp%2Fv2%2Fproduct_brand&post=8287"},{"taxonomy":"product_cat","embeddable":true,"href":"https:\/\/shop.mittgard.de\/index.php?rest_route=%2Fwp%2Fv2%2Fproduct_cat&post=8287"},{"taxonomy":"product_tag","embeddable":true,"href":"https:\/\/shop.mittgard.de\/index.php?rest_route=%2Fwp%2Fv2%2Fproduct_tag&post=8287"}],"curies":[{"name":"wp","href":"https:\/\/api.w.org\/{rel}","templated":true}]}}