{"id":8313,"date":"2019-09-03T09:27:33","date_gmt":"2019-09-03T07:27:33","guid":{"rendered":"http:\/\/shop.mittgard.de\/?post_type=product&#038;p=8313"},"modified":"2024-12-13T13:13:00","modified_gmt":"2024-12-13T12:13:00","slug":"axtanhaenger-6-bronze","status":"publish","type":"product","link":"https:\/\/shop.mittgard.de\/?product=axtanhaenger-6-bronze","title":{"rendered":"Axtanh\u00e4nger 3 Bronze"},"content":{"rendered":"<p>Gr\u00f6\u00dfe 3,3 x 2,9 cm<\/p>\n<p>typische Wikingeraxt nach einem Originalfund gefertigt, ca. 10.\/11.Jh., massiv gearbeitet<\/p>\n<p>inklusive Lederband<\/p>\n","protected":false},"excerpt":{"rendered":"<p>Gr\u00f6\u00dfe 3,3 x 2,9 cm typische Wikingeraxt nach einem Originalfund gefertigt, ca. 10.\/11.Jh., massiv gearbeitet inklusive Lederband<\/p>\n","protected":false},"featured_media":8314,"template":"","meta":[],"product_brand":[],"product_cat":[474,455],"product_tag":[728,472,311],"class_list":{"0":"post-8313","1":"product","2":"type-product","3":"status-publish","4":"has-post-thumbnail","6":"product_cat-anhaenger","7":"product_cat-schmuck","8":"product_tag-axt","9":"product_tag-bronze","10":"product_tag-wikinger","11":"product_shipping_class-brief","13":"first","14":"onbackorder","15":"taxable","16":"shipping-taxable","17":"purchasable","18":"product-type-simple"},"_links":{"self":[{"href":"https:\/\/shop.mittgard.de\/index.php?rest_route=\/wp\/v2\/product\/8313","targetHints":{"allow":["GET"]}}],"collection":[{"href":"https:\/\/shop.mittgard.de\/index.php?rest_route=\/wp\/v2\/product"}],"about":[{"href":"https:\/\/shop.mittgard.de\/index.php?rest_route=\/wp\/v2\/types\/product"}],"wp:featuredmedia":[{"embeddable":true,"href":"https:\/\/shop.mittgard.de\/index.php?rest_route=\/wp\/v2\/media\/8314"}],"wp:attachment":[{"href":"https:\/\/shop.mittgard.de\/index.php?rest_route=%2Fwp%2Fv2%2Fmedia&parent=8313"}],"wp:term":[{"taxonomy":"product_brand","embeddable":true,"href":"https:\/\/shop.mittgard.de\/index.php?rest_route=%2Fwp%2Fv2%2Fproduct_brand&post=8313"},{"taxonomy":"product_cat","embeddable":true,"href":"https:\/\/shop.mittgard.de\/index.php?rest_route=%2Fwp%2Fv2%2Fproduct_cat&post=8313"},{"taxonomy":"product_tag","embeddable":true,"href":"https:\/\/shop.mittgard.de\/index.php?rest_route=%2Fwp%2Fv2%2Fproduct_tag&post=8313"}],"curies":[{"name":"wp","href":"https:\/\/api.w.org\/{rel}","templated":true}]}}