{"id":832,"date":"2018-03-07T00:40:39","date_gmt":"2018-03-06T23:40:39","guid":{"rendered":"http:\/\/shop.mittgard.de\/?product=import-placeholder-for-247"},"modified":"2026-03-25T13:02:39","modified_gmt":"2026-03-25T12:02:39","slug":"myrthe-100g","status":"publish","type":"product","link":"https:\/\/shop.mittgard.de\/?product=myrthe-100g","title":{"rendered":"Myrthe, Bl\u00e4tter, ganz (100g)"},"content":{"rendered":"<p>Bl\u00e4tter, ganz<\/p>\n<p>f\u00e4rbt gelb &#8211; gr\u00fcn<\/p>\n","protected":false},"excerpt":{"rendered":"<p>Bl\u00e4tter, ganz f\u00e4rbt gelb &#8211; gr\u00fcn<\/p>\n","protected":false},"featured_media":1166,"template":"","meta":[],"product_brand":[],"product_cat":[38,16],"product_tag":[90,91],"class_list":{"0":"post-832","1":"product","2":"type-product","3":"status-publish","4":"has-post-thumbnail","6":"product_cat-faerbekraeuter","7":"product_cat-kraeuter","8":"product_tag-gelb","9":"product_tag-gruen","10":"product_shipping_class-paket","12":"first","13":"instock","14":"taxable","15":"shipping-taxable","16":"purchasable","17":"product-type-simple"},"_links":{"self":[{"href":"https:\/\/shop.mittgard.de\/index.php?rest_route=\/wp\/v2\/product\/832","targetHints":{"allow":["GET"]}}],"collection":[{"href":"https:\/\/shop.mittgard.de\/index.php?rest_route=\/wp\/v2\/product"}],"about":[{"href":"https:\/\/shop.mittgard.de\/index.php?rest_route=\/wp\/v2\/types\/product"}],"wp:featuredmedia":[{"embeddable":true,"href":"https:\/\/shop.mittgard.de\/index.php?rest_route=\/wp\/v2\/media\/1166"}],"wp:attachment":[{"href":"https:\/\/shop.mittgard.de\/index.php?rest_route=%2Fwp%2Fv2%2Fmedia&parent=832"}],"wp:term":[{"taxonomy":"product_brand","embeddable":true,"href":"https:\/\/shop.mittgard.de\/index.php?rest_route=%2Fwp%2Fv2%2Fproduct_brand&post=832"},{"taxonomy":"product_cat","embeddable":true,"href":"https:\/\/shop.mittgard.de\/index.php?rest_route=%2Fwp%2Fv2%2Fproduct_cat&post=832"},{"taxonomy":"product_tag","embeddable":true,"href":"https:\/\/shop.mittgard.de\/index.php?rest_route=%2Fwp%2Fv2%2Fproduct_tag&post=832"}],"curies":[{"name":"wp","href":"https:\/\/api.w.org\/{rel}","templated":true}]}}