{"id":8320,"date":"2019-09-03T09:45:44","date_gmt":"2019-09-03T07:45:44","guid":{"rendered":"http:\/\/shop.mittgard.de\/?post_type=product&#038;p=8320"},"modified":"2025-10-27T11:01:29","modified_gmt":"2025-10-27T10:01:29","slug":"speer-gungnir-bronze","status":"publish","type":"product","link":"https:\/\/shop.mittgard.de\/?product=speer-gungnir-bronze","title":{"rendered":"Speer &#8222;Gungnir&#8220;, Bronze"},"content":{"rendered":"<p>Odins Speer Gungnir wurde zu Beginn einer Schlacht \u00fcber die gegnerischen Reihen geworfen und all jene \u00fcber die er flog waren Odin geweiht und kamen nach Walhalla, sobald die Walk\u00fcren sie erw\u00e4hlt hatten.<\/p>\n<p>Mit dem Tragen des Speeres weiht man sich selbst Odin, um dereinst nach Walhalla zu gelangen.<\/p>\n<p>4 x 0,8 cm, Schmuckbronze, ringsum fein verziert<\/p>\n<p>Lederband inklusive<\/p>\n","protected":false},"excerpt":{"rendered":"<p>Odins Speer Gungnir wurde zu Beginn einer Schlacht \u00fcber die gegnerischen Reihen geworfen und all jene \u00fcber die er flog waren Odin geweiht und kamen nach Walhalla, sobald die Walk\u00fcren sie erw\u00e4hlt hatten. Mit dem Tragen des Speeres weiht man sich selbst Odin, um dereinst nach Walhalla zu gelangen. 4 x 0,8 cm, Schmuckbronze, ringsum &hellip; <\/p>\n<p class=\"link-more\"><a href=\"https:\/\/shop.mittgard.de\/?product=speer-gungnir-bronze\" class=\"more-link\"><span class=\"screen-reader-text\">\u201eSpeer &#8222;Gungnir&#8220;, Bronze\u201c <\/span>weiterlesen<\/a><\/p>\n","protected":false},"featured_media":8321,"template":"","meta":[],"product_brand":[],"product_cat":[474,456,455],"product_tag":[472,956,358,955,755],"class_list":{"0":"post-8320","1":"product","2":"type-product","3":"status-publish","4":"has-post-thumbnail","6":"product_cat-anhaenger","7":"product_cat-germanen-wikinger","8":"product_cat-schmuck","9":"product_tag-bronze","10":"product_tag-lanze","11":"product_tag-odin","12":"product_tag-speer","13":"product_tag-walhalla","14":"product_shipping_class-brief","16":"first","17":"onbackorder","18":"taxable","19":"shipping-taxable","20":"purchasable","21":"product-type-simple"},"_links":{"self":[{"href":"https:\/\/shop.mittgard.de\/index.php?rest_route=\/wp\/v2\/product\/8320","targetHints":{"allow":["GET"]}}],"collection":[{"href":"https:\/\/shop.mittgard.de\/index.php?rest_route=\/wp\/v2\/product"}],"about":[{"href":"https:\/\/shop.mittgard.de\/index.php?rest_route=\/wp\/v2\/types\/product"}],"wp:featuredmedia":[{"embeddable":true,"href":"https:\/\/shop.mittgard.de\/index.php?rest_route=\/wp\/v2\/media\/8321"}],"wp:attachment":[{"href":"https:\/\/shop.mittgard.de\/index.php?rest_route=%2Fwp%2Fv2%2Fmedia&parent=8320"}],"wp:term":[{"taxonomy":"product_brand","embeddable":true,"href":"https:\/\/shop.mittgard.de\/index.php?rest_route=%2Fwp%2Fv2%2Fproduct_brand&post=8320"},{"taxonomy":"product_cat","embeddable":true,"href":"https:\/\/shop.mittgard.de\/index.php?rest_route=%2Fwp%2Fv2%2Fproduct_cat&post=8320"},{"taxonomy":"product_tag","embeddable":true,"href":"https:\/\/shop.mittgard.de\/index.php?rest_route=%2Fwp%2Fv2%2Fproduct_tag&post=8320"}],"curies":[{"name":"wp","href":"https:\/\/api.w.org\/{rel}","templated":true}]}}