{"id":837,"date":"2018-03-07T00:40:44","date_gmt":"2018-03-06T23:40:44","guid":{"rendered":"http:\/\/shop.mittgard.de\/?product=import-placeholder-for-252"},"modified":"2026-03-25T13:06:28","modified_gmt":"2026-03-25T12:06:28","slug":"rhabarber-100g","status":"publish","type":"product","link":"https:\/\/shop.mittgard.de\/?product=rhabarber-100g","title":{"rendered":"Rhabarber, Wurzel, geschnitten (100g)"},"content":{"rendered":"<p>Wurzel, geschnitten<\/p>\n<p>als Haarsp\u00fclung zum Aufhellen von blondem Haar, f\u00e4rbt Stoffe gelb &#8211; gr\u00fcn<\/p>\n","protected":false},"excerpt":{"rendered":"<p>Wurzel, geschnitten als Haarsp\u00fclung zum Aufhellen von blondem Haar, f\u00e4rbt Stoffe gelb &#8211; gr\u00fcn<\/p>\n","protected":false},"featured_media":6881,"template":"","meta":[],"product_brand":[],"product_cat":[38,16],"product_tag":[90,91],"class_list":{"0":"post-837","1":"product","2":"type-product","3":"status-publish","4":"has-post-thumbnail","6":"product_cat-faerbekraeuter","7":"product_cat-kraeuter","8":"product_tag-gelb","9":"product_tag-gruen","10":"product_shipping_class-paket","12":"first","13":"instock","14":"taxable","15":"shipping-taxable","16":"purchasable","17":"product-type-simple"},"_links":{"self":[{"href":"https:\/\/shop.mittgard.de\/index.php?rest_route=\/wp\/v2\/product\/837","targetHints":{"allow":["GET"]}}],"collection":[{"href":"https:\/\/shop.mittgard.de\/index.php?rest_route=\/wp\/v2\/product"}],"about":[{"href":"https:\/\/shop.mittgard.de\/index.php?rest_route=\/wp\/v2\/types\/product"}],"wp:featuredmedia":[{"embeddable":true,"href":"https:\/\/shop.mittgard.de\/index.php?rest_route=\/wp\/v2\/media\/6881"}],"wp:attachment":[{"href":"https:\/\/shop.mittgard.de\/index.php?rest_route=%2Fwp%2Fv2%2Fmedia&parent=837"}],"wp:term":[{"taxonomy":"product_brand","embeddable":true,"href":"https:\/\/shop.mittgard.de\/index.php?rest_route=%2Fwp%2Fv2%2Fproduct_brand&post=837"},{"taxonomy":"product_cat","embeddable":true,"href":"https:\/\/shop.mittgard.de\/index.php?rest_route=%2Fwp%2Fv2%2Fproduct_cat&post=837"},{"taxonomy":"product_tag","embeddable":true,"href":"https:\/\/shop.mittgard.de\/index.php?rest_route=%2Fwp%2Fv2%2Fproduct_tag&post=837"}],"curies":[{"name":"wp","href":"https:\/\/api.w.org\/{rel}","templated":true}]}}