{"id":839,"date":"2018-03-07T00:40:44","date_gmt":"2018-03-06T23:40:44","guid":{"rendered":"http:\/\/shop.mittgard.de\/?product=import-placeholder-for-254"},"modified":"2026-03-25T10:50:42","modified_gmt":"2026-03-25T09:50:42","slug":"ringelblumenblueten-100g","status":"publish","type":"product","link":"https:\/\/shop.mittgard.de\/?product=ringelblumenblueten-100g","title":{"rendered":"Ringelblume, Bl\u00fcten, ganz (100g)"},"content":{"rendered":"<p>Bl\u00fcten, ganz<\/p>\n<p>f\u00e4rbt gelb -gr\u00fcn &#8211; hellbraun<\/p>\n","protected":false},"excerpt":{"rendered":"<p>Bl\u00fcten, ganz f\u00e4rbt gelb -gr\u00fcn &#8211; hellbraun<\/p>\n","protected":false},"featured_media":1087,"template":"","meta":[],"product_brand":[],"product_cat":[38,16],"product_tag":[88,90,91],"class_list":{"0":"post-839","1":"product","2":"type-product","3":"status-publish","4":"has-post-thumbnail","6":"product_cat-faerbekraeuter","7":"product_cat-kraeuter","8":"product_tag-braun","9":"product_tag-gelb","10":"product_tag-gruen","11":"product_shipping_class-paket","13":"first","14":"instock","15":"taxable","16":"shipping-taxable","17":"purchasable","18":"product-type-simple"},"_links":{"self":[{"href":"https:\/\/shop.mittgard.de\/index.php?rest_route=\/wp\/v2\/product\/839","targetHints":{"allow":["GET"]}}],"collection":[{"href":"https:\/\/shop.mittgard.de\/index.php?rest_route=\/wp\/v2\/product"}],"about":[{"href":"https:\/\/shop.mittgard.de\/index.php?rest_route=\/wp\/v2\/types\/product"}],"wp:featuredmedia":[{"embeddable":true,"href":"https:\/\/shop.mittgard.de\/index.php?rest_route=\/wp\/v2\/media\/1087"}],"wp:attachment":[{"href":"https:\/\/shop.mittgard.de\/index.php?rest_route=%2Fwp%2Fv2%2Fmedia&parent=839"}],"wp:term":[{"taxonomy":"product_brand","embeddable":true,"href":"https:\/\/shop.mittgard.de\/index.php?rest_route=%2Fwp%2Fv2%2Fproduct_brand&post=839"},{"taxonomy":"product_cat","embeddable":true,"href":"https:\/\/shop.mittgard.de\/index.php?rest_route=%2Fwp%2Fv2%2Fproduct_cat&post=839"},{"taxonomy":"product_tag","embeddable":true,"href":"https:\/\/shop.mittgard.de\/index.php?rest_route=%2Fwp%2Fv2%2Fproduct_tag&post=839"}],"curies":[{"name":"wp","href":"https:\/\/api.w.org\/{rel}","templated":true}]}}