{"id":842,"date":"2018-03-07T00:40:44","date_gmt":"2018-03-06T23:40:44","guid":{"rendered":"http:\/\/shop.mittgard.de\/?product=import-placeholder-for-257"},"modified":"2026-03-25T13:07:45","modified_gmt":"2026-03-25T12:07:45","slug":"saflorblueten-100g","status":"publish","type":"product","link":"https:\/\/shop.mittgard.de\/?product=saflorblueten-100g","title":{"rendered":"Saflor (F\u00e4rbedistel), Bl\u00fcten, ganz (100g)"},"content":{"rendered":"<p>Bl\u00fcten, ganz<\/p>\n<p>f\u00e4rbt gelb<\/p>\n<blockquote>\n<p class=\"western\" align=\"center\">F\u00e4rben mit Saflor \u2013 Goldgelb<\/p>\n<p class=\"western\">Beize: 20 g Alaun<\/p>\n<p class=\"western\">F\u00e4rben: 100 g Saflorbl\u00fcten \u00fcber Nacht in 3 l Wasser in einem Mulls\u00e4ckchen einweichen. Die Farbflotte auf 5 l Wasser aufgie\u00dfen und auf 30\u00b0C erw\u00e4rmen. F\u00e4rbegut einlegen und auf 100\u00b0C (bei Seide 70\u00b0C) erhitzen und 1 Stunde auf der Temperatur halten. Langsam abk\u00fchlen lassen und aussp\u00fclen.<\/p>\n<\/blockquote>\n","protected":false},"excerpt":{"rendered":"<p>Bl\u00fcten, ganz f\u00e4rbt gelb F\u00e4rben mit Saflor \u2013 Goldgelb Beize: 20 g Alaun F\u00e4rben: 100 g Saflorbl\u00fcten \u00fcber Nacht in 3 l Wasser in einem Mulls\u00e4ckchen einweichen. Die Farbflotte auf 5 l Wasser aufgie\u00dfen und auf 30\u00b0C erw\u00e4rmen. F\u00e4rbegut einlegen und auf 100\u00b0C (bei Seide 70\u00b0C) erhitzen und 1 Stunde auf der Temperatur halten. Langsam &hellip; <\/p>\n<p class=\"link-more\"><a href=\"https:\/\/shop.mittgard.de\/?product=saflorblueten-100g\" class=\"more-link\"><span class=\"screen-reader-text\">\u201eSaflor (F\u00e4rbedistel), Bl\u00fcten, ganz (100g)\u201c <\/span>weiterlesen<\/a><\/p>\n","protected":false},"featured_media":1634,"template":"","meta":[],"product_brand":[],"product_cat":[38,16],"product_tag":[90],"class_list":{"0":"post-842","1":"product","2":"type-product","3":"status-publish","4":"has-post-thumbnail","6":"product_cat-faerbekraeuter","7":"product_cat-kraeuter","8":"product_tag-gelb","9":"product_shipping_class-paket","11":"first","12":"instock","13":"taxable","14":"shipping-taxable","15":"purchasable","16":"product-type-simple"},"_links":{"self":[{"href":"https:\/\/shop.mittgard.de\/index.php?rest_route=\/wp\/v2\/product\/842","targetHints":{"allow":["GET"]}}],"collection":[{"href":"https:\/\/shop.mittgard.de\/index.php?rest_route=\/wp\/v2\/product"}],"about":[{"href":"https:\/\/shop.mittgard.de\/index.php?rest_route=\/wp\/v2\/types\/product"}],"wp:featuredmedia":[{"embeddable":true,"href":"https:\/\/shop.mittgard.de\/index.php?rest_route=\/wp\/v2\/media\/1634"}],"wp:attachment":[{"href":"https:\/\/shop.mittgard.de\/index.php?rest_route=%2Fwp%2Fv2%2Fmedia&parent=842"}],"wp:term":[{"taxonomy":"product_brand","embeddable":true,"href":"https:\/\/shop.mittgard.de\/index.php?rest_route=%2Fwp%2Fv2%2Fproduct_brand&post=842"},{"taxonomy":"product_cat","embeddable":true,"href":"https:\/\/shop.mittgard.de\/index.php?rest_route=%2Fwp%2Fv2%2Fproduct_cat&post=842"},{"taxonomy":"product_tag","embeddable":true,"href":"https:\/\/shop.mittgard.de\/index.php?rest_route=%2Fwp%2Fv2%2Fproduct_tag&post=842"}],"curies":[{"name":"wp","href":"https:\/\/api.w.org\/{rel}","templated":true}]}}