{"id":849,"date":"2018-03-07T00:40:45","date_gmt":"2018-03-06T23:40:45","guid":{"rendered":"http:\/\/shop.mittgard.de\/?product=import-placeholder-for-264"},"modified":"2026-03-25T13:15:36","modified_gmt":"2026-03-25T12:15:36","slug":"seifenkraut-100g-2","status":"publish","type":"product","link":"https:\/\/shop.mittgard.de\/?product=seifenkraut-100g-2","title":{"rendered":"Seifenkraut, Wurzel, geschnitten (100g)"},"content":{"rendered":"<p>Wurzel, wei\u00df, geschnitten<\/p>\n<p>zur Herstellung von Seifenlauge<\/p>\n<blockquote>\n<pre class=\"western\"><span style=\"font-family: CloisterBlack BT; font-size: 12pt;\">Krafft vnd W\u00fcrckung der Seiffenwwurtzel<\/span>\r\n\r\n<span style=\"font-family: CloisterBlack BT; font-size: 12pt;\">Seifenwurtzel<\/span>\r\n<span style=\"font-family: CloisterBlack BT; font-size: 12pt;\">mehr oder minder mit Honig vermischt vnd eingenommen<\/span>\r\n<span style=\"font-family: CloisterBlack BT; font-size: 12pt;\">soll den z\u00e4hen koder zertheilen<\/span>\r\n<span style=\"font-family: CloisterBlack BT; font-size: 12pt;\">die groben Phlegmata trennen vnd aussf\u00fchren<\/span>\r\n<span style=\"font-family: CloisterBlack BT; font-size: 12pt;\">dienet wol f\u00fcr Leber und Miltz s\u00fcchtige<\/span>\r\n<span style=\"font-family: CloisterBlack BT; font-size: 12pt;\">auch f\u00fcr keichende Menschen<\/span>\r\n<span style=\"font-family: CloisterBlack BT; font-size: 12pt;\">so st\u00e4ts mit schwerem athem husten<\/span>\r\n<span style=\"font-family: CloisterBlack BT; font-size: 12pt;\">treibet den Harn<\/span>\r\n<span style=\"font-family: CloisterBlack BT; font-size: 12pt;\">den Stulgang<\/span>\r\n<span style=\"font-family: CloisterBlack BT; font-size: 12pt;\">vnd Fraven bl\u00f6digkeit.<\/span>\r\n\r\n<span style=\"font-family: CloisterBlack BT; font-size: 12pt;\">soll auch den schwachen kalten M\u00e4nnern wider auff helffen.<\/span>\r\n<span style=\"font-family: CloisterBlack BT; font-size: 12pt;\">Bey den alten hat man diese wurtzel auch zu den dunklen Augen\r\ngebrauchet.<\/span>\r\n<span style=\"font-family: CloisterBlack BT; font-size: 12pt;\">vnd wann sie wollten beulen vn harte knollen ertheilen<\/span>\r\n<span style=\"font-family: CloisterBlack BT; font-size: 12pt;\">haben sie gemelte wurtzel vbergelegt<\/span>\r\n<span style=\"font-family: CloisterBlack BT; font-size: 12pt;\">zuvor zerkn\u00fctscht<\/span>\r\n<span style=\"font-family: CloisterBlack BT; font-size: 12pt;\">dessgleichen gifftige raude vnd grindt zu vertreiben ist<\/span>\r\n<span style=\"font-family: CloisterBlack BT; font-size: 12pt;\">sie nutz inn Essig oder Wein gesotten vnd<\/span>\r\n<span style=\"font-family: CloisterBlack BT; font-size: 12pt;\">vberschlagen.<\/span>\r\n\r\n<span style=\"font-family: CloisterBlack BT; font-size: 12pt;\">Die Ordensleut<\/span>\r\n<span style=\"font-family: CloisterBlack BT; font-size: 12pt;\">als Barf\u00fcsser w\u00e4schen jhre kappen darmit<\/span>\r\n<span style=\"font-family: CloisterBlack BT; font-size: 12pt;\">haben sie nicht gelt<\/span>\r\n<span style=\"font-family: CloisterBlack BT; font-size: 12pt;\">Seiffen zu kauffen<\/span>\r\n<span style=\"font-family: CloisterBlack BT; font-size: 12pt;\">oder Wescherinen zu dingen<\/span>\r\n<span style=\"font-family: CloisterBlack BT; font-size: 12pt;\">wie sich dann die arme Br\u00fcder Sanct Francisci<\/span>\r\n<span style=\"font-family: CloisterBlack BT; font-size: 12pt;\">h\u00f6chlich beklagen.<\/span>\r\n\r\n<span style=\"font-family: CloisterBlack BT; font-size: 12pt;\">anno 1577 Hieronymus Bock<\/span><\/pre>\n<\/blockquote>\n","protected":false},"excerpt":{"rendered":"<p>Wurzel, wei\u00df, geschnitten zur Herstellung von Seifenlauge Krafft vnd W\u00fcrckung der Seiffenwwurtzel Seifenwurtzel mehr oder minder mit Honig vermischt vnd eingenommen soll den z\u00e4hen koder zertheilen die groben Phlegmata trennen vnd aussf\u00fchren dienet wol f\u00fcr Leber und Miltz s\u00fcchtige auch f\u00fcr keichende Menschen so st\u00e4ts mit schwerem athem husten treibet den Harn den Stulgang vnd &hellip; <\/p>\n<p class=\"link-more\"><a href=\"https:\/\/shop.mittgard.de\/?product=seifenkraut-100g-2\" class=\"more-link\"><span class=\"screen-reader-text\">\u201eSeifenkraut, Wurzel, geschnitten (100g)\u201c <\/span>weiterlesen<\/a><\/p>\n","protected":false},"featured_media":11504,"template":"","meta":[],"product_brand":[],"product_cat":[38,16],"product_tag":[],"class_list":{"0":"post-849","1":"product","2":"type-product","3":"status-publish","4":"has-post-thumbnail","6":"product_cat-faerbekraeuter","7":"product_cat-kraeuter","8":"product_shipping_class-paket","10":"first","11":"onbackorder","12":"taxable","13":"shipping-taxable","14":"purchasable","15":"product-type-simple"},"_links":{"self":[{"href":"https:\/\/shop.mittgard.de\/index.php?rest_route=\/wp\/v2\/product\/849","targetHints":{"allow":["GET"]}}],"collection":[{"href":"https:\/\/shop.mittgard.de\/index.php?rest_route=\/wp\/v2\/product"}],"about":[{"href":"https:\/\/shop.mittgard.de\/index.php?rest_route=\/wp\/v2\/types\/product"}],"wp:featuredmedia":[{"embeddable":true,"href":"https:\/\/shop.mittgard.de\/index.php?rest_route=\/wp\/v2\/media\/11504"}],"wp:attachment":[{"href":"https:\/\/shop.mittgard.de\/index.php?rest_route=%2Fwp%2Fv2%2Fmedia&parent=849"}],"wp:term":[{"taxonomy":"product_brand","embeddable":true,"href":"https:\/\/shop.mittgard.de\/index.php?rest_route=%2Fwp%2Fv2%2Fproduct_brand&post=849"},{"taxonomy":"product_cat","embeddable":true,"href":"https:\/\/shop.mittgard.de\/index.php?rest_route=%2Fwp%2Fv2%2Fproduct_cat&post=849"},{"taxonomy":"product_tag","embeddable":true,"href":"https:\/\/shop.mittgard.de\/index.php?rest_route=%2Fwp%2Fv2%2Fproduct_tag&post=849"}],"curies":[{"name":"wp","href":"https:\/\/api.w.org\/{rel}","templated":true}]}}