{"id":8499,"date":"2019-11-04T15:01:02","date_gmt":"2019-11-04T14:01:02","guid":{"rendered":"http:\/\/shop.mittgard.de\/?post_type=product&#038;p=8499"},"modified":"2024-12-15T15:42:37","modified_gmt":"2024-12-15T14:42:37","slug":"kuenzl-ernst-die-germanen","status":"publish","type":"product","link":"https:\/\/shop.mittgard.de\/?product=kuenzl-ernst-die-germanen","title":{"rendered":"K\u00fcnzl, Ernst &#8222;Die Germanen&#8220;"},"content":{"rendered":"<p>Geheimnisvolle V\u00f6lker aus dem Norden<\/p>\n<p>&#8222;Eine hervorragende Lekt\u00fcre f\u00fcr alle, vom Einsteiger bis zum Germanen-Kenner!&#8220; Karfunkel<\/p>\n<p>Die Germanen pr\u00e4gten in der Antike das Gesicht Europas.\u00a0 Sie waren das einzige Volk, das Rom die Stirn bot. Doch sie waren nicht nur barbarische Krieger, sondern auch gebildete F\u00fcrsten, fromme Bauern und kunstfertige Handwerker. \u00dcberall zwischen Schwarzem Meer und Atlantikk\u00fcste, zwischen Ostsee und Nordafrika treffen Arch\u00e4ologen auf Schlachtfeldern, in F\u00fcrstengr\u00e4bern und Mooren auf ihre Spuren.<\/p>\n<p>In pr\u00e4chtig illustrierten Kapiteln zeichnet Ernst K\u00fcnzl, der lange Jahre Direktor am R\u00f6misch-Germanischen Zentralmuseum in Mainz war, ein anschauliches Bild unserer Vorfahren. Die Jubil\u00e4umsausgabe ist erg\u00e4nzt um das 2010 gefundene Schlachtfeld am Harzhorn.<\/p>\n<p>Gebundene Ausgabe, 168 Seiten<\/p>\n","protected":false},"excerpt":{"rendered":"<p>Geb<\/p>\n","protected":false},"featured_media":8500,"template":"","meta":[],"product_brand":[],"product_cat":[193,185],"product_tag":[336,939],"class_list":{"0":"post-8499","1":"product","2":"type-product","3":"status-publish","4":"has-post-thumbnail","6":"product_cat-germanen","7":"product_cat-literatur","8":"product_tag-germanen","9":"product_tag-voelkerwanderung","10":"product_shipping_class-paket","12":"first","13":"onbackorder","14":"taxable","15":"shipping-taxable","16":"purchasable","17":"product-type-simple"},"_links":{"self":[{"href":"https:\/\/shop.mittgard.de\/index.php?rest_route=\/wp\/v2\/product\/8499","targetHints":{"allow":["GET"]}}],"collection":[{"href":"https:\/\/shop.mittgard.de\/index.php?rest_route=\/wp\/v2\/product"}],"about":[{"href":"https:\/\/shop.mittgard.de\/index.php?rest_route=\/wp\/v2\/types\/product"}],"wp:featuredmedia":[{"embeddable":true,"href":"https:\/\/shop.mittgard.de\/index.php?rest_route=\/wp\/v2\/media\/8500"}],"wp:attachment":[{"href":"https:\/\/shop.mittgard.de\/index.php?rest_route=%2Fwp%2Fv2%2Fmedia&parent=8499"}],"wp:term":[{"taxonomy":"product_brand","embeddable":true,"href":"https:\/\/shop.mittgard.de\/index.php?rest_route=%2Fwp%2Fv2%2Fproduct_brand&post=8499"},{"taxonomy":"product_cat","embeddable":true,"href":"https:\/\/shop.mittgard.de\/index.php?rest_route=%2Fwp%2Fv2%2Fproduct_cat&post=8499"},{"taxonomy":"product_tag","embeddable":true,"href":"https:\/\/shop.mittgard.de\/index.php?rest_route=%2Fwp%2Fv2%2Fproduct_tag&post=8499"}],"curies":[{"name":"wp","href":"https:\/\/api.w.org\/{rel}","templated":true}]}}