{"id":853,"date":"2018-03-07T00:40:46","date_gmt":"2018-03-06T23:40:46","guid":{"rendered":"http:\/\/shop.mittgard.de\/?product=import-placeholder-for-268"},"modified":"2024-12-14T17:08:58","modified_gmt":"2024-12-14T16:08:58","slug":"tagetesblueten-100g","status":"publish","type":"product","link":"https:\/\/shop.mittgard.de\/?product=tagetesblueten-100g","title":{"rendered":"Tagetes, Bl\u00fcten, ganz (100g)"},"content":{"rendered":"<p>Bl\u00fcten,ganz<\/p>\n<p>f\u00e4rbt orangegelb &#8211; lindgr\u00fcn &#8211; braun<\/p>\n","protected":false},"excerpt":{"rendered":"<p>Bl\u00fcten,ganz f\u00e4rbt orangegelb &#8211; lindgr\u00fcn &#8211; braun<\/p>\n","protected":false},"featured_media":1664,"template":"","meta":[],"product_brand":[],"product_cat":[38,16],"product_tag":[88,94,93],"class_list":{"0":"post-853","1":"product","2":"type-product","3":"status-publish","4":"has-post-thumbnail","6":"product_cat-faerbekraeuter","7":"product_cat-kraeuter","8":"product_tag-braun","9":"product_tag-lindgruen","10":"product_tag-orangegelb","11":"product_shipping_class-paket","13":"first","14":"instock","15":"taxable","16":"shipping-taxable","17":"purchasable","18":"product-type-simple"},"_links":{"self":[{"href":"https:\/\/shop.mittgard.de\/index.php?rest_route=\/wp\/v2\/product\/853","targetHints":{"allow":["GET"]}}],"collection":[{"href":"https:\/\/shop.mittgard.de\/index.php?rest_route=\/wp\/v2\/product"}],"about":[{"href":"https:\/\/shop.mittgard.de\/index.php?rest_route=\/wp\/v2\/types\/product"}],"wp:featuredmedia":[{"embeddable":true,"href":"https:\/\/shop.mittgard.de\/index.php?rest_route=\/wp\/v2\/media\/1664"}],"wp:attachment":[{"href":"https:\/\/shop.mittgard.de\/index.php?rest_route=%2Fwp%2Fv2%2Fmedia&parent=853"}],"wp:term":[{"taxonomy":"product_brand","embeddable":true,"href":"https:\/\/shop.mittgard.de\/index.php?rest_route=%2Fwp%2Fv2%2Fproduct_brand&post=853"},{"taxonomy":"product_cat","embeddable":true,"href":"https:\/\/shop.mittgard.de\/index.php?rest_route=%2Fwp%2Fv2%2Fproduct_cat&post=853"},{"taxonomy":"product_tag","embeddable":true,"href":"https:\/\/shop.mittgard.de\/index.php?rest_route=%2Fwp%2Fv2%2Fproduct_tag&post=853"}],"curies":[{"name":"wp","href":"https:\/\/api.w.org\/{rel}","templated":true}]}}