{"id":8557,"date":"2019-11-04T16:02:24","date_gmt":"2019-11-04T15:02:24","guid":{"rendered":"http:\/\/shop.mittgard.de\/?post_type=product&#038;p=8557"},"modified":"2024-12-15T16:15:58","modified_gmt":"2024-12-15T15:15:58","slug":"simek-rudolf-religion-und-mythologie-der-germanen","status":"publish","type":"product","link":"https:\/\/shop.mittgard.de\/?product=simek-rudolf-religion-und-mythologie-der-germanen","title":{"rendered":"Simek, Rudolf &#8222;Religion und Mythologie der Germanen&#8220;"},"content":{"rendered":"<p>Rudolf Simek bietet in diesem Standardwerk anhand von arch\u00e4ologischen Funden und authentischen Quellen &#8211; unterst\u00fctzt durch faszinierendes Bildmaterial &#8211; eine umfassende Darstellung der vielf\u00e4ltigen Erscheinungsformen der religi\u00f6sen Welt der Germanen. Einen Schwerpunkt bilden dabei die Kultpraktiken, \u00fcber die gerade j\u00fcngere Forschungen viel genauer Aufschlu\u00df geben.Der Autor zeichnet nach, wie sich die mythologische G\u00f6tterwelt von der Eiszeit bis zur Wikingerzeit von numinosen M\u00e4chten an bestimmten Orten (Fl\u00fcssen, S\u00fcmpfen&#8230;) zu einem komplexen G\u00f6tterpantheon entwickelt hat. Der Magie ist ein eigenes Kapitel gewidmet.<\/p>\n<p>Sehr anschaulich zeigt Simek, welche Praktiken und mythologischen Wesen die Christianisierung unbeschadet \u00fcberstanden haben und bis heute in vielen Formen der Volksreligiosit\u00e4t weiterleben. Der Autor macht an entscheidenden Stellen deutlich, da\u00df und warum das Christentum gut an bestimmte religi\u00f6se Vorstellungen ankn\u00fcpfen konnte.<\/p>\n<p>Gebunden, 335 Seiten<\/p>\n","protected":false},"excerpt":{"rendered":"<p>Geb<\/p>\n","protected":false},"featured_media":8558,"template":"","meta":[],"product_brand":[],"product_cat":[193,185],"product_tag":[318,336,224,311],"class_list":{"0":"post-8557","1":"product","2":"type-product","3":"status-publish","4":"has-post-thumbnail","6":"product_cat-germanen","7":"product_cat-literatur","8":"product_tag-asatru","9":"product_tag-germanen","10":"product_tag-heidentum","11":"product_tag-wikinger","12":"product_shipping_class-paket","14":"first","15":"onbackorder","16":"taxable","17":"shipping-taxable","18":"purchasable","19":"product-type-simple"},"_links":{"self":[{"href":"https:\/\/shop.mittgard.de\/index.php?rest_route=\/wp\/v2\/product\/8557","targetHints":{"allow":["GET"]}}],"collection":[{"href":"https:\/\/shop.mittgard.de\/index.php?rest_route=\/wp\/v2\/product"}],"about":[{"href":"https:\/\/shop.mittgard.de\/index.php?rest_route=\/wp\/v2\/types\/product"}],"wp:featuredmedia":[{"embeddable":true,"href":"https:\/\/shop.mittgard.de\/index.php?rest_route=\/wp\/v2\/media\/8558"}],"wp:attachment":[{"href":"https:\/\/shop.mittgard.de\/index.php?rest_route=%2Fwp%2Fv2%2Fmedia&parent=8557"}],"wp:term":[{"taxonomy":"product_brand","embeddable":true,"href":"https:\/\/shop.mittgard.de\/index.php?rest_route=%2Fwp%2Fv2%2Fproduct_brand&post=8557"},{"taxonomy":"product_cat","embeddable":true,"href":"https:\/\/shop.mittgard.de\/index.php?rest_route=%2Fwp%2Fv2%2Fproduct_cat&post=8557"},{"taxonomy":"product_tag","embeddable":true,"href":"https:\/\/shop.mittgard.de\/index.php?rest_route=%2Fwp%2Fv2%2Fproduct_tag&post=8557"}],"curies":[{"name":"wp","href":"https:\/\/api.w.org\/{rel}","templated":true}]}}