{"id":8585,"date":"2019-11-06T15:18:19","date_gmt":"2019-11-06T14:18:19","guid":{"rendered":"http:\/\/shop.mittgard.de\/?post_type=product&#038;p=8585"},"modified":"2024-12-16T10:45:59","modified_gmt":"2024-12-16T09:45:59","slug":"diverse-maerchen-von-den-britischen-inseln-box","status":"publish","type":"product","link":"https:\/\/shop.mittgard.de\/?product=diverse-maerchen-von-den-britischen-inseln-box","title":{"rendered":"Diverse &#8222;M\u00e4rchen von den britischen Inseln&#8220; Box"},"content":{"rendered":"<p>M\u00e4rchenbox mit 3 gebundenen B\u00fcchern: Englische, Irische und Schottische M\u00e4rchen<\/p>\n<p>Englische M\u00e4rchen &#8211; gebundene Ausgabe, 315 Seiten<\/p>\n<p>Von sch\u00f6nen K\u00f6nigst\u00f6chtern und dem D\u00e4umling wird in vielen Sprachen erz\u00e4hlt, doch der englische M\u00e4rchenschatz hat auch seine ganz eigenen Helden: die drei kleinen Schweinchen zum Beispiel oder den Jungen Jack, der an einer Bohnenranke in den Himmel steigt und dort auf einen b\u00f6sen Riesen trifft. Mit ihren klassischen Nacherz\u00e4hlungen hat Flora Annie Steel die wunderbare Welt der englischen M\u00e4rchen erschlossen. Dieser Band versammelt sie erstmals in deutscher \u00dcbersetzung und mit fantastischen Original-Illustrationen von Arthur Rackham.<\/p>\n<p>Irische M\u00e4rchen &#8211; Gebundene Ausgabe, 352 Seiten<\/p>\n<p>Die Volksm\u00e4rchen Irlands speisen sich aus reichen Quellen, die bis weit ins europ\u00e4ische Mittelalter zur\u00fcckreichen und zumeist m\u00fcndlich \u00fcberliefert wurden. So rankt sich ein Gutteil um den sagenhaften, aus den Ossian-Dichtungen bekannten Helden Fionn und seine tapfere Kriegerschar. Doch auch M\u00f3ir\u00edn, das irische Aschenputtel, und viele weitere wunderbare Gestalten bev\u00f6lkern die zauberhafte M\u00e4rchenwelt der gr\u00fcnen Insel. Neben humorvollen Schalk- und L\u00fcgenm\u00e4rchen finden sich deftige Schw\u00e4nke, deren Phantasie und F\u00fclle noch heute begeistert.<\/p>\n<p>Schottische M\u00e4rchen &#8211; Gebundene Ausgabe, 319 Seiten<\/p>\n<p>Schottische M\u00e4rchen sind von einer wechselhaften Geschichte und einer wildromantischen Landschaft gepr\u00e4gt. Sie vereinen die Mystik des Landes mit den uralten Mythen keltischer Vorzeit. Dem Ozean entsteigen Meerfrauen, die Menschen in die Tiefe ihres geheimnisvollen Reiches locken. In dunklen Seen hausen Ungeheuer, die sich ihre Opfer suchen, und in Mooren wimmelt es von d\u00e4monischen Wesen. Vor allem aber bev\u00f6lkern wundersch\u00f6ne Feen und Elfen die H\u00fcgel und erscheinen den Menschen, um ihnen zu helfen oder sie zu bestrafen. Fr\u00fcher besuchten Geschichtenerz\u00e4hler die H\u00e4user der Highlands und unterhielten ihre Bewohner am Torffeuer mit ihren Sagen und Liedern. Die sch\u00f6nsten schottischen M\u00e4rchen sind in diesem band versammelt.<\/p>\n","protected":false},"excerpt":{"rendered":"<p>Box<\/p>\n","protected":false},"featured_media":8586,"template":"","meta":[],"product_brand":[],"product_cat":[185,213],"product_tag":[340,404,313,391,305,418],"class_list":{"0":"post-8585","1":"product","2":"type-product","3":"status-publish","4":"has-post-thumbnail","6":"product_cat-literatur","7":"product_cat-maerchen","8":"product_tag-england","9":"product_tag-irland","10":"product_tag-kelten","11":"product_tag-maerchen","12":"product_tag-sagen","13":"product_tag-schottland","14":"product_shipping_class-paket","16":"first","17":"onbackorder","18":"taxable","19":"shipping-taxable","20":"purchasable","21":"product-type-simple"},"_links":{"self":[{"href":"https:\/\/shop.mittgard.de\/index.php?rest_route=\/wp\/v2\/product\/8585","targetHints":{"allow":["GET"]}}],"collection":[{"href":"https:\/\/shop.mittgard.de\/index.php?rest_route=\/wp\/v2\/product"}],"about":[{"href":"https:\/\/shop.mittgard.de\/index.php?rest_route=\/wp\/v2\/types\/product"}],"wp:featuredmedia":[{"embeddable":true,"href":"https:\/\/shop.mittgard.de\/index.php?rest_route=\/wp\/v2\/media\/8586"}],"wp:attachment":[{"href":"https:\/\/shop.mittgard.de\/index.php?rest_route=%2Fwp%2Fv2%2Fmedia&parent=8585"}],"wp:term":[{"taxonomy":"product_brand","embeddable":true,"href":"https:\/\/shop.mittgard.de\/index.php?rest_route=%2Fwp%2Fv2%2Fproduct_brand&post=8585"},{"taxonomy":"product_cat","embeddable":true,"href":"https:\/\/shop.mittgard.de\/index.php?rest_route=%2Fwp%2Fv2%2Fproduct_cat&post=8585"},{"taxonomy":"product_tag","embeddable":true,"href":"https:\/\/shop.mittgard.de\/index.php?rest_route=%2Fwp%2Fv2%2Fproduct_tag&post=8585"}],"curies":[{"name":"wp","href":"https:\/\/api.w.org\/{rel}","templated":true}]}}