{"id":859,"date":"2018-03-07T00:40:46","date_gmt":"2018-03-06T23:40:46","guid":{"rendered":"http:\/\/shop.mittgard.de\/?product=import-placeholder-for-274"},"modified":"2026-03-25T13:21:35","modified_gmt":"2026-03-25T12:21:35","slug":"waldmeister-100g-2","status":"publish","type":"product","link":"https:\/\/shop.mittgard.de\/?product=waldmeister-100g-2","title":{"rendered":"Waldmeister, Kraut, geschnitten (100g)"},"content":{"rendered":"<p>Kraut, geschnitten<\/p>\n<p>f\u00e4rbt altrosa<\/p>\n<blockquote>\n<p class=\"western\" align=\"center\">F\u00e4rben mit Waldmeister \u2013 Altrosa<\/p>\n<p class=\"western\">Beize: 20 g Alaun<\/p>\n<p class=\"western\">F\u00e4rben: 100 g Waldmeisterwurzeln werden in 3 l Wasser \u00fcber Nacht eingeweicht. Die Farbflotte auf 5 l aufgie\u00dfen und auf 30\u00b0C erhitzen. F\u00e4rbegut einlegen und auf 70\u00b0C erhitzen. Das F\u00e4rbegut h\u00e4ufig bewegen und nach 1 Stunde herausnehmen.<\/p>\n<\/blockquote>\n","protected":false},"excerpt":{"rendered":"<p>Kraut, geschnitten f\u00e4rbt altrosa F\u00e4rben mit Waldmeister \u2013 Altrosa Beize: 20 g Alaun F\u00e4rben: 100 g Waldmeisterwurzeln werden in 3 l Wasser \u00fcber Nacht eingeweicht. Die Farbflotte auf 5 l aufgie\u00dfen und auf 30\u00b0C erhitzen. F\u00e4rbegut einlegen und auf 70\u00b0C erhitzen. Das F\u00e4rbegut h\u00e4ufig bewegen und nach 1 Stunde herausnehmen.<\/p>\n","protected":false},"featured_media":1150,"template":"","meta":[],"product_brand":[],"product_cat":[38,16],"product_tag":[89],"class_list":{"0":"post-859","1":"product","2":"type-product","3":"status-publish","4":"has-post-thumbnail","6":"product_cat-faerbekraeuter","7":"product_cat-kraeuter","8":"product_tag-altrosa","9":"product_shipping_class-paket","11":"first","12":"onbackorder","13":"taxable","14":"shipping-taxable","15":"purchasable","16":"product-type-simple"},"_links":{"self":[{"href":"https:\/\/shop.mittgard.de\/index.php?rest_route=\/wp\/v2\/product\/859","targetHints":{"allow":["GET"]}}],"collection":[{"href":"https:\/\/shop.mittgard.de\/index.php?rest_route=\/wp\/v2\/product"}],"about":[{"href":"https:\/\/shop.mittgard.de\/index.php?rest_route=\/wp\/v2\/types\/product"}],"wp:featuredmedia":[{"embeddable":true,"href":"https:\/\/shop.mittgard.de\/index.php?rest_route=\/wp\/v2\/media\/1150"}],"wp:attachment":[{"href":"https:\/\/shop.mittgard.de\/index.php?rest_route=%2Fwp%2Fv2%2Fmedia&parent=859"}],"wp:term":[{"taxonomy":"product_brand","embeddable":true,"href":"https:\/\/shop.mittgard.de\/index.php?rest_route=%2Fwp%2Fv2%2Fproduct_brand&post=859"},{"taxonomy":"product_cat","embeddable":true,"href":"https:\/\/shop.mittgard.de\/index.php?rest_route=%2Fwp%2Fv2%2Fproduct_cat&post=859"},{"taxonomy":"product_tag","embeddable":true,"href":"https:\/\/shop.mittgard.de\/index.php?rest_route=%2Fwp%2Fv2%2Fproduct_tag&post=859"}],"curies":[{"name":"wp","href":"https:\/\/api.w.org\/{rel}","templated":true}]}}