{"id":8644,"date":"2019-11-07T16:11:08","date_gmt":"2019-11-07T15:11:08","guid":{"rendered":"http:\/\/shop.mittgard.de\/?post_type=product&#038;p=8644"},"modified":"2025-06-02T13:34:15","modified_gmt":"2025-06-02T11:34:15","slug":"strupp-justine-naturkosmetik-aus-kraeutern-im-jahreslauf","status":"publish","type":"product","link":"https:\/\/shop.mittgard.de\/?product=strupp-justine-naturkosmetik-aus-kraeutern-im-jahreslauf","title":{"rendered":"Strupp, Justine &#8222;Naturkosmetik aus Kr\u00e4utern im Jahreslauf&#8220;"},"content":{"rendered":"<p>Seifen, Salben, Tinkturen, Ausz\u00fcge und vieles mehr<\/p>\n<p>Naturkosmetik aus Kr\u00e4utern selbst herstellen<\/p>\n<p>Dieser Ratgeber f\u00fcr selbstgesammelte Kr\u00e4uter und Heilpflanzen aus der Natur sowie deren Anwendungsm\u00f6glichkeiten vereint traditionelles und modernes Wissen, um Naturkosmetikprodukte in der eigenen K\u00fcche herzustellen: Von der Seife, einer einfachen Tinktur bis hin zur aufw\u00e4ndig ger\u00fchrten Creme.<\/p>\n<p>Gezielt in Monatskapiteln aufgebaut, erkennt die Leserin oder der Leser jeden Monat auf den ersten Blick, welches Kraut gerade geerntet und was daraus gezaubert werden kann. So k\u00f6nnen praktisch das ganze Jahr \u00fcber eigene Produkte hergestellt werden.<\/p>\n<p>Von selbst gesammelten Maiwipfeln, die zu Hustensirup verarbeitet werden, einer M\u00fcckenstichsalbe aus Spitzwegerich, Lippenstift, der von Vogelmiere unterst\u00fctzt wird, oder einer sch\u00f6nen Brennesselseife f\u00fcr eine bessere Durchblutung &#8211; hier ist einfach f\u00fcr jeden Geschmack etwas dabei. Viele kleine Tipps helfen, Alltagsbeschwerden zu lindern. Die Rezepte sind leicht nachvollziehbar und teilweise mit farbigen Abbildungen und Schritt-f\u00fcr-Schritt-Fotos erkl\u00e4rt. Der Gro\u00dfteil der Produkte ist vegan und selbst f\u00fcr unsere Vierbeiner sind geeignete Pflegemittel enthalten.<\/p>\n<p>Gebundene Ausgabe, 160 Seiten<\/p>\n","protected":false},"excerpt":{"rendered":"<p>Geb<\/p>\n","protected":false},"featured_media":8645,"template":"","meta":[],"product_brand":[],"product_cat":[186,185,201],"product_tag":[971,937,237,220],"class_list":{"0":"post-8644","1":"product","2":"type-product","3":"status-publish","4":"has-post-thumbnail","6":"product_cat-alternativ-leben","7":"product_cat-literatur","8":"product_cat-naturheilkunde-kraeuterwissen","9":"product_tag-arznei","10":"product_tag-heilkraeuter","11":"product_tag-kosmetik","12":"product_tag-selbstversorger","13":"product_shipping_class-paket","15":"first","16":"onbackorder","17":"taxable","18":"shipping-taxable","19":"purchasable","20":"product-type-simple"},"_links":{"self":[{"href":"https:\/\/shop.mittgard.de\/index.php?rest_route=\/wp\/v2\/product\/8644","targetHints":{"allow":["GET"]}}],"collection":[{"href":"https:\/\/shop.mittgard.de\/index.php?rest_route=\/wp\/v2\/product"}],"about":[{"href":"https:\/\/shop.mittgard.de\/index.php?rest_route=\/wp\/v2\/types\/product"}],"wp:featuredmedia":[{"embeddable":true,"href":"https:\/\/shop.mittgard.de\/index.php?rest_route=\/wp\/v2\/media\/8645"}],"wp:attachment":[{"href":"https:\/\/shop.mittgard.de\/index.php?rest_route=%2Fwp%2Fv2%2Fmedia&parent=8644"}],"wp:term":[{"taxonomy":"product_brand","embeddable":true,"href":"https:\/\/shop.mittgard.de\/index.php?rest_route=%2Fwp%2Fv2%2Fproduct_brand&post=8644"},{"taxonomy":"product_cat","embeddable":true,"href":"https:\/\/shop.mittgard.de\/index.php?rest_route=%2Fwp%2Fv2%2Fproduct_cat&post=8644"},{"taxonomy":"product_tag","embeddable":true,"href":"https:\/\/shop.mittgard.de\/index.php?rest_route=%2Fwp%2Fv2%2Fproduct_tag&post=8644"}],"curies":[{"name":"wp","href":"https:\/\/api.w.org\/{rel}","templated":true}]}}