{"id":8654,"date":"2019-11-11T16:54:35","date_gmt":"2019-11-11T15:54:35","guid":{"rendered":"http:\/\/shop.mittgard.de\/?post_type=product&#038;p=8654"},"modified":"2024-12-15T12:18:18","modified_gmt":"2024-12-15T11:18:18","slug":"raetsch-mueller-ebeling-heidnische-weihnachten","status":"publish","type":"product","link":"https:\/\/shop.mittgard.de\/?product=raetsch-mueller-ebeling-heidnische-weihnachten","title":{"rendered":"R\u00e4tsch\/M\u00fcller-Ebeling &#8222;Heidnische Weihnachten&#8220;"},"content":{"rendered":"<p>Br\u00e4uche &#8211; Riten &#8211; Rituale<\/p>\n<p>Weihnachten neu und anders. Genau genommen, ist Weihnachten ein heidnisches Fest, \u00fcberlagert von sp\u00e4tantiken, altorientalischen und katholisch-liturgischen Br\u00e4uchen. Es ist das Fest der Wiedergeburt der Sonne, der Raun\u00e4chte, des Jahreswechsels, der G\u00f6tter und Geister. In den Weihnachtsbr\u00e4uchen tauchen, bunt gemischt, heimische wie exotische Pflanzen auf, Gew\u00fcrze aus dem Orient und aus der Neuen Welt, orientalisches und nordisches R\u00e4ucherwerk, Nord-und S\u00fcdfr\u00fcchte, Blumen und Ziergew\u00e4chse aus dem Regenwald, der W\u00fcste, dem Gebirge.<\/p>\n<p>Die Mythologie der Pflanzen f\u00fchrt zu den Urspr\u00fcngen der Kultur im Schamanismus, zur heiligen Botanik der Alten, zu den mittelalterlichen Br\u00e4uchen, zu Hexenzauber, D\u00e4monenbannung, Fruchtbarkeits- und Opferriten.<\/p>\n<p>Mit vielen Rezepten f\u00fcr R\u00e4ucherungen, Knastermischungen, Spezereien und Tr\u00fcnke.<\/p>\n<p>Gebundene Ausgabe, 328 Seiten<\/p>\n","protected":false},"excerpt":{"rendered":"<p>Geb<\/p>\n","protected":false},"featured_media":8655,"template":"","meta":[],"product_brand":[],"product_cat":[186,193,195,185],"product_tag":[318,352,224,653,972,223,382,365],"class_list":{"0":"post-8654","1":"product","2":"type-product","3":"status-publish","4":"has-post-thumbnail","6":"product_cat-alternativ-leben","7":"product_cat-germanen","8":"product_cat-hexentum-schamanismus","9":"product_cat-literatur","10":"product_tag-asatru","11":"product_tag-feste","12":"product_tag-heidentum","13":"product_tag-jul","14":"product_tag-mittwinter","15":"product_tag-naturreligion","16":"product_tag-rituale","17":"product_tag-schamanismus","18":"product_shipping_class-paket","20":"first","21":"onbackorder","22":"taxable","23":"shipping-taxable","24":"purchasable","25":"product-type-simple"},"_links":{"self":[{"href":"https:\/\/shop.mittgard.de\/index.php?rest_route=\/wp\/v2\/product\/8654","targetHints":{"allow":["GET"]}}],"collection":[{"href":"https:\/\/shop.mittgard.de\/index.php?rest_route=\/wp\/v2\/product"}],"about":[{"href":"https:\/\/shop.mittgard.de\/index.php?rest_route=\/wp\/v2\/types\/product"}],"wp:featuredmedia":[{"embeddable":true,"href":"https:\/\/shop.mittgard.de\/index.php?rest_route=\/wp\/v2\/media\/8655"}],"wp:attachment":[{"href":"https:\/\/shop.mittgard.de\/index.php?rest_route=%2Fwp%2Fv2%2Fmedia&parent=8654"}],"wp:term":[{"taxonomy":"product_brand","embeddable":true,"href":"https:\/\/shop.mittgard.de\/index.php?rest_route=%2Fwp%2Fv2%2Fproduct_brand&post=8654"},{"taxonomy":"product_cat","embeddable":true,"href":"https:\/\/shop.mittgard.de\/index.php?rest_route=%2Fwp%2Fv2%2Fproduct_cat&post=8654"},{"taxonomy":"product_tag","embeddable":true,"href":"https:\/\/shop.mittgard.de\/index.php?rest_route=%2Fwp%2Fv2%2Fproduct_tag&post=8654"}],"curies":[{"name":"wp","href":"https:\/\/api.w.org\/{rel}","templated":true}]}}