{"id":8659,"date":"2019-11-11T17:03:47","date_gmt":"2019-11-11T16:03:47","guid":{"rendered":"http:\/\/shop.mittgard.de\/?post_type=product&#038;p=8659"},"modified":"2024-12-15T12:34:10","modified_gmt":"2024-12-15T11:34:10","slug":"storl-wolf-dieter-naturrituale","status":"publish","type":"product","link":"https:\/\/shop.mittgard.de\/?product=storl-wolf-dieter-naturrituale","title":{"rendered":"Storl, Wolf-Dieter &#8222;Naturrituale&#8220;"},"content":{"rendered":"<p>Mit schamanischen Ritualen zu den eigenen Wurzeln finden<\/p>\n<p>Schamanische Techniken und Rituale, deren Wurzeln in die Steinzeit zur\u00fcckreichen, k\u00f6nnen auch dem modernen Menschen Wege zur geistigen Dimension er\u00f6ffnen.<\/p>\n<p>Der Autor erl\u00e4utert anhand zahlreicher Beispiele aus Amerika, Asien, Australien und Afrika die Struktur der Naturrituale. Vor allem aber widmet er sich der versch\u00fctteten \u00dcberlieferung der europ\u00e4ischen Waldlandv\u00f6lker, der Kelten, Germanen und Slawen. Dabei werden auch ganz praktische Fragen behandelt: Wann und aus welchem Grund wird ein Ritual durchgef\u00fchrt? Welche Ritualgegenst\u00e4nde, welche R\u00e4ucherstoffe und Hilfsmittel verwendet man? Welches ist der richtige Ort und die richtige Zeit f\u00fcr ein Ritual?<\/p>\n<p>Naturrituale &#8211; auch f\u00fcr den heutigen Menschen ein Weg, die Seele zu \u00f6ffnen und an die Schwelle der &#8222;Traumzeitdimension&#8220; heranzuf\u00fchren.<\/p>\n<p>Gebundene Ausgabe, 304 Seiten<\/p>\n","protected":false},"excerpt":{"rendered":"<p>Geb<\/p>\n","protected":false},"featured_media":8660,"template":"","meta":[],"product_brand":[],"product_cat":[186,195,185],"product_tag":[223,382,365],"class_list":{"0":"post-8659","1":"product","2":"type-product","3":"status-publish","4":"has-post-thumbnail","6":"product_cat-alternativ-leben","7":"product_cat-hexentum-schamanismus","8":"product_cat-literatur","9":"product_tag-naturreligion","10":"product_tag-rituale","11":"product_tag-schamanismus","12":"product_shipping_class-paket","14":"first","15":"onbackorder","16":"taxable","17":"shipping-taxable","18":"purchasable","19":"product-type-simple"},"_links":{"self":[{"href":"https:\/\/shop.mittgard.de\/index.php?rest_route=\/wp\/v2\/product\/8659","targetHints":{"allow":["GET"]}}],"collection":[{"href":"https:\/\/shop.mittgard.de\/index.php?rest_route=\/wp\/v2\/product"}],"about":[{"href":"https:\/\/shop.mittgard.de\/index.php?rest_route=\/wp\/v2\/types\/product"}],"wp:featuredmedia":[{"embeddable":true,"href":"https:\/\/shop.mittgard.de\/index.php?rest_route=\/wp\/v2\/media\/8660"}],"wp:attachment":[{"href":"https:\/\/shop.mittgard.de\/index.php?rest_route=%2Fwp%2Fv2%2Fmedia&parent=8659"}],"wp:term":[{"taxonomy":"product_brand","embeddable":true,"href":"https:\/\/shop.mittgard.de\/index.php?rest_route=%2Fwp%2Fv2%2Fproduct_brand&post=8659"},{"taxonomy":"product_cat","embeddable":true,"href":"https:\/\/shop.mittgard.de\/index.php?rest_route=%2Fwp%2Fv2%2Fproduct_cat&post=8659"},{"taxonomy":"product_tag","embeddable":true,"href":"https:\/\/shop.mittgard.de\/index.php?rest_route=%2Fwp%2Fv2%2Fproduct_tag&post=8659"}],"curies":[{"name":"wp","href":"https:\/\/api.w.org\/{rel}","templated":true}]}}