{"id":866,"date":"2018-03-07T00:40:52","date_gmt":"2018-03-06T23:40:52","guid":{"rendered":"http:\/\/shop.mittgard.de\/?product=import-placeholder-for-281"},"modified":"2026-03-25T16:00:19","modified_gmt":"2026-03-25T15:00:19","slug":"damiana-50g","status":"publish","type":"product","link":"https:\/\/shop.mittgard.de\/?product=damiana-50g","title":{"rendered":"Damiana, Bl\u00e4tter, geschnitten (100g)"},"content":{"rendered":"<p>Bl\u00e4tter, geschnitten<\/p>\n\r\n\t<a class=\"paoc-popup-click paoc-popup-cust-9097 paoc-popup-simple_link paoc-popup-link\" href=\"javascript:void(0);\">Geschichtliches samt Rezept<\/a>\r\n\r\n\n<pre class=\"western\"><span style=\"font-family: georgia, palatino, serif; font-size: 14pt;\"><strong>Damiana - Liebesschnaps<\/strong>\r\n\r\nMan setzt 200 g Damiana auf 1 Flasche wei\u00dfen Rum an und l\u00e4\u00dft\r\ndas Ganze 4 Wochen an einem warmen Ort stehen und seiht dann \r\nab. Der Schnaps sollte Teel\u00f6ffelweise tags\u00fcber eingenommen \r\nwerden, um die sexuelle Bereitschaft zu steigern. \r\nOder er wird mit Fruchts\u00e4ften vermischt als stark sexuell \r\nstimulierender Lik\u00f6r getrunken.\r\nMan kann Damiana auch auf Met ansetzen und als Damiana-Wein\r\ntrinken. Die Wirkung ist dann nicht ganz so stark, eher leicht\r\nstimulierend.\r\n\r\n<\/span><\/pre>\n<pre><span style=\"font-family: georgia, palatino, serif; font-size: 14pt;\"><strong>Vanille - Rosen \u2013 Liebestrunk<\/strong>\r\n\r\n450 g frische Rosenbl\u00fctenbl\u00e4tter\r\noder\r\n120 g getrocknete Rosenbl\u00fctenbl\u00e4tter\r\n4 Vanillestangen\r\n120 g M\u00f6nchspfeffer\r\n120 g Damiana\r\n1 l Branntwein\r\n\r\nAlles 2 Wochen lang an einen k\u00fchlen Ort stellen, filtrieren\r\n&amp; abf\u00fcllen; eventuell mit Honig s\u00fc\u00dfen. Der Trunk ist nicht so \r\nharmlos, wie er klingt. Die Vanilleschoten verleihen dem \r\nGebr\u00e4u eine ordentliche Sch\u00e4rfe, die wirkt!<\/span><\/pre>\n","protected":false},"excerpt":{"rendered":"<p>Bl\u00e4tter, geschnitten Damiana &#8211; Liebesschnaps Man setzt 200 g Damiana auf 1 Flasche wei\u00dfen Rum an und l\u00e4\u00dft das Ganze 4 Wochen an einem warmen Ort stehen und seiht dann ab. Der Schnaps sollte Teel\u00f6ffelweise tags\u00fcber eingenommen werden, um die sexuelle Bereitschaft zu steigern. Oder er wird mit Fruchts\u00e4ften vermischt als stark sexuell stimulierender Lik\u00f6r &hellip; <\/p>\n<p class=\"link-more\"><a href=\"https:\/\/shop.mittgard.de\/?product=damiana-50g\" class=\"more-link\"><span class=\"screen-reader-text\">\u201eDamiana, Bl\u00e4tter, geschnitten (100g)\u201c <\/span>weiterlesen<\/a><\/p>\n","protected":false},"featured_media":1143,"template":"","meta":[],"product_brand":[],"product_cat":[16,102],"product_tag":[],"class_list":{"0":"post-866","1":"product","2":"type-product","3":"status-publish","4":"has-post-thumbnail","6":"product_cat-kraeuter","7":"product_cat-weitere-kraeuter","8":"product_shipping_class-paket","10":"first","11":"instock","12":"taxable","13":"shipping-taxable","14":"purchasable","15":"product-type-simple"},"_links":{"self":[{"href":"https:\/\/shop.mittgard.de\/index.php?rest_route=\/wp\/v2\/product\/866","targetHints":{"allow":["GET"]}}],"collection":[{"href":"https:\/\/shop.mittgard.de\/index.php?rest_route=\/wp\/v2\/product"}],"about":[{"href":"https:\/\/shop.mittgard.de\/index.php?rest_route=\/wp\/v2\/types\/product"}],"wp:featuredmedia":[{"embeddable":true,"href":"https:\/\/shop.mittgard.de\/index.php?rest_route=\/wp\/v2\/media\/1143"}],"wp:attachment":[{"href":"https:\/\/shop.mittgard.de\/index.php?rest_route=%2Fwp%2Fv2%2Fmedia&parent=866"}],"wp:term":[{"taxonomy":"product_brand","embeddable":true,"href":"https:\/\/shop.mittgard.de\/index.php?rest_route=%2Fwp%2Fv2%2Fproduct_brand&post=866"},{"taxonomy":"product_cat","embeddable":true,"href":"https:\/\/shop.mittgard.de\/index.php?rest_route=%2Fwp%2Fv2%2Fproduct_cat&post=866"},{"taxonomy":"product_tag","embeddable":true,"href":"https:\/\/shop.mittgard.de\/index.php?rest_route=%2Fwp%2Fv2%2Fproduct_tag&post=866"}],"curies":[{"name":"wp","href":"https:\/\/api.w.org\/{rel}","templated":true}]}}