{"id":8835,"date":"2019-12-03T10:28:15","date_gmt":"2019-12-03T09:28:15","guid":{"rendered":"http:\/\/shop.mittgard.de\/?post_type=product&#038;p=8835"},"modified":"2025-12-10T10:29:24","modified_gmt":"2025-12-10T09:29:24","slug":"noffke-brunhilde-maerchen-fuer-winter-und-weihnacht","status":"publish","type":"product","link":"https:\/\/shop.mittgard.de\/?product=noffke-brunhilde-maerchen-fuer-winter-und-weihnacht","title":{"rendered":"Noffke, Brunhilde &#8222;M\u00e4rchen f\u00fcr Winter und Weihnacht&#8220;"},"content":{"rendered":"<p>Auch heute noch vermitteln Winter und Weihnacht Abschluss und Neuanfang. Es ist die Zeit der Jahresr\u00fcckschauen und der neuen Ziele, der Wunschzettel und der Geschenke.<\/p>\n<p>Von den damit verbundenen Freuden und M\u00fchen erz\u00e4hlen die hier versammelten M\u00e4rchen und Geschichten. Sie bieten Sternstunden der Besinnung und der Freude in der dunklen Jahreszeit.<\/p>\n<p>Gebundene Ausgabe, 192 Seiten<\/p>\n","protected":false},"excerpt":{"rendered":"<p>HC<\/p>\n","protected":false},"featured_media":8836,"template":"","meta":[],"product_brand":[],"product_cat":[185,213],"product_tag":[391,396,536],"class_list":{"0":"post-8835","1":"product","2":"type-product","3":"status-publish","4":"has-post-thumbnail","6":"product_cat-literatur","7":"product_cat-maerchen","8":"product_tag-maerchen","9":"product_tag-weihnachten","10":"product_tag-winter","11":"product_shipping_class-paket","13":"first","14":"onbackorder","15":"taxable","16":"shipping-taxable","17":"purchasable","18":"product-type-simple"},"_links":{"self":[{"href":"https:\/\/shop.mittgard.de\/index.php?rest_route=\/wp\/v2\/product\/8835","targetHints":{"allow":["GET"]}}],"collection":[{"href":"https:\/\/shop.mittgard.de\/index.php?rest_route=\/wp\/v2\/product"}],"about":[{"href":"https:\/\/shop.mittgard.de\/index.php?rest_route=\/wp\/v2\/types\/product"}],"wp:featuredmedia":[{"embeddable":true,"href":"https:\/\/shop.mittgard.de\/index.php?rest_route=\/wp\/v2\/media\/8836"}],"wp:attachment":[{"href":"https:\/\/shop.mittgard.de\/index.php?rest_route=%2Fwp%2Fv2%2Fmedia&parent=8835"}],"wp:term":[{"taxonomy":"product_brand","embeddable":true,"href":"https:\/\/shop.mittgard.de\/index.php?rest_route=%2Fwp%2Fv2%2Fproduct_brand&post=8835"},{"taxonomy":"product_cat","embeddable":true,"href":"https:\/\/shop.mittgard.de\/index.php?rest_route=%2Fwp%2Fv2%2Fproduct_cat&post=8835"},{"taxonomy":"product_tag","embeddable":true,"href":"https:\/\/shop.mittgard.de\/index.php?rest_route=%2Fwp%2Fv2%2Fproduct_tag&post=8835"}],"curies":[{"name":"wp","href":"https:\/\/api.w.org\/{rel}","templated":true}]}}