{"id":8859,"date":"2019-12-10T12:31:04","date_gmt":"2019-12-10T11:31:04","guid":{"rendered":"http:\/\/shop.mittgard.de\/?post_type=product&#038;p=8859"},"modified":"2024-12-13T13:23:00","modified_gmt":"2024-12-13T12:23:00","slug":"lunula-anhaenger-silber","status":"publish","type":"product","link":"https:\/\/shop.mittgard.de\/?product=lunula-anhaenger-silber","title":{"rendered":"Lunula-Anh\u00e4nger Silber"},"content":{"rendered":"<p>Der Lunula-Anh\u00e4nger war bereits seit der Antike in vielen Kulturen Symbol f\u00fcr die Mondg\u00f6ttin. Hier verbunden mit dem christlichen Kreuz wurde er besonders in slawischen Gebieten als Anh\u00e4nger oder Schl\u00e4fenschmuck getragen.<\/p>\n<p>925er Silber, antik geschw\u00e4rzt, 2,8 x 3,5 cm, Handarbeit aus Russland<\/p>\n<p>Inklusive Lederband<\/p>\n","protected":false},"excerpt":{"rendered":"<p>Der Lunula-Anh\u00e4nger war bereits seit der Antike in vielen Kulturen Symbol f\u00fcr die Mondg\u00f6ttin. Hier verbunden mit dem christlichen Kreuz wurde er besonders in slawischen Gebieten als Anh\u00e4nger oder Schl\u00e4fenschmuck getragen. 925er Silber, antik geschw\u00e4rzt, 2,8 x 3,5 cm, Handarbeit aus Russland Inklusive Lederband<\/p>\n","protected":false},"featured_media":8860,"template":"","meta":[],"product_brand":[],"product_cat":[474,456,455],"product_tag":[986,652,585,502,353],"class_list":{"0":"post-8859","1":"product","2":"type-product","3":"status-publish","4":"has-post-thumbnail","6":"product_cat-anhaenger","7":"product_cat-germanen-wikinger","8":"product_cat-schmuck","9":"product_tag-lunula","10":"product_tag-mond","11":"product_tag-rus","12":"product_tag-russland","13":"product_tag-slawen","14":"product_shipping_class-brief","16":"first","17":"instock","18":"taxable","19":"shipping-taxable","20":"purchasable","21":"product-type-simple"},"_links":{"self":[{"href":"https:\/\/shop.mittgard.de\/index.php?rest_route=\/wp\/v2\/product\/8859","targetHints":{"allow":["GET"]}}],"collection":[{"href":"https:\/\/shop.mittgard.de\/index.php?rest_route=\/wp\/v2\/product"}],"about":[{"href":"https:\/\/shop.mittgard.de\/index.php?rest_route=\/wp\/v2\/types\/product"}],"wp:featuredmedia":[{"embeddable":true,"href":"https:\/\/shop.mittgard.de\/index.php?rest_route=\/wp\/v2\/media\/8860"}],"wp:attachment":[{"href":"https:\/\/shop.mittgard.de\/index.php?rest_route=%2Fwp%2Fv2%2Fmedia&parent=8859"}],"wp:term":[{"taxonomy":"product_brand","embeddable":true,"href":"https:\/\/shop.mittgard.de\/index.php?rest_route=%2Fwp%2Fv2%2Fproduct_brand&post=8859"},{"taxonomy":"product_cat","embeddable":true,"href":"https:\/\/shop.mittgard.de\/index.php?rest_route=%2Fwp%2Fv2%2Fproduct_cat&post=8859"},{"taxonomy":"product_tag","embeddable":true,"href":"https:\/\/shop.mittgard.de\/index.php?rest_route=%2Fwp%2Fv2%2Fproduct_tag&post=8859"}],"curies":[{"name":"wp","href":"https:\/\/api.w.org\/{rel}","templated":true}]}}