{"id":8870,"date":"2019-12-10T12:45:37","date_gmt":"2019-12-10T11:45:37","guid":{"rendered":"http:\/\/shop.mittgard.de\/?post_type=product&#038;p=8870"},"modified":"2026-04-13T09:21:07","modified_gmt":"2026-04-13T07:21:07","slug":"wikingerring-2-klein-bronze-kopie","status":"publish","type":"product","link":"https:\/\/shop.mittgard.de\/?product=wikingerring-2-klein-bronze-kopie","title":{"rendered":"Wikingerring 2 klein Bronze"},"content":{"rendered":"<p>massiv gearbeitet mit typischem Zickzackmuster &amp; Kreisaugenpunzen<\/p>\n<p>Damengr\u00f6\u00dfe, verstellbar in den Gr\u00f6\u00dfen 52 &#8211; 60, Schmuckbronze<\/p>\n","protected":false},"excerpt":{"rendered":"<p>massiv gearbeitet mit typischem Zickzackmuster &amp; Kreisaugenpunzen Damengr\u00f6\u00dfe, verstellbar in den Gr\u00f6\u00dfen 52 &#8211; 60, Schmuckbronze<\/p>\n","protected":false},"featured_media":8868,"template":"","meta":[],"product_brand":[],"product_cat":[470,455],"product_tag":[472,988,311],"class_list":{"0":"post-8870","1":"product","2":"type-product","3":"status-publish","4":"has-post-thumbnail","6":"product_cat-ohr-fingerringe","7":"product_cat-schmuck","8":"product_tag-bronze","9":"product_tag-punzierung","10":"product_tag-wikinger","11":"product_shipping_class-brief","13":"first","14":"onbackorder","15":"taxable","16":"shipping-taxable","17":"purchasable","18":"product-type-simple"},"_links":{"self":[{"href":"https:\/\/shop.mittgard.de\/index.php?rest_route=\/wp\/v2\/product\/8870","targetHints":{"allow":["GET"]}}],"collection":[{"href":"https:\/\/shop.mittgard.de\/index.php?rest_route=\/wp\/v2\/product"}],"about":[{"href":"https:\/\/shop.mittgard.de\/index.php?rest_route=\/wp\/v2\/types\/product"}],"wp:featuredmedia":[{"embeddable":true,"href":"https:\/\/shop.mittgard.de\/index.php?rest_route=\/wp\/v2\/media\/8868"}],"wp:attachment":[{"href":"https:\/\/shop.mittgard.de\/index.php?rest_route=%2Fwp%2Fv2%2Fmedia&parent=8870"}],"wp:term":[{"taxonomy":"product_brand","embeddable":true,"href":"https:\/\/shop.mittgard.de\/index.php?rest_route=%2Fwp%2Fv2%2Fproduct_brand&post=8870"},{"taxonomy":"product_cat","embeddable":true,"href":"https:\/\/shop.mittgard.de\/index.php?rest_route=%2Fwp%2Fv2%2Fproduct_cat&post=8870"},{"taxonomy":"product_tag","embeddable":true,"href":"https:\/\/shop.mittgard.de\/index.php?rest_route=%2Fwp%2Fv2%2Fproduct_tag&post=8870"}],"curies":[{"name":"wp","href":"https:\/\/api.w.org\/{rel}","templated":true}]}}