{"id":8897,"date":"2019-12-10T13:13:51","date_gmt":"2019-12-10T12:13:51","guid":{"rendered":"http:\/\/shop.mittgard.de\/?post_type=product&#038;p=8897"},"modified":"2024-12-13T14:09:48","modified_gmt":"2024-12-13T13:09:48","slug":"wikingerring-offen-gross-bronze","status":"publish","type":"product","link":"https:\/\/shop.mittgard.de\/?product=wikingerring-offen-gross-bronze","title":{"rendered":"Wikingerring offen gro\u00df Bronze"},"content":{"rendered":"<p>Auch als Fu\u00dfring f\u00fcr den gro\u00dfen Zeh geeignet.<\/p>\n<p>Herrengr\u00f6\u00dfe, verstellbar in den Gr\u00f6\u00dfen 60 &#8211; 70,<\/p>\n<p>Schmuckbronze, antik geschw\u00e4rzt<\/p>\n","protected":false},"excerpt":{"rendered":"<p>Auch als Fu\u00dfring f\u00fcr den gro\u00dfen Zeh geeignet. Herrengr\u00f6\u00dfe, verstellbar in den Gr\u00f6\u00dfen 60 &#8211; 70, Schmuckbronze, antik geschw\u00e4rzt<\/p>\n","protected":false},"featured_media":8895,"template":"","meta":[],"product_brand":[],"product_cat":[470,455],"product_tag":[472,311,990],"class_list":{"0":"post-8897","1":"product","2":"type-product","3":"status-publish","4":"has-post-thumbnail","6":"product_cat-ohr-fingerringe","7":"product_cat-schmuck","8":"product_tag-bronze","9":"product_tag-wikinger","10":"product_tag-zehenring","11":"product_shipping_class-brief","13":"first","14":"onbackorder","15":"taxable","16":"shipping-taxable","17":"purchasable","18":"product-type-simple"},"_links":{"self":[{"href":"https:\/\/shop.mittgard.de\/index.php?rest_route=\/wp\/v2\/product\/8897","targetHints":{"allow":["GET"]}}],"collection":[{"href":"https:\/\/shop.mittgard.de\/index.php?rest_route=\/wp\/v2\/product"}],"about":[{"href":"https:\/\/shop.mittgard.de\/index.php?rest_route=\/wp\/v2\/types\/product"}],"wp:featuredmedia":[{"embeddable":true,"href":"https:\/\/shop.mittgard.de\/index.php?rest_route=\/wp\/v2\/media\/8895"}],"wp:attachment":[{"href":"https:\/\/shop.mittgard.de\/index.php?rest_route=%2Fwp%2Fv2%2Fmedia&parent=8897"}],"wp:term":[{"taxonomy":"product_brand","embeddable":true,"href":"https:\/\/shop.mittgard.de\/index.php?rest_route=%2Fwp%2Fv2%2Fproduct_brand&post=8897"},{"taxonomy":"product_cat","embeddable":true,"href":"https:\/\/shop.mittgard.de\/index.php?rest_route=%2Fwp%2Fv2%2Fproduct_cat&post=8897"},{"taxonomy":"product_tag","embeddable":true,"href":"https:\/\/shop.mittgard.de\/index.php?rest_route=%2Fwp%2Fv2%2Fproduct_tag&post=8897"}],"curies":[{"name":"wp","href":"https:\/\/api.w.org\/{rel}","templated":true}]}}