{"id":8901,"date":"2019-12-10T13:16:42","date_gmt":"2019-12-10T12:16:42","guid":{"rendered":"http:\/\/shop.mittgard.de\/?post_type=product&#038;p=8901"},"modified":"2026-01-29T10:22:05","modified_gmt":"2026-01-29T09:22:05","slug":"wikingerring-offen-klein-silber","status":"publish","type":"product","link":"https:\/\/shop.mittgard.de\/?product=wikingerring-offen-klein-silber","title":{"rendered":"Wikingerring offen klein Silber"},"content":{"rendered":"<p>Auch als Fu\u00dfring f\u00fcr den gro\u00dfen Zeh geeignet.<\/p>\n<p>Damengr\u00f6\u00dfe, verstellbar in den Gr\u00f6\u00dfen 52 &#8211; 60,<\/p>\n<p>925er Silber, antik geschw\u00e4rzt<\/p>\n","protected":false},"excerpt":{"rendered":"<p>Auch als Fu\u00dfring f\u00fcr den gro\u00dfen Zeh geeignet. Damengr\u00f6\u00dfe, verstellbar in den Gr\u00f6\u00dfen 52 &#8211; 60, 925er Silber, antik geschw\u00e4rzt<\/p>\n","protected":false},"featured_media":8899,"template":"","meta":[],"product_brand":[],"product_cat":[470,455],"product_tag":[471,311,990],"class_list":{"0":"post-8901","1":"product","2":"type-product","3":"status-publish","4":"has-post-thumbnail","6":"product_cat-ohr-fingerringe","7":"product_cat-schmuck","8":"product_tag-silber","9":"product_tag-wikinger","10":"product_tag-zehenring","11":"product_shipping_class-brief","13":"first","14":"onbackorder","15":"taxable","16":"shipping-taxable","17":"purchasable","18":"product-type-simple"},"_links":{"self":[{"href":"https:\/\/shop.mittgard.de\/index.php?rest_route=\/wp\/v2\/product\/8901","targetHints":{"allow":["GET"]}}],"collection":[{"href":"https:\/\/shop.mittgard.de\/index.php?rest_route=\/wp\/v2\/product"}],"about":[{"href":"https:\/\/shop.mittgard.de\/index.php?rest_route=\/wp\/v2\/types\/product"}],"wp:featuredmedia":[{"embeddable":true,"href":"https:\/\/shop.mittgard.de\/index.php?rest_route=\/wp\/v2\/media\/8899"}],"wp:attachment":[{"href":"https:\/\/shop.mittgard.de\/index.php?rest_route=%2Fwp%2Fv2%2Fmedia&parent=8901"}],"wp:term":[{"taxonomy":"product_brand","embeddable":true,"href":"https:\/\/shop.mittgard.de\/index.php?rest_route=%2Fwp%2Fv2%2Fproduct_brand&post=8901"},{"taxonomy":"product_cat","embeddable":true,"href":"https:\/\/shop.mittgard.de\/index.php?rest_route=%2Fwp%2Fv2%2Fproduct_cat&post=8901"},{"taxonomy":"product_tag","embeddable":true,"href":"https:\/\/shop.mittgard.de\/index.php?rest_route=%2Fwp%2Fv2%2Fproduct_tag&post=8901"}],"curies":[{"name":"wp","href":"https:\/\/api.w.org\/{rel}","templated":true}]}}