{"id":8908,"date":"2019-12-10T13:26:02","date_gmt":"2019-12-10T12:26:02","guid":{"rendered":"http:\/\/shop.mittgard.de\/?post_type=product&#038;p=8908"},"modified":"2026-01-29T10:27:16","modified_gmt":"2026-01-29T09:27:16","slug":"wikingerring-4-gross-bronze","status":"publish","type":"product","link":"https:\/\/shop.mittgard.de\/?product=wikingerring-4-gross-bronze","title":{"rendered":"Wikingerring 4 gro\u00df Bronze"},"content":{"rendered":"<p>massiv gearbeitet nach einem Originalfund aus D\u00e4nemark<\/p>\n<p>Herrengr\u00f6\u00dfe 68, Schmuckbronze, mit Dreieckspunzen verziert, 2,60 cm Breite<\/p>\n","protected":false},"excerpt":{"rendered":"<p>massiv gearbeitet nach einem Originalfund aus D\u00e4nemark Herrengr\u00f6\u00dfe 68, Schmuckbronze, mit Dreieckspunzen verziert, 2,60 cm Breite<\/p>\n","protected":false},"featured_media":8906,"template":"","meta":[],"product_brand":[],"product_cat":[470,455],"product_tag":[472,549,311],"class_list":{"0":"post-8908","1":"product","2":"type-product","3":"status-publish","4":"has-post-thumbnail","6":"product_cat-ohr-fingerringe","7":"product_cat-schmuck","8":"product_tag-bronze","9":"product_tag-daenemark","10":"product_tag-wikinger","11":"product_shipping_class-brief","13":"first","14":"onbackorder","15":"taxable","16":"shipping-taxable","17":"purchasable","18":"product-type-simple"},"_links":{"self":[{"href":"https:\/\/shop.mittgard.de\/index.php?rest_route=\/wp\/v2\/product\/8908","targetHints":{"allow":["GET"]}}],"collection":[{"href":"https:\/\/shop.mittgard.de\/index.php?rest_route=\/wp\/v2\/product"}],"about":[{"href":"https:\/\/shop.mittgard.de\/index.php?rest_route=\/wp\/v2\/types\/product"}],"wp:featuredmedia":[{"embeddable":true,"href":"https:\/\/shop.mittgard.de\/index.php?rest_route=\/wp\/v2\/media\/8906"}],"wp:attachment":[{"href":"https:\/\/shop.mittgard.de\/index.php?rest_route=%2Fwp%2Fv2%2Fmedia&parent=8908"}],"wp:term":[{"taxonomy":"product_brand","embeddable":true,"href":"https:\/\/shop.mittgard.de\/index.php?rest_route=%2Fwp%2Fv2%2Fproduct_brand&post=8908"},{"taxonomy":"product_cat","embeddable":true,"href":"https:\/\/shop.mittgard.de\/index.php?rest_route=%2Fwp%2Fv2%2Fproduct_cat&post=8908"},{"taxonomy":"product_tag","embeddable":true,"href":"https:\/\/shop.mittgard.de\/index.php?rest_route=%2Fwp%2Fv2%2Fproduct_tag&post=8908"}],"curies":[{"name":"wp","href":"https:\/\/api.w.org\/{rel}","templated":true}]}}