{"id":8917,"date":"2019-12-10T13:37:03","date_gmt":"2019-12-10T12:37:03","guid":{"rendered":"http:\/\/shop.mittgard.de\/?post_type=product&#038;p=8917"},"modified":"2025-06-10T12:27:31","modified_gmt":"2025-06-10T10:27:31","slug":"runenring-klein-bronze","status":"publish","type":"product","link":"https:\/\/shop.mittgard.de\/?product=runenring-klein-bronze","title":{"rendered":"Runenring klein Bronze"},"content":{"rendered":"<p>Schmuckbronze, antik geschw\u00e4rzt<\/p>\n<p>Damengr\u00f6\u00dfe 60<\/p>\n","protected":false},"excerpt":{"rendered":"<p>Schmuckbronze, antik geschw\u00e4rzt Damengr\u00f6\u00dfe 60<\/p>\n","protected":false},"featured_media":8918,"template":"","meta":[],"product_brand":[],"product_cat":[456,470,455],"product_tag":[336,319,311],"class_list":{"0":"post-8917","1":"product","2":"type-product","3":"status-publish","4":"has-post-thumbnail","6":"product_cat-germanen-wikinger","7":"product_cat-ohr-fingerringe","8":"product_cat-schmuck","9":"product_tag-germanen","10":"product_tag-runen","11":"product_tag-wikinger","12":"product_shipping_class-brief","14":"first","15":"onbackorder","16":"taxable","17":"shipping-taxable","18":"purchasable","19":"product-type-simple"},"_links":{"self":[{"href":"https:\/\/shop.mittgard.de\/index.php?rest_route=\/wp\/v2\/product\/8917","targetHints":{"allow":["GET"]}}],"collection":[{"href":"https:\/\/shop.mittgard.de\/index.php?rest_route=\/wp\/v2\/product"}],"about":[{"href":"https:\/\/shop.mittgard.de\/index.php?rest_route=\/wp\/v2\/types\/product"}],"wp:featuredmedia":[{"embeddable":true,"href":"https:\/\/shop.mittgard.de\/index.php?rest_route=\/wp\/v2\/media\/8918"}],"wp:attachment":[{"href":"https:\/\/shop.mittgard.de\/index.php?rest_route=%2Fwp%2Fv2%2Fmedia&parent=8917"}],"wp:term":[{"taxonomy":"product_brand","embeddable":true,"href":"https:\/\/shop.mittgard.de\/index.php?rest_route=%2Fwp%2Fv2%2Fproduct_brand&post=8917"},{"taxonomy":"product_cat","embeddable":true,"href":"https:\/\/shop.mittgard.de\/index.php?rest_route=%2Fwp%2Fv2%2Fproduct_cat&post=8917"},{"taxonomy":"product_tag","embeddable":true,"href":"https:\/\/shop.mittgard.de\/index.php?rest_route=%2Fwp%2Fv2%2Fproduct_tag&post=8917"}],"curies":[{"name":"wp","href":"https:\/\/api.w.org\/{rel}","templated":true}]}}