{"id":9058,"date":"2020-01-18T16:16:38","date_gmt":"2020-01-18T15:16:38","guid":{"rendered":"http:\/\/shop.mittgard.de\/?post_type=product&#038;p=9058"},"modified":"2024-12-15T14:30:33","modified_gmt":"2024-12-15T13:30:33","slug":"zeppetzauer-christian-kerbschnitzen","status":"publish","type":"product","link":"https:\/\/shop.mittgard.de\/?product=zeppetzauer-christian-kerbschnitzen","title":{"rendered":"Zeppetzauer, Christian &#8222;Kerbschnitzen&#8220;"},"content":{"rendered":"<p>Kerbschnitzen &#8211; Schritt f\u00fcr Schritt erkl\u00e4rt<\/p>\n<p>Viele, die gerne mit Holz arbeiten, haben das Kerbschnitzen zu ihrem Hobby gemacht. Dieses Buch f\u00fchrt sowohl den ge\u00fcbten Schnitzer wie auch den Anf\u00e4nger vom \u00fcblichen Schnitzen mit dem Kerbschnitzmesser zum Schnitzen mit dem Bildhauereisen, das den Vorteil einer exakten Schnittf\u00fchrung hat.<\/p>\n<p>Aus dem Inhalt:<\/p>\n<ul>\n<li>Der Werkstoff Holz (Trocknung, Eignung zum Schnitzen)<\/li>\n<li>Das Werkzeug (Grundausstattung, Tipps zum Sch\u00e4rfen&#8230;)<\/li>\n<li>Motive und Motivauswahl<\/li>\n<li>Schnitz\u00fcbungen\u00a0 (Einfache Kerbe, Kerbe mit zwei und drei Einsatzlinien, Sechsstern, Sonnenrad, Sonnenwirbel, Zapf, Einfache Hohlkerbe, \u00c4hrenmuster, Blattmuster)<\/li>\n<li>Musterbeispiele<\/li>\n<li>Schriften<\/li>\n<li>Anwendungsbeispiele<\/li>\n<\/ul>\n<p>Mit Schritt-f\u00fcr-Schritt-Fotos!<\/p>\n<p>Gebundene Ausgabe, 128 Seiten<\/p>\n","protected":false},"excerpt":{"rendered":"<p>HC<\/p>\n","protected":false},"featured_media":9059,"template":"","meta":[],"product_brand":[],"product_cat":[188,185],"product_tag":[233,266,265],"class_list":{"0":"post-9058","1":"product","2":"type-product","3":"status-publish","4":"has-post-thumbnail","6":"product_cat-altes-handwerk","7":"product_cat-literatur","8":"product_tag-handwerk","9":"product_tag-holz","10":"product_tag-schnitzen","11":"product_shipping_class-paket","13":"first","14":"onbackorder","15":"taxable","16":"shipping-taxable","17":"purchasable","18":"product-type-simple"},"_links":{"self":[{"href":"https:\/\/shop.mittgard.de\/index.php?rest_route=\/wp\/v2\/product\/9058","targetHints":{"allow":["GET"]}}],"collection":[{"href":"https:\/\/shop.mittgard.de\/index.php?rest_route=\/wp\/v2\/product"}],"about":[{"href":"https:\/\/shop.mittgard.de\/index.php?rest_route=\/wp\/v2\/types\/product"}],"wp:featuredmedia":[{"embeddable":true,"href":"https:\/\/shop.mittgard.de\/index.php?rest_route=\/wp\/v2\/media\/9059"}],"wp:attachment":[{"href":"https:\/\/shop.mittgard.de\/index.php?rest_route=%2Fwp%2Fv2%2Fmedia&parent=9058"}],"wp:term":[{"taxonomy":"product_brand","embeddable":true,"href":"https:\/\/shop.mittgard.de\/index.php?rest_route=%2Fwp%2Fv2%2Fproduct_brand&post=9058"},{"taxonomy":"product_cat","embeddable":true,"href":"https:\/\/shop.mittgard.de\/index.php?rest_route=%2Fwp%2Fv2%2Fproduct_cat&post=9058"},{"taxonomy":"product_tag","embeddable":true,"href":"https:\/\/shop.mittgard.de\/index.php?rest_route=%2Fwp%2Fv2%2Fproduct_tag&post=9058"}],"curies":[{"name":"wp","href":"https:\/\/api.w.org\/{rel}","templated":true}]}}