{"id":9159,"date":"2020-03-05T11:05:22","date_gmt":"2020-03-05T10:05:22","guid":{"rendered":"http:\/\/shop.mittgard.de\/?post_type=product&#038;p=9159"},"modified":"2024-12-16T10:08:56","modified_gmt":"2024-12-16T09:08:56","slug":"kuemmel-der-kleine-bergtroll","status":"publish","type":"product","link":"https:\/\/shop.mittgard.de\/?product=kuemmel-der-kleine-bergtroll","title":{"rendered":"K\u00fcmmel &#8222;Der kleine Bergtroll&#8220;"},"content":{"rendered":"<p>&#8222;Der kleine Bergtroll&#8220; erz\u00e4hlt die Geschichte von einem kleinen Monster, das zum gro\u00dfen Helden wird.<br \/>\nEin Bilderbuch zum Vorlesen, Anschauen und Tr\u00e4umen. F\u00fcr dich und deine kleine Prinzessin oder deinen kleinen Troll.<br \/>\nPappbilderbuch, ab 3 Jahre, 30 dicke stabile Papp-Seiten, komplett farbig illustriert<\/p>\n","protected":false},"excerpt":{"rendered":"<p>PB<\/p>\n","protected":false},"featured_media":9160,"template":"","meta":[],"product_brand":[],"product_cat":[197,185],"product_tag":[1005,391,1006,1004],"class_list":{"0":"post-9159","1":"product","2":"type-product","3":"status-publish","4":"has-post-thumbnail","6":"product_cat-kinderbuecher","7":"product_cat-literatur","8":"product_tag-kleinkind","9":"product_tag-maerchen","10":"product_tag-pappbuch","11":"product_tag-troll","12":"product_shipping_class-brief","14":"first","15":"onbackorder","16":"taxable","17":"shipping-taxable","18":"purchasable","19":"product-type-simple"},"_links":{"self":[{"href":"https:\/\/shop.mittgard.de\/index.php?rest_route=\/wp\/v2\/product\/9159","targetHints":{"allow":["GET"]}}],"collection":[{"href":"https:\/\/shop.mittgard.de\/index.php?rest_route=\/wp\/v2\/product"}],"about":[{"href":"https:\/\/shop.mittgard.de\/index.php?rest_route=\/wp\/v2\/types\/product"}],"wp:featuredmedia":[{"embeddable":true,"href":"https:\/\/shop.mittgard.de\/index.php?rest_route=\/wp\/v2\/media\/9160"}],"wp:attachment":[{"href":"https:\/\/shop.mittgard.de\/index.php?rest_route=%2Fwp%2Fv2%2Fmedia&parent=9159"}],"wp:term":[{"taxonomy":"product_brand","embeddable":true,"href":"https:\/\/shop.mittgard.de\/index.php?rest_route=%2Fwp%2Fv2%2Fproduct_brand&post=9159"},{"taxonomy":"product_cat","embeddable":true,"href":"https:\/\/shop.mittgard.de\/index.php?rest_route=%2Fwp%2Fv2%2Fproduct_cat&post=9159"},{"taxonomy":"product_tag","embeddable":true,"href":"https:\/\/shop.mittgard.de\/index.php?rest_route=%2Fwp%2Fv2%2Fproduct_tag&post=9159"}],"curies":[{"name":"wp","href":"https:\/\/api.w.org\/{rel}","templated":true}]}}