{"id":9164,"date":"2020-03-13T17:03:03","date_gmt":"2020-03-13T16:03:03","guid":{"rendered":"http:\/\/shop.mittgard.de\/?post_type=product&#038;p=9164"},"modified":"2025-07-07T10:18:02","modified_gmt":"2025-07-07T08:18:02","slug":"leinengarn-1-weiss","status":"publish","type":"product","link":"https:\/\/shop.mittgard.de\/?product=leinengarn-1-weiss","title":{"rendered":"Leinengarn 01 wei\u00df"},"content":{"rendered":"<p>Barkonie Leinengarn zum N\u00e4hen, Sticken oder Kl\u00f6ppeln<br \/>\nGarnst\u00e4rke NeL 50\/2, \u00e4hnlich Bockens 60\/3<br \/>\n1 Spule sind 200m<\/p>\n<p>weitere Farben nachbestellbar siehe Farbtabelle<\/p>\n","protected":false},"excerpt":{"rendered":"<p>Barkonie Leinengarn zum N\u00e4hen, Sticken oder Kl\u00f6ppeln Garnst\u00e4rke NeL 50\/2, \u00e4hnlich Bockens 60\/3 1 Spule sind 200m weitere Farben nachbestellbar siehe Farbtabelle<\/p>\n","protected":false},"featured_media":9165,"template":"","meta":[],"product_brand":[],"product_cat":[562,570],"product_tag":[801,1007,1008],"class_list":{"0":"post-9164","1":"product","2":"type-product","3":"status-publish","4":"has-post-thumbnail","6":"product_cat-gewandungen","7":"product_cat-naehzubehoer","8":"product_tag-leinen","9":"product_tag-naehgarn","10":"product_tag-weiss","11":"product_shipping_class-paket","13":"first","14":"instock","15":"taxable","16":"shipping-taxable","17":"purchasable","18":"product-type-simple"},"_links":{"self":[{"href":"https:\/\/shop.mittgard.de\/index.php?rest_route=\/wp\/v2\/product\/9164","targetHints":{"allow":["GET"]}}],"collection":[{"href":"https:\/\/shop.mittgard.de\/index.php?rest_route=\/wp\/v2\/product"}],"about":[{"href":"https:\/\/shop.mittgard.de\/index.php?rest_route=\/wp\/v2\/types\/product"}],"wp:featuredmedia":[{"embeddable":true,"href":"https:\/\/shop.mittgard.de\/index.php?rest_route=\/wp\/v2\/media\/9165"}],"wp:attachment":[{"href":"https:\/\/shop.mittgard.de\/index.php?rest_route=%2Fwp%2Fv2%2Fmedia&parent=9164"}],"wp:term":[{"taxonomy":"product_brand","embeddable":true,"href":"https:\/\/shop.mittgard.de\/index.php?rest_route=%2Fwp%2Fv2%2Fproduct_brand&post=9164"},{"taxonomy":"product_cat","embeddable":true,"href":"https:\/\/shop.mittgard.de\/index.php?rest_route=%2Fwp%2Fv2%2Fproduct_cat&post=9164"},{"taxonomy":"product_tag","embeddable":true,"href":"https:\/\/shop.mittgard.de\/index.php?rest_route=%2Fwp%2Fv2%2Fproduct_tag&post=9164"}],"curies":[{"name":"wp","href":"https:\/\/api.w.org\/{rel}","templated":true}]}}