{"id":9274,"date":"2020-04-22T13:31:38","date_gmt":"2020-04-22T11:31:38","guid":{"rendered":"http:\/\/shop.mittgard.de\/?post_type=product&#038;p=9274"},"modified":"2024-12-13T13:20:13","modified_gmt":"2024-12-13T12:20:13","slug":"greifvogelkopf-bronze","status":"publish","type":"product","link":"https:\/\/shop.mittgard.de\/?product=greifvogelkopf-bronze","title":{"rendered":"Greifvogelkopf Bronze"},"content":{"rendered":"<p>nachempfunden den Greifv\u00f6gelk\u00f6pfen auf dem Bamberger Reliquienk\u00e4stchen, das um 1000 in Schweden hergestellt wurde und die typische skandinavische Tierornamentik der Wikingerzeit zeigt<\/p>\n<p>Gr\u00f6\u00dfe ca. 2,90 x 2,40 cm<\/p>\n<p>Schmuckbronze inklusive Lederband<\/p>\n","protected":false},"excerpt":{"rendered":"<p>nachempfunden den Greifv\u00f6gelk\u00f6pfen auf dem Bamberger Reliquienk\u00e4stchen, das um 1000 in Schweden hergestellt wurde und die typische skandinavische Tierornamentik der Wikingerzeit zeigt Gr\u00f6\u00dfe ca. 2,90 x 2,40 cm Schmuckbronze inklusive Lederband<\/p>\n","protected":false},"featured_media":9275,"template":"","meta":[],"product_brand":[],"product_cat":[474,456,455],"product_tag":[1028,472,1030,394,1029],"class_list":{"0":"post-9274","1":"product","2":"type-product","3":"status-publish","4":"has-post-thumbnail","6":"product_cat-anhaenger","7":"product_cat-germanen-wikinger","8":"product_cat-schmuck","9":"product_tag-bamberg","10":"product_tag-bronze","11":"product_tag-greifvogel","12":"product_tag-schweden","13":"product_tag-tierornamentik","14":"product_shipping_class-brief","16":"first","17":"instock","18":"taxable","19":"shipping-taxable","20":"purchasable","21":"product-type-simple"},"_links":{"self":[{"href":"https:\/\/shop.mittgard.de\/index.php?rest_route=\/wp\/v2\/product\/9274","targetHints":{"allow":["GET"]}}],"collection":[{"href":"https:\/\/shop.mittgard.de\/index.php?rest_route=\/wp\/v2\/product"}],"about":[{"href":"https:\/\/shop.mittgard.de\/index.php?rest_route=\/wp\/v2\/types\/product"}],"wp:featuredmedia":[{"embeddable":true,"href":"https:\/\/shop.mittgard.de\/index.php?rest_route=\/wp\/v2\/media\/9275"}],"wp:attachment":[{"href":"https:\/\/shop.mittgard.de\/index.php?rest_route=%2Fwp%2Fv2%2Fmedia&parent=9274"}],"wp:term":[{"taxonomy":"product_brand","embeddable":true,"href":"https:\/\/shop.mittgard.de\/index.php?rest_route=%2Fwp%2Fv2%2Fproduct_brand&post=9274"},{"taxonomy":"product_cat","embeddable":true,"href":"https:\/\/shop.mittgard.de\/index.php?rest_route=%2Fwp%2Fv2%2Fproduct_cat&post=9274"},{"taxonomy":"product_tag","embeddable":true,"href":"https:\/\/shop.mittgard.de\/index.php?rest_route=%2Fwp%2Fv2%2Fproduct_tag&post=9274"}],"curies":[{"name":"wp","href":"https:\/\/api.w.org\/{rel}","templated":true}]}}