{"id":9306,"date":"2020-05-08T13:35:12","date_gmt":"2020-05-08T11:35:12","guid":{"rendered":"http:\/\/shop.mittgard.de\/?post_type=product&#038;p=9306"},"modified":"2024-12-15T12:15:32","modified_gmt":"2024-12-15T11:15:32","slug":"mueller-ralph-raus-in-die-wildnis","status":"publish","type":"product","link":"https:\/\/shop.mittgard.de\/?product=mueller-ralph-raus-in-die-wildnis","title":{"rendered":"M\u00fcller, Ralph &#8222;Raus in die Wildnis&#8220;"},"content":{"rendered":"<p>Praktisches Wissen f\u00fcr das Leben in der Natur<br \/>\nOb ein Wochenende unter freiem Himmel in den heimischen W\u00e4ldern oder eine mehrw\u00f6chige Kanutour in Schweden oder Kanada &#8211; Zeit in der Wildnis zu verbringen, ihre Stille, Einfachheit und Urspr\u00fcnglichkeit zu genie\u00dfen, ist eine heimliche Sehnsucht vieler Menschen.<br \/>\nDen passenden Lagerplatz finden und sein Zelt aufschlagen, einen Fisch fangen und am Lagerfeuer braten, Trinkwasser bereiten, Knotentechnik und einfache Werkzeuge, Tierspuren lesen. Dieses Buch verbindet das alte Wildniswissen unserer Vorfahren mit moderner Outdoortechnik und vermittelt einfaches und praktisches Wildnis-Knowhow f\u00fcr das Abenteuer drau\u00dfen in der Natur.<br \/>\nAlles, was es f\u00fcr ein sicheres und entspanntes Unterwegssein in der Wildnis braucht.<\/p>\n<p>Gebundene Ausgabe, 250 Seiten<\/p>\n","protected":false},"excerpt":{"rendered":"<p>Geb<\/p>\n","protected":false},"featured_media":9307,"template":"","meta":[],"product_brand":[],"product_cat":[186,185],"product_tag":[1032,1031,244,245,932],"class_list":{"0":"post-9306","1":"product","2":"type-product","3":"status-publish","4":"has-post-thumbnail","6":"product_cat-alternativ-leben","7":"product_cat-literatur","8":"product_tag-campen","9":"product_tag-outdoor","10":"product_tag-survival","11":"product_tag-ueberleben","12":"product_tag-wildnis","13":"product_shipping_class-paket","15":"first","16":"onbackorder","17":"taxable","18":"shipping-taxable","19":"purchasable","20":"product-type-simple"},"_links":{"self":[{"href":"https:\/\/shop.mittgard.de\/index.php?rest_route=\/wp\/v2\/product\/9306","targetHints":{"allow":["GET"]}}],"collection":[{"href":"https:\/\/shop.mittgard.de\/index.php?rest_route=\/wp\/v2\/product"}],"about":[{"href":"https:\/\/shop.mittgard.de\/index.php?rest_route=\/wp\/v2\/types\/product"}],"wp:featuredmedia":[{"embeddable":true,"href":"https:\/\/shop.mittgard.de\/index.php?rest_route=\/wp\/v2\/media\/9307"}],"wp:attachment":[{"href":"https:\/\/shop.mittgard.de\/index.php?rest_route=%2Fwp%2Fv2%2Fmedia&parent=9306"}],"wp:term":[{"taxonomy":"product_brand","embeddable":true,"href":"https:\/\/shop.mittgard.de\/index.php?rest_route=%2Fwp%2Fv2%2Fproduct_brand&post=9306"},{"taxonomy":"product_cat","embeddable":true,"href":"https:\/\/shop.mittgard.de\/index.php?rest_route=%2Fwp%2Fv2%2Fproduct_cat&post=9306"},{"taxonomy":"product_tag","embeddable":true,"href":"https:\/\/shop.mittgard.de\/index.php?rest_route=%2Fwp%2Fv2%2Fproduct_tag&post=9306"}],"curies":[{"name":"wp","href":"https:\/\/api.w.org\/{rel}","templated":true}]}}