{"id":9377,"date":"2020-06-14T14:05:12","date_gmt":"2020-06-14T12:05:12","guid":{"rendered":"http:\/\/shop.mittgard.de\/?post_type=product&#038;p=9377"},"modified":"2024-12-16T09:26:14","modified_gmt":"2024-12-16T08:26:14","slug":"kraemer-claus-mythen-und-sagen-der-kelten","status":"publish","type":"product","link":"https:\/\/shop.mittgard.de\/?product=kraemer-claus-mythen-und-sagen-der-kelten","title":{"rendered":"Kr\u00e4mer, Claus &#8222;Mythen und Sagen der Kelten&#8220;"},"content":{"rendered":"<p>Tauchen Sie ein in eine andere Welt&#8230;<\/p>\n<p>&#8230; die Ihnen mal unbekannt, mal wunderbar vertraut erscheinen mag: Denn aus der keltischen Mythologie haben sich durchaus das sp\u00e4tere Christentum, die M\u00e4rchenerz\u00e4hlung und die Literatur reichlich bedient.<\/p>\n<p>Ob G\u00f6tter-, Tier- und Pflanzenmythologie, Dingbeseelung und Anderswelt &#8211; der Autor bietet einen umfangreichen und spannenden \u00dcberblick zu den regional sehr unterschiedlichen Mythen- und Sagenkreisen der Kelten, erl\u00e4utert den Ursprung der oft nur m\u00fcndlich \u00fcberlieferten Erz\u00e4hlungen und beleuchtet die tiefere Bedeutung, die sich in mancher von ihnen verbirgt.<\/p>\n<p>Der Autor Claus Kr\u00e4mer (*1957) entstammt dem Volk der Jenischen, die ihre Herkunft mythologisch auf ein keltisches Volk im Rheintal beziehen. Er ist gelernter Zeitschriftenredakteur und hat mehrere B\u00fccher \u00fcber v\u00f6lkerkundliche und alternativmedizinische Themen geschrieben. Im Regionalia Verlag erschien von ihm <em>Die Kleine Keltenkunde, Allerley Narretey <\/em>und <em>Die gantze Wahrheyt von den Hexen und deren Zaubereyn.<\/em><\/p>\n<p><em>Gebundene Ausgabe, 160 Seiten<\/em><\/p>\n","protected":false},"excerpt":{"rendered":"<p>Geb<\/p>\n","protected":false},"featured_media":9378,"template":"","meta":[],"product_brand":[],"product_cat":[194,185],"product_tag":[313,356,305],"class_list":{"0":"post-9377","1":"product","2":"type-product","3":"status-publish","4":"has-post-thumbnail","6":"product_cat-kelten","7":"product_cat-literatur","8":"product_tag-kelten","9":"product_tag-mythologie","10":"product_tag-sagen","11":"product_shipping_class-paket","13":"first","14":"onbackorder","15":"taxable","16":"shipping-taxable","17":"purchasable","18":"product-type-simple"},"_links":{"self":[{"href":"https:\/\/shop.mittgard.de\/index.php?rest_route=\/wp\/v2\/product\/9377","targetHints":{"allow":["GET"]}}],"collection":[{"href":"https:\/\/shop.mittgard.de\/index.php?rest_route=\/wp\/v2\/product"}],"about":[{"href":"https:\/\/shop.mittgard.de\/index.php?rest_route=\/wp\/v2\/types\/product"}],"wp:featuredmedia":[{"embeddable":true,"href":"https:\/\/shop.mittgard.de\/index.php?rest_route=\/wp\/v2\/media\/9378"}],"wp:attachment":[{"href":"https:\/\/shop.mittgard.de\/index.php?rest_route=%2Fwp%2Fv2%2Fmedia&parent=9377"}],"wp:term":[{"taxonomy":"product_brand","embeddable":true,"href":"https:\/\/shop.mittgard.de\/index.php?rest_route=%2Fwp%2Fv2%2Fproduct_brand&post=9377"},{"taxonomy":"product_cat","embeddable":true,"href":"https:\/\/shop.mittgard.de\/index.php?rest_route=%2Fwp%2Fv2%2Fproduct_cat&post=9377"},{"taxonomy":"product_tag","embeddable":true,"href":"https:\/\/shop.mittgard.de\/index.php?rest_route=%2Fwp%2Fv2%2Fproduct_tag&post=9377"}],"curies":[{"name":"wp","href":"https:\/\/api.w.org\/{rel}","templated":true}]}}