{"id":9395,"date":"2020-06-14T14:44:26","date_gmt":"2020-06-14T12:44:26","guid":{"rendered":"http:\/\/shop.mittgard.de\/?post_type=product&#038;p=9395"},"modified":"2024-12-15T13:15:12","modified_gmt":"2024-12-15T12:15:12","slug":"magin-ulrich-magische-mosel","status":"publish","type":"product","link":"https:\/\/shop.mittgard.de\/?product=magin-ulrich-magische-mosel","title":{"rendered":"Magin, Ulrich &#8222;Magische Mosel&#8220;"},"content":{"rendered":"<p>Trotz blauem Himmel, Sonnenschein und Weinanbau &#8211; unter der idyllischen Landschaft der Mosel brodeln dunkle Geheimnisse.<\/p>\n<p>Schon die R\u00f6mer berichteten von riesigen Walen. In Trier und anderswo gehen Gespenster um. Vom Teufel bewahrte man gar eine Kralle auf. Schwarze Hunde und Katzen haben Wanderern einen geh\u00f6rigen Schrecken eingejagt, dazu kommen unheimliche Naturph\u00e4nomene in der Erde und in der Luft &#8211; und all das berichtet von Augenzeugen&#8230;<\/p>\n<p>Kaum eine Region in Deutschland weist eine solche F\u00fclle an geheimnisumwitterten Ruinen aus der Stein- und Bronzezeit, aus der Epoche der Kelten und R\u00f6mer oder aus dem Mittelalter auf. Hier finden sich H\u00fcnengr\u00e4ber, Hinkelsteine, seltsame r\u00f6mische Monumente und sogar das einzige Henge in Deutschland. Auf Schritt und Tritt raunt die Umgebung der Mosel von mysteri\u00f6sen, vergangenen Zeiten.<\/p>\n<p>Ulrich Magin, geboren 1962, arbeitet als freier Autor, \u00dcbersetzer und Lektor. Neben B\u00fcchern \u00fcber moderne Sagen und geheimnisvolle Ph\u00e4nomene (u.a. Trolle, Yetis, Tatzelw\u00fcrmer, Die Seeschlange vom Comer See) hat er zwei Romane sowie Artikel f\u00fcr Magazine wie Bild der Wissenschaft und Spektrum der Wissenschaft geschrieben.<\/p>\n<p>Gebundene Ausgabe, 160 Seiten<\/p>\n","protected":false},"excerpt":{"rendered":"<p>Geb<\/p>\n","protected":false},"featured_media":9396,"template":"","meta":[],"product_brand":[],"product_cat":[187,185,212],"product_tag":[546,1041,1040,305],"class_list":{"0":"post-9395","1":"product","2":"type-product","3":"status-publish","4":"has-post-thumbnail","6":"product_cat-alternativ-reisen","7":"product_cat-literatur","8":"product_cat-sagen","9":"product_tag-legenden","10":"product_tag-mosel","11":"product_tag-reisen","12":"product_tag-sagen","13":"product_shipping_class-paket","15":"first","16":"onbackorder","17":"taxable","18":"shipping-taxable","19":"purchasable","20":"product-type-simple"},"_links":{"self":[{"href":"https:\/\/shop.mittgard.de\/index.php?rest_route=\/wp\/v2\/product\/9395","targetHints":{"allow":["GET"]}}],"collection":[{"href":"https:\/\/shop.mittgard.de\/index.php?rest_route=\/wp\/v2\/product"}],"about":[{"href":"https:\/\/shop.mittgard.de\/index.php?rest_route=\/wp\/v2\/types\/product"}],"wp:featuredmedia":[{"embeddable":true,"href":"https:\/\/shop.mittgard.de\/index.php?rest_route=\/wp\/v2\/media\/9396"}],"wp:attachment":[{"href":"https:\/\/shop.mittgard.de\/index.php?rest_route=%2Fwp%2Fv2%2Fmedia&parent=9395"}],"wp:term":[{"taxonomy":"product_brand","embeddable":true,"href":"https:\/\/shop.mittgard.de\/index.php?rest_route=%2Fwp%2Fv2%2Fproduct_brand&post=9395"},{"taxonomy":"product_cat","embeddable":true,"href":"https:\/\/shop.mittgard.de\/index.php?rest_route=%2Fwp%2Fv2%2Fproduct_cat&post=9395"},{"taxonomy":"product_tag","embeddable":true,"href":"https:\/\/shop.mittgard.de\/index.php?rest_route=%2Fwp%2Fv2%2Fproduct_tag&post=9395"}],"curies":[{"name":"wp","href":"https:\/\/api.w.org\/{rel}","templated":true}]}}