{"id":9506,"date":"2020-08-24T15:17:34","date_gmt":"2020-08-24T13:17:34","guid":{"rendered":"http:\/\/shop.mittgard.de\/?post_type=product&#038;p=9506"},"modified":"2025-09-15T13:44:28","modified_gmt":"2025-09-15T11:44:28","slug":"van-org-luci-vagina-dentata","status":"publish","type":"product","link":"https:\/\/shop.mittgard.de\/?product=van-org-luci-vagina-dentata","title":{"rendered":"Org, Luci van &#8222;Vagina dentata&#8220;"},"content":{"rendered":"<p>Der Rat der G\u00f6tter ist in heller Aufregung und die neun Welten stehen Kopf. Dabei ist in der Menschenwelt eigentlich alles nur wieder so, wie es immer sein sollte &#8211; denn ein ganz entscheidendes Detail befindet sich endlich wieder an seinem rechtm\u00e4\u00dfigen Platz: das rasiermesserscharfe Gebiss&#8230; dort, wo es den Frauen am meisten n\u00fctzt.<\/p>\n<p>H\u00e4tten die Menschenm\u00e4nner ihnen diese Z\u00e4hne nicht heimt\u00fcckisch geraubt, damals vor 6000 Jahren, w\u00e4re ja sowieso alles ganz anders gekommen. Dann w\u00e4re aus dem Prinzip der gnadenlosen Auslese und der alleinigen weiblichen Herrschaft doch sowieso niemals das Prinzip der sanften, unterw\u00fcrfigen Empf\u00e4ngerin geworden&#8230;<\/p>\n<p>Jetzt allerdings betrachten Odin Allvater, Loki Chaosbringer und alle anderen m\u00e4nnlichen G\u00f6tterkollegen voller Sorge die mit einem Mal seltsam verkehrte Menschenwelt. Nicht nur k\u00f6nnen sich deren neue Herrscherinnen nun die empfindlichsten Bereiche der M\u00e4nner jederzeit gegen deren Willen einverleiben &#8211; zumindest theoretisch &#8211; auch sonst ist da unten in Midgard pl\u00f6tzlich alles ganz sch\u00f6n ungerecht. Das vor hundert Jahren erstrittene M\u00e4nnerwahlrecht und Ministerien f\u00fcr den Bereich &#8222;M\u00e4nner und Familie&#8220;, die mittlerweile sogar teilweise von M\u00e4nnern besetzt werden, sind da wirklich nur ein schwacher Trost&#8230;<\/p>\n<p>Luci van Org dreht in <em><strong>Vagina dentata <\/strong><\/em>den Spie\u00df genussvoll um. Um dabei gleichzeitig zu beweisen, dass Feminismus durchaus auch in zum Tr\u00e4nen lachen lustig geht &#8211; und ganz ohne m\u00e4nnerfeindlich zu sein.<\/p>\n<p>Politische Phantastik mit gestrecktem Mittel- statt erhobenem Zeigefinger und wie immer nat\u00fcrlich Luci-typisch durchgeknallt.<\/p>\n<p>Taschenbuch, 192 Seiten<\/p>\n","protected":false},"excerpt":{"rendered":"<p>PB<\/p>\n","protected":false},"featured_media":9507,"template":"","meta":[],"product_brand":[],"product_cat":[193,185,209],"product_tag":[1068,336,351,224],"class_list":{"0":"post-9506","1":"product","2":"type-product","3":"status-publish","4":"has-post-thumbnail","6":"product_cat-germanen","7":"product_cat-literatur","8":"product_cat-romane-dichtungen","9":"product_tag-feminismus","10":"product_tag-germanen","11":"product_tag-goetter","12":"product_tag-heidentum","13":"product_shipping_class-paket","15":"first","16":"onbackorder","17":"taxable","18":"shipping-taxable","19":"purchasable","20":"product-type-simple"},"_links":{"self":[{"href":"https:\/\/shop.mittgard.de\/index.php?rest_route=\/wp\/v2\/product\/9506","targetHints":{"allow":["GET"]}}],"collection":[{"href":"https:\/\/shop.mittgard.de\/index.php?rest_route=\/wp\/v2\/product"}],"about":[{"href":"https:\/\/shop.mittgard.de\/index.php?rest_route=\/wp\/v2\/types\/product"}],"wp:featuredmedia":[{"embeddable":true,"href":"https:\/\/shop.mittgard.de\/index.php?rest_route=\/wp\/v2\/media\/9507"}],"wp:attachment":[{"href":"https:\/\/shop.mittgard.de\/index.php?rest_route=%2Fwp%2Fv2%2Fmedia&parent=9506"}],"wp:term":[{"taxonomy":"product_brand","embeddable":true,"href":"https:\/\/shop.mittgard.de\/index.php?rest_route=%2Fwp%2Fv2%2Fproduct_brand&post=9506"},{"taxonomy":"product_cat","embeddable":true,"href":"https:\/\/shop.mittgard.de\/index.php?rest_route=%2Fwp%2Fv2%2Fproduct_cat&post=9506"},{"taxonomy":"product_tag","embeddable":true,"href":"https:\/\/shop.mittgard.de\/index.php?rest_route=%2Fwp%2Fv2%2Fproduct_tag&post=9506"}],"curies":[{"name":"wp","href":"https:\/\/api.w.org\/{rel}","templated":true}]}}