{"id":9528,"date":"2020-09-21T12:50:22","date_gmt":"2020-09-21T10:50:22","guid":{"rendered":"http:\/\/shop.mittgard.de\/?post_type=product&#038;p=9528"},"modified":"2024-12-15T12:33:02","modified_gmt":"2024-12-15T11:33:02","slug":"sievers-gerd-wolfgang-fleisch-einkochen","status":"publish","type":"product","link":"https:\/\/shop.mittgard.de\/?product=sievers-gerd-wolfgang-fleisch-einkochen","title":{"rendered":"Sievers, Gerd Wolfgang &#8222;Fleisch einkochen&#8220;"},"content":{"rendered":"<p>Fleisch einkochen leicht gemacht<\/p>\n<p>Die fast vergessene Kunst, Fleisch im eigenen Schmalz oder in einem Sulz-Schmalz-Gemisch haltbar zu machen, wird in diesem Buch neu interpretiert.<\/p>\n<p>Mit den \u00fcber 80 Rezepten gelingen bodenst\u00e4ndige deutsche und \u00f6sterreichische K\u00f6stlichkeiten wie Schweine- oder G\u00e4nseschmalz, K\u00fcbelfleisch, Pottsuse oder Leberwurst im Glas, Kalbsleberpastete oder Sulz, Mettwurst oder Fleischaufstriche ebenso wie franz\u00f6sische Klassiker (Rilettes, Rillons &amp; Confits) und international bekannte &#8222;Kult-Konserven&#8220; wie Salt, Pressed und Corned Beef.<\/p>\n<p>Aus dem Inhalt:<\/p>\n<ul>\n<li>Alles Wichtige zum Einkochen<\/li>\n<li>Aus dem Schmalztopf: Kr\u00e4uterschmalz, G\u00e4nsegrammeln, Rillons und Verhackertes<\/li>\n<li>Confits von Schwein, Huhn, Gans oder Ente<\/li>\n<li>Rilettes vom Mangalitzaschwein, Pottsuse oder Schmalzfleisch<\/li>\n<li>Le\u00a0 P\u00e2t\u00e9: Feine Pasteten f\u00fcr jeden Geschmack<\/li>\n<li>Wurst im Glas und Sulz<\/li>\n<\/ul>\n<p>Gebundene Ausgabe mit 168 Seiten<\/p>\n","protected":false},"excerpt":{"rendered":"<p>Geb<\/p>\n","protected":false},"featured_media":9529,"template":"","meta":[],"product_brand":[],"product_cat":[186,185,206],"product_tag":[1071,222,970,1072],"class_list":{"0":"post-9528","1":"product","2":"type-product","3":"status-publish","4":"has-post-thumbnail","6":"product_cat-alternativ-leben","7":"product_cat-literatur","8":"product_cat-naturkost","9":"product_tag-einkochen","10":"product_tag-fleisch","11":"product_tag-haltbar-machen","12":"product_tag-hausschlachten","13":"product_shipping_class-paket","15":"first","16":"onbackorder","17":"taxable","18":"shipping-taxable","19":"purchasable","20":"product-type-simple"},"_links":{"self":[{"href":"https:\/\/shop.mittgard.de\/index.php?rest_route=\/wp\/v2\/product\/9528","targetHints":{"allow":["GET"]}}],"collection":[{"href":"https:\/\/shop.mittgard.de\/index.php?rest_route=\/wp\/v2\/product"}],"about":[{"href":"https:\/\/shop.mittgard.de\/index.php?rest_route=\/wp\/v2\/types\/product"}],"wp:featuredmedia":[{"embeddable":true,"href":"https:\/\/shop.mittgard.de\/index.php?rest_route=\/wp\/v2\/media\/9529"}],"wp:attachment":[{"href":"https:\/\/shop.mittgard.de\/index.php?rest_route=%2Fwp%2Fv2%2Fmedia&parent=9528"}],"wp:term":[{"taxonomy":"product_brand","embeddable":true,"href":"https:\/\/shop.mittgard.de\/index.php?rest_route=%2Fwp%2Fv2%2Fproduct_brand&post=9528"},{"taxonomy":"product_cat","embeddable":true,"href":"https:\/\/shop.mittgard.de\/index.php?rest_route=%2Fwp%2Fv2%2Fproduct_cat&post=9528"},{"taxonomy":"product_tag","embeddable":true,"href":"https:\/\/shop.mittgard.de\/index.php?rest_route=%2Fwp%2Fv2%2Fproduct_tag&post=9528"}],"curies":[{"name":"wp","href":"https:\/\/api.w.org\/{rel}","templated":true}]}}