{"id":9543,"date":"2020-09-30T16:53:23","date_gmt":"2020-09-30T14:53:23","guid":{"rendered":"http:\/\/shop.mittgard.de\/?post_type=product&#038;p=9543"},"modified":"2024-12-15T15:28:31","modified_gmt":"2024-12-15T14:28:31","slug":"goos-gunivortus-illustriertes-lexikon-der-germanischen-gottheiten","status":"publish","type":"product","link":"https:\/\/shop.mittgard.de\/?product=goos-gunivortus-illustriertes-lexikon-der-germanischen-gottheiten","title":{"rendered":"Goos, Gunivortus &#8222;Illustriertes Lexikon der germanischen Gottheiten&#8220;"},"content":{"rendered":"<p style=\"text-align: left;\">Dieses Lexikon enth\u00e4lt Informationen \u00fcber 290 Gottheiten, die im weitesten Sinn germanisch genannt werden k\u00f6nnen, in alphabetischer Reihenfolge ihrer Namen. Ber\u00fccksichtigt wurden dabei<\/p>\n<ul>\n<li>Inschriften aus der R\u00f6merzeit (121), mit Abbildungen, soweit verf\u00fcgbar;<\/li>\n<li>Namen in Texten der mittelalterlichen skandinavischen und isl\u00e4ndischen Literatur (118);<\/li>\n<li>sonstige Quellen (51).<\/li>\n<\/ul>\n<p>Neben vorhandenen Schilderungen von Eigenschaften wird h\u00e4ufig aus der etymologischen Analyse des \u00fcberlieferten Namens versucht, auf Zust\u00e4ndigkeiten und Bedeutung der jeweiligen Gottheit zu schlie\u00dfen.<\/p>\n<p>Die Qualit\u00e4t der Quellen ist sehr unterschiedlich, alle haben ihre M\u00e4ngel und lassen viele Fragen offen. Das Lexikon versucht, dies alles so gut wie m\u00f6glich unmissverst\u00e4ndlich und kritisch darzulegen.<\/p>\n<p>Broschierte Ausgabe, 346 Seiten<\/p>\n","protected":false},"excerpt":{"rendered":"<p>Br<\/p>\n","protected":false},"featured_media":9544,"template":"","meta":[],"product_brand":[],"product_cat":[193,185,211],"product_tag":[318,1073,336,351,311],"class_list":{"0":"post-9543","1":"product","2":"type-product","3":"status-publish","4":"has-post-thumbnail","6":"product_cat-germanen","7":"product_cat-literatur","8":"product_cat-sachbuch-lexika","9":"product_tag-asatru","10":"product_tag-gardenstone","11":"product_tag-germanen","12":"product_tag-goetter","13":"product_tag-wikinger","14":"product_shipping_class-paket","16":"first","17":"onbackorder","18":"taxable","19":"shipping-taxable","20":"purchasable","21":"product-type-simple"},"_links":{"self":[{"href":"https:\/\/shop.mittgard.de\/index.php?rest_route=\/wp\/v2\/product\/9543","targetHints":{"allow":["GET"]}}],"collection":[{"href":"https:\/\/shop.mittgard.de\/index.php?rest_route=\/wp\/v2\/product"}],"about":[{"href":"https:\/\/shop.mittgard.de\/index.php?rest_route=\/wp\/v2\/types\/product"}],"wp:featuredmedia":[{"embeddable":true,"href":"https:\/\/shop.mittgard.de\/index.php?rest_route=\/wp\/v2\/media\/9544"}],"wp:attachment":[{"href":"https:\/\/shop.mittgard.de\/index.php?rest_route=%2Fwp%2Fv2%2Fmedia&parent=9543"}],"wp:term":[{"taxonomy":"product_brand","embeddable":true,"href":"https:\/\/shop.mittgard.de\/index.php?rest_route=%2Fwp%2Fv2%2Fproduct_brand&post=9543"},{"taxonomy":"product_cat","embeddable":true,"href":"https:\/\/shop.mittgard.de\/index.php?rest_route=%2Fwp%2Fv2%2Fproduct_cat&post=9543"},{"taxonomy":"product_tag","embeddable":true,"href":"https:\/\/shop.mittgard.de\/index.php?rest_route=%2Fwp%2Fv2%2Fproduct_tag&post=9543"}],"curies":[{"name":"wp","href":"https:\/\/api.w.org\/{rel}","templated":true}]}}