{"id":9551,"date":"2020-10-08T10:14:35","date_gmt":"2020-10-08T08:14:35","guid":{"rendered":"https:\/\/shop.mittgard.de\/?post_type=product&#038;p=9551"},"modified":"2024-12-15T15:25:40","modified_gmt":"2024-12-15T14:25:40","slug":"gardenstone-odin-ein-mythologischer-spaziergang","status":"publish","type":"product","link":"https:\/\/shop.mittgard.de\/?product=gardenstone-odin-ein-mythologischer-spaziergang","title":{"rendered":"Gardenstone &#8222;Odin &#8211; ein mythologischer Spaziergang&#8220;"},"content":{"rendered":"<p>\u00dcber Odin, den prominentesten Gott aus den Mythen und Sagen der nordischen V\u00f6lker, wurde schon sehr viel geschrieben. Trotzdem kennen gar nicht so viel Menschen tats\u00e4chlich die skandinavische Mythologie und Odins Rolle darin. Dieses Buch m\u00f6chte das \u00e4ndern.<\/p>\n<p>In einem &#8222;mythologischen Spaziergang&#8220; durch die einschl\u00e4gigem historischen Dokumente mit kurzen Aufenthalten bei insgesamt 35 Stationen werden eine ganze Reihe Aspekte des G\u00f6ttervaters beleuchtet.<\/p>\n<p>Mit Hilfe vieler Zitate wird die Aufmerksamkeit auch auf literarische Zeugnisse des Nordens gelenkt, wie die Prosa- und die Lieder-Edda und entsprechende Sagas. Genannt werden die alten Texte, weil uns in ihnen das Wissen \u00fcber Odin und viele andere Gottheiten aus der Wikingerzeit \u00fcberliefert wurde.<\/p>\n<p>Broschierte Ausgabe, 224 Seiten<\/p>\n","protected":false},"excerpt":{"rendered":"<p>Br<\/p>\n","protected":false},"featured_media":9552,"template":"","meta":[],"product_brand":[],"product_cat":[193,185,211],"product_tag":[318,348,336,351,358,1074,311],"class_list":{"0":"post-9551","1":"product","2":"type-product","3":"status-publish","4":"has-post-thumbnail","6":"product_cat-germanen","7":"product_cat-literatur","8":"product_cat-sachbuch-lexika","9":"product_tag-asatru","10":"product_tag-edda","11":"product_tag-germanen","12":"product_tag-goetter","13":"product_tag-odin","14":"product_tag-sagas","15":"product_tag-wikinger","16":"product_shipping_class-paket","18":"first","19":"onbackorder","20":"taxable","21":"shipping-taxable","22":"purchasable","23":"product-type-simple"},"_links":{"self":[{"href":"https:\/\/shop.mittgard.de\/index.php?rest_route=\/wp\/v2\/product\/9551","targetHints":{"allow":["GET"]}}],"collection":[{"href":"https:\/\/shop.mittgard.de\/index.php?rest_route=\/wp\/v2\/product"}],"about":[{"href":"https:\/\/shop.mittgard.de\/index.php?rest_route=\/wp\/v2\/types\/product"}],"wp:featuredmedia":[{"embeddable":true,"href":"https:\/\/shop.mittgard.de\/index.php?rest_route=\/wp\/v2\/media\/9552"}],"wp:attachment":[{"href":"https:\/\/shop.mittgard.de\/index.php?rest_route=%2Fwp%2Fv2%2Fmedia&parent=9551"}],"wp:term":[{"taxonomy":"product_brand","embeddable":true,"href":"https:\/\/shop.mittgard.de\/index.php?rest_route=%2Fwp%2Fv2%2Fproduct_brand&post=9551"},{"taxonomy":"product_cat","embeddable":true,"href":"https:\/\/shop.mittgard.de\/index.php?rest_route=%2Fwp%2Fv2%2Fproduct_cat&post=9551"},{"taxonomy":"product_tag","embeddable":true,"href":"https:\/\/shop.mittgard.de\/index.php?rest_route=%2Fwp%2Fv2%2Fproduct_tag&post=9551"}],"curies":[{"name":"wp","href":"https:\/\/api.w.org\/{rel}","templated":true}]}}