{"id":9572,"date":"2020-10-16T16:19:26","date_gmt":"2020-10-16T14:19:26","guid":{"rendered":"https:\/\/shop.mittgard.de\/?post_type=product&#038;p=9572"},"modified":"2024-12-15T15:47:10","modified_gmt":"2024-12-15T14:47:10","slug":"meyer-volker-als-donar-frey-und-loki-ausgeschlafen-haben","status":"publish","type":"product","link":"https:\/\/shop.mittgard.de\/?product=meyer-volker-als-donar-frey-und-loki-ausgeschlafen-haben","title":{"rendered":"Meyer, Volker &#8222;Als Donar, Frey und Loki ausgeschlafen haben&#8220;"},"content":{"rendered":"<p>Ein humorvolles Zurechtfinden der alten Hohen im Hier und Jetzt<br \/>\nWas w\u00e4re wenn die alten G\u00f6tter Nord- und Mitteleuropas nach langem Schlaf wieder erwachen w\u00fcrden?<br \/>\nWie w\u00fcrden Sie sich im Hier und Jetzt der Moderne zurechtfinden?<br \/>\nDieser Roman behandelt auf humorvolle Weise genau dies.<\/p>\n<p>Wer kann sich vorstellen welch lustige Anekdoten sich ergeben k\u00f6nnten, wenn alte G\u00f6tter aus Spa\u00df einen Stammtisch von heutigen Neuheiden besuchen w\u00fcrden? Was w\u00fcrden sie erleben bei einer Bahnfahrt mit der Deutschen Bahn? Und welche Erlebnisse k\u00f6nnten wohl auf einem Treffen von Neuheiden auf einer Burg in Hessen auf sie warten? Es gibt viel Neues zu erfahren f\u00fcr alte G\u00f6tter in moderner Zeit, manches ist aber auch gar nicht so neu f\u00fcr sie, wie zum Beispiel die ewige Furcht vor dem &#8222;berechtigten&#8220; Zorn der eigenen Frau. Weder f\u00fcr G\u00f6tter noch f\u00fcr Menschen.<\/p>\n<p>Broschierte Ausgabe, 123 Seiten<\/p>\n","protected":false},"excerpt":{"rendered":"<p>Br<\/p>\n","protected":false},"featured_media":9573,"template":"","meta":[],"product_brand":[],"product_cat":[193,185,209],"product_tag":[1037,336,351,311],"class_list":{"0":"post-9572","1":"product","2":"type-product","3":"status-publish","4":"has-post-thumbnail","6":"product_cat-germanen","7":"product_cat-literatur","8":"product_cat-romane-dichtungen","9":"product_tag-eldaring","10":"product_tag-germanen","11":"product_tag-goetter","12":"product_tag-wikinger","13":"product_shipping_class-brief","15":"first","16":"onbackorder","17":"taxable","18":"shipping-taxable","19":"purchasable","20":"product-type-simple"},"_links":{"self":[{"href":"https:\/\/shop.mittgard.de\/index.php?rest_route=\/wp\/v2\/product\/9572","targetHints":{"allow":["GET"]}}],"collection":[{"href":"https:\/\/shop.mittgard.de\/index.php?rest_route=\/wp\/v2\/product"}],"about":[{"href":"https:\/\/shop.mittgard.de\/index.php?rest_route=\/wp\/v2\/types\/product"}],"wp:featuredmedia":[{"embeddable":true,"href":"https:\/\/shop.mittgard.de\/index.php?rest_route=\/wp\/v2\/media\/9573"}],"wp:attachment":[{"href":"https:\/\/shop.mittgard.de\/index.php?rest_route=%2Fwp%2Fv2%2Fmedia&parent=9572"}],"wp:term":[{"taxonomy":"product_brand","embeddable":true,"href":"https:\/\/shop.mittgard.de\/index.php?rest_route=%2Fwp%2Fv2%2Fproduct_brand&post=9572"},{"taxonomy":"product_cat","embeddable":true,"href":"https:\/\/shop.mittgard.de\/index.php?rest_route=%2Fwp%2Fv2%2Fproduct_cat&post=9572"},{"taxonomy":"product_tag","embeddable":true,"href":"https:\/\/shop.mittgard.de\/index.php?rest_route=%2Fwp%2Fv2%2Fproduct_tag&post=9572"}],"curies":[{"name":"wp","href":"https:\/\/api.w.org\/{rel}","templated":true}]}}