{"id":9585,"date":"2020-10-19T14:55:15","date_gmt":"2020-10-19T12:55:15","guid":{"rendered":"https:\/\/shop.mittgard.de\/?post_type=product&#038;p=9585"},"modified":"2024-12-12T16:35:29","modified_gmt":"2024-12-12T15:35:29","slug":"stoffbeutel-paisley-weinrot","status":"publish","type":"product","link":"https:\/\/shop.mittgard.de\/?product=stoffbeutel-paisley-weinrot","title":{"rendered":"Stoffbeutel &#8222;Paisley&#8220; weinrot"},"content":{"rendered":"<p>100% wei\u00dfe Baumwolle, bedruckt mit weinrotem Paisleymuster<\/p>\n<p>29 x 43 cm, maschinengen\u00e4ht<\/p>\n<p>f\u00fcr den umweltfreundlichen Einkauf<\/p>\n","protected":false},"excerpt":{"rendered":"<p>100% wei\u00dfe Baumwolle, bedruckt mit weinrotem Paisleymuster 29 x 43 cm, maschinengen\u00e4ht f\u00fcr den umweltfreundlichen Einkauf<\/p>\n","protected":false},"featured_media":9586,"template":"","meta":[],"product_brand":[],"product_cat":[569,562],"product_tag":[605],"class_list":{"0":"post-9585","1":"product","2":"type-product","3":"status-publish","4":"has-post-thumbnail","6":"product_cat-beutel-und-taschen","7":"product_cat-gewandungen","8":"product_tag-einkaufstasche","9":"product_shipping_class-brief","11":"first","12":"instock","13":"taxable","14":"shipping-taxable","15":"purchasable","16":"product-type-simple"},"_links":{"self":[{"href":"https:\/\/shop.mittgard.de\/index.php?rest_route=\/wp\/v2\/product\/9585","targetHints":{"allow":["GET"]}}],"collection":[{"href":"https:\/\/shop.mittgard.de\/index.php?rest_route=\/wp\/v2\/product"}],"about":[{"href":"https:\/\/shop.mittgard.de\/index.php?rest_route=\/wp\/v2\/types\/product"}],"wp:featuredmedia":[{"embeddable":true,"href":"https:\/\/shop.mittgard.de\/index.php?rest_route=\/wp\/v2\/media\/9586"}],"wp:attachment":[{"href":"https:\/\/shop.mittgard.de\/index.php?rest_route=%2Fwp%2Fv2%2Fmedia&parent=9585"}],"wp:term":[{"taxonomy":"product_brand","embeddable":true,"href":"https:\/\/shop.mittgard.de\/index.php?rest_route=%2Fwp%2Fv2%2Fproduct_brand&post=9585"},{"taxonomy":"product_cat","embeddable":true,"href":"https:\/\/shop.mittgard.de\/index.php?rest_route=%2Fwp%2Fv2%2Fproduct_cat&post=9585"},{"taxonomy":"product_tag","embeddable":true,"href":"https:\/\/shop.mittgard.de\/index.php?rest_route=%2Fwp%2Fv2%2Fproduct_tag&post=9585"}],"curies":[{"name":"wp","href":"https:\/\/api.w.org\/{rel}","templated":true}]}}