{"id":9686,"date":"2020-11-09T09:36:48","date_gmt":"2020-11-09T08:36:48","guid":{"rendered":"https:\/\/shop.mittgard.de\/?post_type=product&#038;p=9686"},"modified":"2024-12-15T15:13:55","modified_gmt":"2024-12-15T14:13:55","slug":"diverse-walhalla-die-gesammelte-saga-band-2","status":"publish","type":"product","link":"https:\/\/shop.mittgard.de\/?product=diverse-walhalla-die-gesammelte-saga-band-2","title":{"rendered":"Diverse &#8222;Walhalla &#8211; Die gesammelte Saga&#8220; Band 2"},"content":{"rendered":"<p>Nach Utgard &#8211; und zur\u00fcck!<\/p>\n<p>Die Walhalla-Reihe mit ihren f\u00fcnfzehn Alben war f\u00fcr viele Menschen der erste Ber\u00fchrungspunkt mit der nordischen Mythologie. Das lag nicht zuletzt daran, dass die Comicreihe mit gro\u00dfem Erfolg verfilmt wurde. Dieser Band beinhaltet unter anderem jede Menge bislang unver\u00f6ffentlichter Vorstudien zum Film und zum Comic sowie einen Strip zum Entstehungsprozess eines Zeichentrickfilms.<\/p>\n<p>B\u00e4nde 1 bis 5 von Walhalla: Die gesammelte Saga enthalten alle Geschichten aus den 15 Alben der Walhalla-Serie sowie jede Menge Bonusmaterial. Jeder Band der Saga wartet au\u00dferdem mit Texten zu den Originalmythen auf. Wir folgen dem spannenden Weg vom Mythos zum Comic, der ges\u00e4umt ist von h\u00fcbschen Illustrationen, alternativen Titelseiten, Plakaten und Skizzen&#8230; massenhaft Skizzen!<\/p>\n<p>Dieser Band enth\u00e4lt die Geschichten<\/p>\n<p>4. Quark trumpft auf<br \/>\n5. Im Reich der Riesen<br \/>\n6. Die goldenen \u00c4pfel<\/p>\n<p>Gebunden Ausgabe, Gro\u00dfformat, 196 Seiten<\/p>\n","protected":false},"excerpt":{"rendered":"<p>Geb<\/p>\n","protected":false},"featured_media":9687,"template":"","meta":[],"product_brand":[],"product_cat":[193,197,185],"product_tag":[318,876,336,311],"class_list":{"0":"post-9686","1":"product","2":"type-product","3":"status-publish","4":"has-post-thumbnail","6":"product_cat-germanen","7":"product_cat-kinderbuecher","8":"product_cat-literatur","9":"product_tag-asatru","10":"product_tag-comic","11":"product_tag-germanen","12":"product_tag-wikinger","13":"product_shipping_class-paket","15":"first","16":"outofstock","17":"taxable","18":"shipping-taxable","19":"purchasable","20":"product-type-simple"},"_links":{"self":[{"href":"https:\/\/shop.mittgard.de\/index.php?rest_route=\/wp\/v2\/product\/9686","targetHints":{"allow":["GET"]}}],"collection":[{"href":"https:\/\/shop.mittgard.de\/index.php?rest_route=\/wp\/v2\/product"}],"about":[{"href":"https:\/\/shop.mittgard.de\/index.php?rest_route=\/wp\/v2\/types\/product"}],"wp:featuredmedia":[{"embeddable":true,"href":"https:\/\/shop.mittgard.de\/index.php?rest_route=\/wp\/v2\/media\/9687"}],"wp:attachment":[{"href":"https:\/\/shop.mittgard.de\/index.php?rest_route=%2Fwp%2Fv2%2Fmedia&parent=9686"}],"wp:term":[{"taxonomy":"product_brand","embeddable":true,"href":"https:\/\/shop.mittgard.de\/index.php?rest_route=%2Fwp%2Fv2%2Fproduct_brand&post=9686"},{"taxonomy":"product_cat","embeddable":true,"href":"https:\/\/shop.mittgard.de\/index.php?rest_route=%2Fwp%2Fv2%2Fproduct_cat&post=9686"},{"taxonomy":"product_tag","embeddable":true,"href":"https:\/\/shop.mittgard.de\/index.php?rest_route=%2Fwp%2Fv2%2Fproduct_tag&post=9686"}],"curies":[{"name":"wp","href":"https:\/\/api.w.org\/{rel}","templated":true}]}}