{"id":9728,"date":"2020-11-25T11:24:36","date_gmt":"2020-11-25T10:24:36","guid":{"rendered":"https:\/\/shop.mittgard.de\/?post_type=product&#038;p=9728"},"modified":"2024-12-15T12:09:47","modified_gmt":"2024-12-15T11:09:47","slug":"kraemer-susanne-schamanische-naturrituale","status":"publish","type":"product","link":"https:\/\/shop.mittgard.de\/?product=kraemer-susanne-schamanische-naturrituale","title":{"rendered":"Kr\u00e4mer, Susanne &#8222;Schamanische Naturrituale&#8220;"},"content":{"rendered":"<p>Mit der Kraft der Natur zu sich finden<\/p>\n<p>Gelebter Schamanismus schenkt Kraft<\/p>\n<p>Das schamanische Weltbild \u00fcbt heute auf viele Menschen eine magische Anziehungskraft aus. Das Bed\u00fcrfnis nach Einheit und Erdung wird in unserem hektischen Alltag immer gr\u00f6\u00dfer. Mit bestimmten Techniken, die unsere Sinne f\u00f6rdern, und rituellen Gegenst\u00e4nden k\u00f6nnen wir innehalten und uns heilsam mit der Natur verbinden. Ob im Stadtwald, im Schrebergarten oder zu Hause &#8211; Natur findet sich \u00fcberall.<\/p>\n<ul>\n<li>Mit der Natur eins werden &#8211; Durch \u00dcbungen die Wahrnehmung und das F\u00fchlen schulen.<\/li>\n<li>Altbew\u00e4hrtes Wissen der Ahnen &#8211; Die Schutzwirkung von neun Meisterpflanzen und elf Krafttieren kennenlernen.<\/li>\n<li>Schamanische Techniken kennenlernen &#8211; Mit Trommeln, Rasseln und Singen durchs Leben tanzen und innerlich frei werden<\/li>\n<li>Starke Naturrituale f\u00fcr die heutige Zeit &#8211; Zeremonien rund um Hochzeit, Geburt, Abschied sowie weitere Lebensphasen erlernen und anwenden.<\/li>\n<\/ul>\n<p>Susanne Kr\u00e4mer ist praktizierende Schamanin, spirituelle Heilerin und Ritualfrau. Sie lebt inmitten der Natur des Nationalparks Hohe Tauern in K\u00e4rnten, \u00d6sterreich.<\/p>\n<p>Broschiert, 96 Seiten<\/p>\n","protected":false},"excerpt":{"rendered":"<p>PB<\/p>\n","protected":false},"featured_media":9729,"template":"","meta":[],"product_brand":[],"product_cat":[186,195,185],"product_tag":[223,382,365],"class_list":{"0":"post-9728","1":"product","2":"type-product","3":"status-publish","4":"has-post-thumbnail","6":"product_cat-alternativ-leben","7":"product_cat-hexentum-schamanismus","8":"product_cat-literatur","9":"product_tag-naturreligion","10":"product_tag-rituale","11":"product_tag-schamanismus","12":"product_shipping_class-brief","14":"first","15":"instock","16":"taxable","17":"shipping-taxable","18":"purchasable","19":"product-type-simple"},"_links":{"self":[{"href":"https:\/\/shop.mittgard.de\/index.php?rest_route=\/wp\/v2\/product\/9728","targetHints":{"allow":["GET"]}}],"collection":[{"href":"https:\/\/shop.mittgard.de\/index.php?rest_route=\/wp\/v2\/product"}],"about":[{"href":"https:\/\/shop.mittgard.de\/index.php?rest_route=\/wp\/v2\/types\/product"}],"wp:featuredmedia":[{"embeddable":true,"href":"https:\/\/shop.mittgard.de\/index.php?rest_route=\/wp\/v2\/media\/9729"}],"wp:attachment":[{"href":"https:\/\/shop.mittgard.de\/index.php?rest_route=%2Fwp%2Fv2%2Fmedia&parent=9728"}],"wp:term":[{"taxonomy":"product_brand","embeddable":true,"href":"https:\/\/shop.mittgard.de\/index.php?rest_route=%2Fwp%2Fv2%2Fproduct_brand&post=9728"},{"taxonomy":"product_cat","embeddable":true,"href":"https:\/\/shop.mittgard.de\/index.php?rest_route=%2Fwp%2Fv2%2Fproduct_cat&post=9728"},{"taxonomy":"product_tag","embeddable":true,"href":"https:\/\/shop.mittgard.de\/index.php?rest_route=%2Fwp%2Fv2%2Fproduct_tag&post=9728"}],"curies":[{"name":"wp","href":"https:\/\/api.w.org\/{rel}","templated":true}]}}