{"id":9753,"date":"2020-12-02T14:05:49","date_gmt":"2020-12-02T13:05:49","guid":{"rendered":"https:\/\/shop.mittgard.de\/?post_type=product&#038;p=9753"},"modified":"2024-12-16T10:01:52","modified_gmt":"2024-12-16T09:01:52","slug":"gebr-grimm-grimms-maerchen","status":"publish","type":"product","link":"https:\/\/shop.mittgard.de\/?product=gebr-grimm-grimms-maerchen","title":{"rendered":"Gebr. Grimm &#8222;Grimm&#8217;s M\u00e4rchen&#8220;"},"content":{"rendered":"<p>vollst\u00e4ndige Ausgabe mit Illustrationen von Otto Ubbelohde<\/p>\n<p>Kein anderes Werk deutscher Sprache ist weltweit so bekannt und verbreitet wie die M\u00e4rchensammlung der Br\u00fcder Jacob und Wilhelm Grimm.<\/p>\n<p>Die Bezeichnung &#8222;Grimms M\u00e4rchen&#8220; ist zum Synonym f\u00fcr den ganzen Reichtum und vielfarbigen Glanz des deutschsprachigen M\u00e4rchenschatzes geworden.<\/p>\n<p>Akribisch sichteten und \u00fcberarbeiteten die Br\u00fcder die \u00fcberlieferten Geschichten und formten sie zu gro\u00dfer Dichtung.<\/p>\n<p>Dieser Band pr\u00e4sentiert die vollst\u00e4ndige Ausgabe der &#8222;Kinder- und Hausm\u00e4rchen&#8220; mit 444 Illustrationen des Jugendstilk\u00fcnstlers Otto Ubbelohde.<\/p>\n<p>Gebundene Ausgabe auf 944 Seiten<\/p>\n","protected":false},"excerpt":{"rendered":"<p>Geb<\/p>\n","protected":false},"featured_media":9754,"template":"","meta":[],"product_brand":[],"product_cat":[197,185,213],"product_tag":[499,391],"class_list":{"0":"post-9753","1":"product","2":"type-product","3":"status-publish","4":"has-post-thumbnail","6":"product_cat-kinderbuecher","7":"product_cat-literatur","8":"product_cat-maerchen","9":"product_tag-gebrueder-grimm","10":"product_tag-maerchen","11":"product_shipping_class-paket","13":"first","14":"onbackorder","15":"taxable","16":"shipping-taxable","17":"purchasable","18":"product-type-simple"},"_links":{"self":[{"href":"https:\/\/shop.mittgard.de\/index.php?rest_route=\/wp\/v2\/product\/9753","targetHints":{"allow":["GET"]}}],"collection":[{"href":"https:\/\/shop.mittgard.de\/index.php?rest_route=\/wp\/v2\/product"}],"about":[{"href":"https:\/\/shop.mittgard.de\/index.php?rest_route=\/wp\/v2\/types\/product"}],"wp:featuredmedia":[{"embeddable":true,"href":"https:\/\/shop.mittgard.de\/index.php?rest_route=\/wp\/v2\/media\/9754"}],"wp:attachment":[{"href":"https:\/\/shop.mittgard.de\/index.php?rest_route=%2Fwp%2Fv2%2Fmedia&parent=9753"}],"wp:term":[{"taxonomy":"product_brand","embeddable":true,"href":"https:\/\/shop.mittgard.de\/index.php?rest_route=%2Fwp%2Fv2%2Fproduct_brand&post=9753"},{"taxonomy":"product_cat","embeddable":true,"href":"https:\/\/shop.mittgard.de\/index.php?rest_route=%2Fwp%2Fv2%2Fproduct_cat&post=9753"},{"taxonomy":"product_tag","embeddable":true,"href":"https:\/\/shop.mittgard.de\/index.php?rest_route=%2Fwp%2Fv2%2Fproduct_tag&post=9753"}],"curies":[{"name":"wp","href":"https:\/\/api.w.org\/{rel}","templated":true}]}}