{"id":9846,"date":"2021-01-13T10:33:17","date_gmt":"2021-01-13T09:33:17","guid":{"rendered":"https:\/\/shop.mittgard.de\/?post_type=product&#038;p=9846"},"modified":"2024-12-16T11:12:32","modified_gmt":"2024-12-16T10:12:32","slug":"ricci-dr-patricia-wilde-kraeuter-fuer-wilde-frauen","status":"publish","type":"product","link":"https:\/\/shop.mittgard.de\/?product=ricci-dr-patricia-wilde-kraeuter-fuer-wilde-frauen","title":{"rendered":"Ricci, Dr. Patricia &#8222;wilde Kr\u00e4uter f\u00fcr wilde Frauen&#8220;"},"content":{"rendered":"<p>Arzneipflanzen aus der traditionellen europ\u00e4ischen Medizin f\u00fcr den gesamten weiblichen Zyklus &#8211; von Nestkr\u00e4utern bis zum wilden Wechsel<\/p>\n<p>Wilde Pflanzenarzneien f\u00fcr die eigene Frauen-Naturapotheke<\/p>\n<p>Die Wissen- und Wiesenschaftlerin Patricia Ricci f\u00fchrt durch den gesamten weiblichen Zyklus. Von der ersten Periode \u00fcber PMS, Nestkr\u00e4uter f\u00fcr Kinderwunsch, \u00fcber Schwangerschaft, Geburt und Wochenbett, sinnliche Sexualit\u00e4t, bis zu den Wechseljahren &#8211; die traditionelle europ\u00e4ische Medizin bietet viele einfache Anwendungen f\u00fcr ein ganzes Frauenleben.<\/p>\n<p>Anschaulich und einpr\u00e4gsam zeigen sich die Pflanzen auf den farbenpr\u00e4chtigen, sinnlichen Fotografien. Die Wirkungen und Anwendungen werden klar dargestellt. So ist eine sichere Selbstanwendung m\u00f6glich.<\/p>\n<p>Impulse f\u00fcr ein wildes Frauenleben im Zyklus der Natur und der weiblichen Archetypen runden die Reise ab.<\/p>\n<p>\u00dcbersicht der Wirkstoffe<br \/>\n5 x 5 Kr\u00e4uterportraits<br \/>\nNaturmedizinische Grundrezepte<br \/>\nHerstellung gr\u00fcner Kosmetik<br \/>\nGeschichten, Magie und Mythen<br \/>\nVegane Wildkr\u00e4uterk\u00fcche<\/p>\n<p>Gebundene Ausgabe, 176 Seiten<\/p>\n","protected":false},"excerpt":{"rendered":"<p>Geb<\/p>\n","protected":false},"featured_media":9847,"template":"","meta":[],"product_brand":[],"product_cat":[186,185,201],"product_tag":[378,366,1090,1089],"class_list":{"0":"post-9846","1":"product","2":"type-product","3":"status-publish","4":"has-post-thumbnail","6":"product_cat-alternativ-leben","7":"product_cat-literatur","8":"product_cat-naturheilkunde-kraeuterwissen","9":"product_tag-frauen","10":"product_tag-kraeuter","11":"product_tag-naturmedizin","12":"product_tag-zyklus","13":"product_shipping_class-paket","15":"first","16":"onbackorder","17":"taxable","18":"shipping-taxable","19":"purchasable","20":"product-type-simple"},"_links":{"self":[{"href":"https:\/\/shop.mittgard.de\/index.php?rest_route=\/wp\/v2\/product\/9846","targetHints":{"allow":["GET"]}}],"collection":[{"href":"https:\/\/shop.mittgard.de\/index.php?rest_route=\/wp\/v2\/product"}],"about":[{"href":"https:\/\/shop.mittgard.de\/index.php?rest_route=\/wp\/v2\/types\/product"}],"wp:featuredmedia":[{"embeddable":true,"href":"https:\/\/shop.mittgard.de\/index.php?rest_route=\/wp\/v2\/media\/9847"}],"wp:attachment":[{"href":"https:\/\/shop.mittgard.de\/index.php?rest_route=%2Fwp%2Fv2%2Fmedia&parent=9846"}],"wp:term":[{"taxonomy":"product_brand","embeddable":true,"href":"https:\/\/shop.mittgard.de\/index.php?rest_route=%2Fwp%2Fv2%2Fproduct_brand&post=9846"},{"taxonomy":"product_cat","embeddable":true,"href":"https:\/\/shop.mittgard.de\/index.php?rest_route=%2Fwp%2Fv2%2Fproduct_cat&post=9846"},{"taxonomy":"product_tag","embeddable":true,"href":"https:\/\/shop.mittgard.de\/index.php?rest_route=%2Fwp%2Fv2%2Fproduct_tag&post=9846"}],"curies":[{"name":"wp","href":"https:\/\/api.w.org\/{rel}","templated":true}]}}