{"id":9939,"date":"2021-02-07T14:25:07","date_gmt":"2021-02-07T13:25:07","guid":{"rendered":"https:\/\/shop.mittgard.de\/?post_type=product&#038;p=9939"},"modified":"2026-01-29T09:30:41","modified_gmt":"2026-01-29T08:30:41","slug":"kleeblattfibel-3-bronze","status":"publish","type":"product","link":"https:\/\/shop.mittgard.de\/?product=kleeblattfibel-3-bronze","title":{"rendered":"Kleeblattfibel 3 Bronze"},"content":{"rendered":"<p>im Borre-Stil mit 3 \u00d6sen zum Einh\u00e4ngen von Wikingerketten u.a.<\/p>\n<p>\u00d8 5 cm Bronze<\/p>\n<p>Kleeblattfibeln wurden zumeist zum Verschlie\u00dfen von Umh\u00e4ngen und M\u00e4nteln verwendet<\/p>\n","protected":false},"excerpt":{"rendered":"<p>im Borre-Stil mit 3 \u00d6sen zum Einh\u00e4ngen von Wikingerketten u.a. \u00d8 5 cm Bronze Kleeblattfibeln wurden zumeist zum Verschlie\u00dfen von Umh\u00e4ngen und M\u00e4nteln verwendet<\/p>\n","protected":false},"featured_media":9940,"template":"","meta":[],"product_brand":[],"product_cat":[475,456,455],"product_tag":[472,611,311],"class_list":{"0":"post-9939","1":"product","2":"type-product","3":"status-publish","4":"has-post-thumbnail","6":"product_cat-fibeln","7":"product_cat-germanen-wikinger","8":"product_cat-schmuck","9":"product_tag-bronze","10":"product_tag-gewandschliesse","11":"product_tag-wikinger","12":"product_shipping_class-brief","14":"first","15":"onbackorder","16":"taxable","17":"shipping-taxable","18":"purchasable","19":"product-type-simple"},"_links":{"self":[{"href":"https:\/\/shop.mittgard.de\/index.php?rest_route=\/wp\/v2\/product\/9939","targetHints":{"allow":["GET"]}}],"collection":[{"href":"https:\/\/shop.mittgard.de\/index.php?rest_route=\/wp\/v2\/product"}],"about":[{"href":"https:\/\/shop.mittgard.de\/index.php?rest_route=\/wp\/v2\/types\/product"}],"wp:featuredmedia":[{"embeddable":true,"href":"https:\/\/shop.mittgard.de\/index.php?rest_route=\/wp\/v2\/media\/9940"}],"wp:attachment":[{"href":"https:\/\/shop.mittgard.de\/index.php?rest_route=%2Fwp%2Fv2%2Fmedia&parent=9939"}],"wp:term":[{"taxonomy":"product_brand","embeddable":true,"href":"https:\/\/shop.mittgard.de\/index.php?rest_route=%2Fwp%2Fv2%2Fproduct_brand&post=9939"},{"taxonomy":"product_cat","embeddable":true,"href":"https:\/\/shop.mittgard.de\/index.php?rest_route=%2Fwp%2Fv2%2Fproduct_cat&post=9939"},{"taxonomy":"product_tag","embeddable":true,"href":"https:\/\/shop.mittgard.de\/index.php?rest_route=%2Fwp%2Fv2%2Fproduct_tag&post=9939"}],"curies":[{"name":"wp","href":"https:\/\/api.w.org\/{rel}","templated":true}]}}