{"id":9985,"date":"2021-03-12T16:22:32","date_gmt":"2021-03-12T15:22:32","guid":{"rendered":"https:\/\/shop.mittgard.de\/?post_type=product&#038;p=9985"},"modified":"2025-09-15T15:17:45","modified_gmt":"2025-09-15T13:17:45","slug":"diverse-lehrgang-fuer-bautischler","status":"publish","type":"product","link":"https:\/\/shop.mittgard.de\/?product=diverse-lehrgang-fuer-bautischler","title":{"rendered":"Diverse &#8222;Lehrgang f\u00fcr Bautischler&#8220;"},"content":{"rendered":"<p>&#8230; f\u00fcr planm\u00e4\u00dfige praktische Ausbildung und f\u00fcr den technischen Unterricht<\/p>\n<p>Der Bautischler f\u00fchrt alle Holzarbeiten eines Hauses aus: Fu\u00dfb\u00f6den, Fensterrahmen, Gel\u00e4nder, Holztreppen, Holzt\u00fcren, Tore, T\u00fcrrahmen, Vert\u00e4felungen, Jalousien, Klappl\u00e4den, Verkleidungen, und viele andere Holzgegenst\u00e4nde.<\/p>\n<p>Dieser Lehrgang aus den 1930er Jahren zeigt dem angehenden Bautischler-Lehrling die verschiedenen Arbeiten und erkl\u00e4rt sie mit reichem Bildmaterial.<\/p>\n<p>Das Buch besteht aus den Teilen 1-3 des Lehrgangs (vollst\u00e4ndig).<\/p>\n<p>Der erste Teil zeigt einfache Tischlerarbeiten und Holzarbeiten wie Auswahl und Lagerung des Rohmaterials, Hobeln, Verzinken, Schleifen von Hobelmessern, verschiedene g\u00e4ngige Holzverbindungen, Keilverbindungen usw.<\/p>\n<p>Der zweite Teil zeigt vor allem die Fensterrahmen-Konstruktionen, T\u00fcren nach verschiedenen Arten, das richtige Ma\u00dfnehmen und die Verlegung von Holzfu\u00dfb\u00f6den.<\/p>\n<p>Der dritte Teil zeigt schwierigere Arbeiten des Treppenbaus &#8211; von der einfach Holz-Bautreppe bis hin zu geschwungenen Treppen mit Gel\u00e4ndern &#8211; zeigt weitere Innenausbauten und zeigt die Grundlagen des Austragens, Anrei\u00dfen und Projizierens.<\/p>\n<p>Nachdruck der Ausgabe von 1930-1936 in einem Band. Hunderte Abbildungen zeigen genauestens die einzelnen Arbeitsschritte.<\/p>\n<p>Weicheinband, 17 x 24 cm, 180 Seiten, Neuware.<\/p>\n","protected":false},"excerpt":{"rendered":"<p>Br<\/p>\n","protected":false},"featured_media":9986,"template":"","meta":[],"product_brand":[],"product_cat":[188,185],"product_tag":[250,1100,220],"class_list":{"0":"post-9985","1":"product","2":"type-product","3":"status-publish","4":"has-post-thumbnail","6":"product_cat-altes-handwerk","7":"product_cat-literatur","8":"product_tag-hausbau","9":"product_tag-holzarbeiten","10":"product_tag-selbstversorger","11":"product_shipping_class-paket","13":"first","14":"instock","15":"taxable","16":"shipping-taxable","17":"purchasable","18":"product-type-simple"},"_links":{"self":[{"href":"https:\/\/shop.mittgard.de\/index.php?rest_route=\/wp\/v2\/product\/9985","targetHints":{"allow":["GET"]}}],"collection":[{"href":"https:\/\/shop.mittgard.de\/index.php?rest_route=\/wp\/v2\/product"}],"about":[{"href":"https:\/\/shop.mittgard.de\/index.php?rest_route=\/wp\/v2\/types\/product"}],"wp:featuredmedia":[{"embeddable":true,"href":"https:\/\/shop.mittgard.de\/index.php?rest_route=\/wp\/v2\/media\/9986"}],"wp:attachment":[{"href":"https:\/\/shop.mittgard.de\/index.php?rest_route=%2Fwp%2Fv2%2Fmedia&parent=9985"}],"wp:term":[{"taxonomy":"product_brand","embeddable":true,"href":"https:\/\/shop.mittgard.de\/index.php?rest_route=%2Fwp%2Fv2%2Fproduct_brand&post=9985"},{"taxonomy":"product_cat","embeddable":true,"href":"https:\/\/shop.mittgard.de\/index.php?rest_route=%2Fwp%2Fv2%2Fproduct_cat&post=9985"},{"taxonomy":"product_tag","embeddable":true,"href":"https:\/\/shop.mittgard.de\/index.php?rest_route=%2Fwp%2Fv2%2Fproduct_tag&post=9985"}],"curies":[{"name":"wp","href":"https:\/\/api.w.org\/{rel}","templated":true}]}}