{"id":9990,"date":"2021-03-12T16:32:26","date_gmt":"2021-03-12T15:32:26","guid":{"rendered":"https:\/\/shop.mittgard.de\/?post_type=product&#038;p=9990"},"modified":"2025-09-18T13:18:53","modified_gmt":"2025-09-18T11:18:53","slug":"diverse-lehrgang-fuer-zimmerer","status":"publish","type":"product","link":"https:\/\/shop.mittgard.de\/?product=diverse-lehrgang-fuer-zimmerer","title":{"rendered":"Diverse &#8222;Lehrgang f\u00fcr Zimmerer&#8220;"},"content":{"rendered":"<div id=\"tab_description\" class=\"tab-pane active\">\n<p>&#8230; f\u00fcr planm\u00e4\u00dfige praktische Ausbildung und f\u00fcr den technischen Unterricht<\/p>\n<p>Dieser Lehrgang aus dem Jahre 1929 umfasst drei Teile in einem Band:<\/p>\n<p>1. Teil: Grundlagen und die Holzverbindungen des Zimmerers<\/p>\n<p>2. Teil: Die Holzverbindungen in Zusammenhang mit ganzen Bauteilen des Zimmererhandwerks, sowie Beispiele f\u00fcr die Ausf\u00fchrung h\u00e4ufig vorkommender Arbeiten in Stadt und Land.<\/p>\n<p>3. Teil: Bringt als Abschluss dieses Lehrgangs die Arbeiten, die gute handwerkliche F\u00e4higkeiten verlangen, andererseits auch diejenigen, die ein gewisses Ma\u00df an theoretischem Wissen voraussetzen.<\/p>\n<p>Dieses Buch ist eines der umfangreichsten B\u00fccher \u00fcber die einzelnen Arbeitsschritte des Zimmerers. Besonders die zahlreichen Detailzeichnungen und der leichtfa\u00dfliche Aufbau von \u00bbleichten Arbeiten\u00ab bis hin zu \u00bbschweren Arbeiten\u00ab macht dieses Buch interessant.<\/p>\n<p>Nachdruck der Ausgabe von 1929, ca. A5-Format, Taschenbuch, 177 Seiten.<\/p>\n<\/div>\n","protected":false},"excerpt":{"rendered":"<p>Br<\/p>\n","protected":false},"featured_media":23236,"template":"","meta":[],"product_brand":[],"product_cat":[188,185],"product_tag":[250,1100,220],"class_list":{"0":"post-9990","1":"product","2":"type-product","3":"status-publish","4":"has-post-thumbnail","6":"product_cat-altes-handwerk","7":"product_cat-literatur","8":"product_tag-hausbau","9":"product_tag-holzarbeiten","10":"product_tag-selbstversorger","11":"product_shipping_class-paket","13":"first","14":"instock","15":"taxable","16":"shipping-taxable","17":"purchasable","18":"product-type-simple"},"_links":{"self":[{"href":"https:\/\/shop.mittgard.de\/index.php?rest_route=\/wp\/v2\/product\/9990","targetHints":{"allow":["GET"]}}],"collection":[{"href":"https:\/\/shop.mittgard.de\/index.php?rest_route=\/wp\/v2\/product"}],"about":[{"href":"https:\/\/shop.mittgard.de\/index.php?rest_route=\/wp\/v2\/types\/product"}],"wp:featuredmedia":[{"embeddable":true,"href":"https:\/\/shop.mittgard.de\/index.php?rest_route=\/wp\/v2\/media\/23236"}],"wp:attachment":[{"href":"https:\/\/shop.mittgard.de\/index.php?rest_route=%2Fwp%2Fv2%2Fmedia&parent=9990"}],"wp:term":[{"taxonomy":"product_brand","embeddable":true,"href":"https:\/\/shop.mittgard.de\/index.php?rest_route=%2Fwp%2Fv2%2Fproduct_brand&post=9990"},{"taxonomy":"product_cat","embeddable":true,"href":"https:\/\/shop.mittgard.de\/index.php?rest_route=%2Fwp%2Fv2%2Fproduct_cat&post=9990"},{"taxonomy":"product_tag","embeddable":true,"href":"https:\/\/shop.mittgard.de\/index.php?rest_route=%2Fwp%2Fv2%2Fproduct_tag&post=9990"}],"curies":[{"name":"wp","href":"https:\/\/api.w.org\/{rel}","templated":true}]}}